{"id":1290,"date":"2021-09-27T14:56:38","date_gmt":"2021-09-27T12:56:38","guid":{"rendered":"http:\/\/testingdomain.dk\/?page_id=1290"},"modified":"2023-10-13T15:24:53","modified_gmt":"2023-10-13T13:24:53","slug":"generelle-betingelser-for-programmeringsopgaver","status":"publish","type":"page","link":"https:\/\/tscomputer.dk\/de\/generelle-betingelser-for-programmeringsopgaver\/","title":{"rendered":"Bedingungen f\u00fcr Programmieraufgaben"},"content":{"rendered":"<div data-elementor-type=\"wp-page\" data-elementor-id=\"1290\" class=\"elementor elementor-1290\" data-elementor-post-type=\"page\">\n\t\t\t\t<div class=\"elementor-element elementor-element-2f030f8 e-con-full e-flex e-con e-parent\" data-id=\"2f030f8\" data-element_type=\"container\" data-e-type=\"container\">\n\t\t<div class=\"elementor-element elementor-element-4c719a6 e-con-full e-flex e-con e-child\" data-id=\"4c719a6\" data-element_type=\"container\" data-e-type=\"container\">\n\t\t<div class=\"elementor-element elementor-element-5e0eac6 e-con-full e-flex e-con e-child\" data-id=\"5e0eac6\" data-element_type=\"container\" data-e-type=\"container\">\n\t\t\t\t<div class=\"elementor-element elementor-element-b4873bb elementor-widget-tablet__width-initial elementor-widget__width-inherit elementor-widget elementor-widget-heading\" data-id=\"b4873bb\" data-element_type=\"widget\" data-e-type=\"widget\" data-widget_type=\"heading.default\">\n\t\t\t\t<div class=\"elementor-widget-container\">\n\t\t\t\t\t<h4 class=\"elementor-heading-title elementor-size-default\">BETINGELSER FOR PROGRAMMERINGS-OPGAVER<\/h4>\t\t\t\t<\/div>\n\t\t\t\t<\/div>\n\t\t\t\t<div class=\"elementor-element elementor-element-fb70291 elementor-widget__width-inherit elementor-widget elementor-widget-text-editor\" data-id=\"fb70291\" data-element_type=\"widget\" data-e-type=\"widget\" data-widget_type=\"text-editor.default\">\n\t\t\t\t<div class=\"elementor-widget-container\">\n\t\t\t\t\t\t\t\t\t<p>Generelle betingelser for programmeringsopgaver<\/p>\t\t\t\t\t\t\t\t<\/div>\n\t\t\t\t<\/div>\n\t\t\t\t<\/div>\n\t\t<div class=\"elementor-element elementor-element-9dd4760 e-con-full e-flex e-con e-child\" data-id=\"9dd4760\" data-element_type=\"container\" data-e-type=\"container\">\n\t\t\t\t<div class=\"elementor-element elementor-element-0169fbd elementor-widget__width-inherit elementor-widget elementor-widget-text-editor\" data-id=\"0169fbd\" data-element_type=\"widget\" data-e-type=\"widget\" data-widget_type=\"text-editor.default\">\n\t\t\t\t<div class=\"elementor-widget-container\">\n\t\t\t\t\t\t\t\t\t<p>Den 14. august 2022<\/p><p>H A N D E L S B E T I N G E L S E R<br \/>for <strong>programmeringsopgaver<\/strong><\/p><p>Nedenst\u00e5ende udg\u00f8r handelsbetingelser for abonnementsordninger fra:<\/p><p>TS Computer ApS<br \/>Rytoften 5B, 2. sal<br \/>8210 Aarhus V<br \/>CVR-nummer 31417945<\/p>\t\t\t\t\t\t\t\t<\/div>\n\t\t\t\t<\/div>\n\t\t\t\t<\/div>\n\t\t\t\t<\/div>\n\t\t\t\t<div class=\"elementor-element elementor-element-620e22b elementor-widget elementor-widget-text-editor\" data-id=\"620e22b\" data-element_type=\"widget\" data-e-type=\"widget\" data-widget_type=\"text-editor.default\">\n\t\t\t\t<div class=\"elementor-widget-container\">\n\t\t\t\t\t\t\t\t\t<p>1.<strong> INDLEDNING<\/strong><br>N\u00e6rv\u00e6rende handelsbetingelser suppleres af de generelle handelsbetingelser for programmeringsopgaver mellem TS Computer ApS (herefter \u201dTS Computer\u201d) og kunden (herefter \u201dKunden\u201d), til sammen kaldet \u201dParterne\u201d.<br>I tilf\u00e6lde af uoverensstemmelse mellem n\u00e6rv\u00e6rende betingelser og de generelle handelsbetingelser, g\u00e6lder n\u00e6rv\u00e6rende betingelser.<br>N\u00e6rv\u00e6rende vilk\u00e5r finder anvendelse p\u00e5 alle aftaler om udvikling af programmel\/software foretaget af TS Computer for Kunden.<\/p>\n<p>2. <strong>Bedingungen<\/strong><br>Kunden opn\u00e5r en tidsubegr\u00e6nset, ikke-overdragelig og ikke-eksklusiv ret til at benytte det af TS Computer udviklede software til l\u00f8sning af de opgaver og i det anl\u00e6g, hvortil det er anskaffet og alene til det form\u00e5l og de antal brugere, som Kunden har oplyst TS Computer.<br>S\u00e5fremt Kunden anvender softwaren til andre form\u00e5l end det mellem Parterne aftalte, vil der foreligge v\u00e6sentlig misligholdelse, og TS Computer er i s\u00e5 fald berettiget til at oph\u00e6ve Parternes aftale, hvorefter Kunden skal tilbagelevere det k\u00f8bte og indstille enhver brug. Kunden vil ikke v\u00e6re berettiget til tilbagebetaling af k\u00f8besummen, hverken helt eller delvist, s\u00e5fremt aftalen oph\u00e6ves som f\u00f8lge af Kundens misligholdelse.<br>S\u00e5fremt Kunden foretager program\u00e6ndringer uden TS Computers forudg\u00e5ende, skriftlige samtykke, bortfalder TS Computers forpligtelser i relation til softwaren, herunder pligten til at afhj\u00e6lpe eventuelle mangler og udf\u00f8re vedligeholdelse.<\/p>\n<p><\/p>\n<p>3. <strong>IMMATERIELLE RETTIGHEDER<\/strong><br>Softwaren og den dertilh\u00f8rende dokumentation er ophavsretligt beskyttet og samtlige rettigheder hertil tilh\u00f8rer TS Computer. Der m\u00e5 s\u00e5ledes ikke ske eksemplarfremstilling, reproduktion, offentligg\u00f8relse eller overf\u00f8rsel til tredjemand uden TS Computers forudg\u00e5ende, skriftlige samtykke og da kun i det omfang det er n\u00f8dvendigt for at opfylde form\u00e5let som oplyst til TS Computer.<br>TS Computer ApS<br>Generelle betingelser for programmeringsopgaver<br>Den 14. august 2022<\/p>\n<p>Kunden er forpligtet til at behandle softwaren og den dertilh\u00f8rende dokumentation p\u00e5 en s\u00e5dan m\u00e5de, at uberettiget kopiering eller misbrug fra tredjemand forhindres. Alene Kundens egne ansatte m\u00e5 benytte softwaren, medmindre der forel\u00e6gger forudg\u00e5ende, skriftlige samtykke fra TS Computer, og da kun i det omfang det er n\u00f8dvendigt for at opfylde form\u00e5let som oplyst til TS Computer.<br>Kildekoden til den leverede software er fortrolig. Kildekoden m\u00e5 ikke tilbageovers\u00e6ttes i form af reverse engineering eller lignende.<\/p>\t\t\t\t\t\t\t\t<\/div>\n\t\t\t\t<\/div>\n\t\t\t\t<\/div>\n\t\t\t\t<\/div>","protected":false},"excerpt":{"rendered":"<p>BETINGELSER FOR PROGRAMMERINGS-OPGAVER Generelle betingelser for programmeringsopgaver Den 14. august 2022 H A N D E L S B E T I N G E L S E R for programmeringsopgaver Nedenst\u00e5ende udg\u00f8r handelsbetingelser for abonnementsordninger fra: TS Computer ApS Rytoften 5B, 2. sal 8210 Aarhus V CVR-nummer 31417945 1. INDLEDNING N\u00e6rv\u00e6rende handelsbetingelser suppleres af [&hellip;]<\/p>\n","protected":false},"author":3,"featured_media":0,"parent":0,"menu_order":0,"comment_status":"closed","ping_status":"closed","template":"elementor_header_footer","meta":{"footnotes":""},"class_list":["post-1290","page","type-page","status-publish","hentry"],"yoast_head":"<!-- This site is optimized with the Yoast SEO plugin v27.5 - https:\/\/yoast.com\/product\/yoast-seo-wordpress\/ -->\n<title>Betingelser for programmeringsopgaver - TS Computer<\/title>\n<meta name=\"description\" content=\"Generelle handelsbetingelser for programmeringsopgaver er g\u00e6ldende n\u00e5r du handler med TS Computer. L\u00e6s mere p\u00e5 vores hjemmeside.\" \/>\n<meta name=\"robots\" content=\"index, follow, max-snippet:-1, max-image-preview:large, max-video-preview:-1\" \/>\n<link rel=\"canonical\" href=\"https:\/\/tscomputer.dk\/de\/generelle-betingelser-for-programmeringsopgaver\/\" \/>\n<meta property=\"og:locale\" content=\"de_DE\" \/>\n<meta property=\"og:type\" content=\"article\" \/>\n<meta property=\"og:title\" content=\"Betingelser for programmeringsopgaver - TS Computer\" \/>\n<meta property=\"og:description\" content=\"Generelle handelsbetingelser for programmeringsopgaver er g\u00e6ldende n\u00e5r du handler med TS Computer. L\u00e6s mere p\u00e5 vores hjemmeside.\" \/>\n<meta property=\"og:url\" content=\"https:\/\/tscomputer.dk\/de\/generelle-betingelser-for-programmeringsopgaver\/\" \/>\n<meta property=\"og:site_name\" content=\"TS Computer\" \/>\n<meta property=\"article:modified_time\" content=\"2023-10-13T13:24:53+00:00\" \/>\n<meta name=\"twitter:card\" content=\"summary_large_image\" \/>\n<meta name=\"twitter:label1\" content=\"Gesch\u00e4tzte Lesezeit\" \/>\n\t<meta name=\"twitter:data1\" content=\"1\u00a0Minute\" \/>\n<script type=\"application\/ld+json\" class=\"yoast-schema-graph\">{\"@context\":\"https:\\\/\\\/schema.org\",\"@graph\":[{\"@type\":\"WebPage\",\"@id\":\"https:\\\/\\\/tscomputer.dk\\\/generelle-betingelser-for-programmeringsopgaver\\\/\",\"url\":\"https:\\\/\\\/tscomputer.dk\\\/generelle-betingelser-for-programmeringsopgaver\\\/\",\"name\":\"Betingelser for programmeringsopgaver - TS Computer\",\"isPartOf\":{\"@id\":\"https:\\\/\\\/tscomputer.dk\\\/#website\"},\"datePublished\":\"2021-09-27T12:56:38+00:00\",\"dateModified\":\"2023-10-13T13:24:53+00:00\",\"description\":\"Generelle handelsbetingelser for programmeringsopgaver er g\u00e6ldende n\u00e5r du handler med TS Computer. L\u00e6s mere p\u00e5 vores hjemmeside.\",\"inLanguage\":\"de\",\"potentialAction\":[{\"@type\":\"ReadAction\",\"target\":[\"https:\\\/\\\/tscomputer.dk\\\/generelle-betingelser-for-programmeringsopgaver\\\/\"]}]},{\"@type\":\"WebSite\",\"@id\":\"https:\\\/\\\/tscomputer.dk\\\/#website\",\"url\":\"https:\\\/\\\/tscomputer.dk\\\/\",\"name\":\"TS Computer\",\"description\":\"Din personlige IT-Leverand\u00f8r\",\"publisher\":{\"@id\":\"https:\\\/\\\/tscomputer.dk\\\/#organization\"},\"potentialAction\":[{\"@type\":\"SearchAction\",\"target\":{\"@type\":\"EntryPoint\",\"urlTemplate\":\"https:\\\/\\\/tscomputer.dk\\\/?s={search_term_string}\"},\"query-input\":{\"@type\":\"PropertyValueSpecification\",\"valueRequired\":true,\"valueName\":\"search_term_string\"}}],\"inLanguage\":\"de\"},{\"@type\":\"Organization\",\"@id\":\"https:\\\/\\\/tscomputer.dk\\\/#organization\",\"name\":\"TS Computer\",\"url\":\"https:\\\/\\\/tscomputer.dk\\\/\",\"logo\":{\"@type\":\"ImageObject\",\"inLanguage\":\"de\",\"@id\":\"https:\\\/\\\/tscomputer.dk\\\/#\\\/schema\\\/logo\\\/image\\\/\",\"url\":\"https:\\\/\\\/tscomputer.dk\\\/wp-content\\\/uploads\\\/2021\\\/09\\\/midligeretidige-logo.png\",\"contentUrl\":\"https:\\\/\\\/tscomputer.dk\\\/wp-content\\\/uploads\\\/2021\\\/09\\\/midligeretidige-logo.png\",\"width\":202,\"height\":52,\"caption\":\"TS Computer\"},\"image\":{\"@id\":\"https:\\\/\\\/tscomputer.dk\\\/#\\\/schema\\\/logo\\\/image\\\/\"}}]}<\/script>\n<!-- \/ Yoast SEO plugin. -->","yoast_head_json":{"title":"Betingelser for programmeringsopgaver - TS Computer","description":"Generelle handelsbetingelser for programmeringsopgaver er g\u00e6ldende n\u00e5r du handler med TS Computer. L\u00e6s mere p\u00e5 vores hjemmeside.","robots":{"index":"index","follow":"follow","max-snippet":"max-snippet:-1","max-image-preview":"max-image-preview:large","max-video-preview":"max-video-preview:-1"},"canonical":"https:\/\/tscomputer.dk\/de\/generelle-betingelser-for-programmeringsopgaver\/","og_locale":"de_DE","og_type":"article","og_title":"Betingelser for programmeringsopgaver - TS Computer","og_description":"Generelle handelsbetingelser for programmeringsopgaver er g\u00e6ldende n\u00e5r du handler med TS Computer. L\u00e6s mere p\u00e5 vores hjemmeside.","og_url":"https:\/\/tscomputer.dk\/de\/generelle-betingelser-for-programmeringsopgaver\/","og_site_name":"TS Computer","article_modified_time":"2023-10-13T13:24:53+00:00","twitter_card":"summary_large_image","twitter_misc":{"Gesch\u00e4tzte Lesezeit":"1\u00a0Minute"},"schema":{"@context":"https:\/\/schema.org","@graph":[{"@type":"WebPage","@id":"https:\/\/tscomputer.dk\/generelle-betingelser-for-programmeringsopgaver\/","url":"https:\/\/tscomputer.dk\/generelle-betingelser-for-programmeringsopgaver\/","name":"Betingelser for programmeringsopgaver - TS Computer","isPartOf":{"@id":"https:\/\/tscomputer.dk\/#website"},"datePublished":"2021-09-27T12:56:38+00:00","dateModified":"2023-10-13T13:24:53+00:00","description":"Generelle handelsbetingelser for programmeringsopgaver er g\u00e6ldende n\u00e5r du handler med TS Computer. L\u00e6s mere p\u00e5 vores hjemmeside.","inLanguage":"de","potentialAction":[{"@type":"ReadAction","target":["https:\/\/tscomputer.dk\/generelle-betingelser-for-programmeringsopgaver\/"]}]},{"@type":"WebSite","@id":"https:\/\/tscomputer.dk\/#website","url":"https:\/\/tscomputer.dk\/","name":"TS Computer","description":"Din personlige IT-Leverand\u00f8r","publisher":{"@id":"https:\/\/tscomputer.dk\/#organization"},"potentialAction":[{"@type":"SearchAction","target":{"@type":"EntryPoint","urlTemplate":"https:\/\/tscomputer.dk\/?s={search_term_string}"},"query-input":{"@type":"PropertyValueSpecification","valueRequired":true,"valueName":"search_term_string"}}],"inLanguage":"de"},{"@type":"Organization","@id":"https:\/\/tscomputer.dk\/#organization","name":"TS Computer","url":"https:\/\/tscomputer.dk\/","logo":{"@type":"ImageObject","inLanguage":"de","@id":"https:\/\/tscomputer.dk\/#\/schema\/logo\/image\/","url":"https:\/\/tscomputer.dk\/wp-content\/uploads\/2021\/09\/midligeretidige-logo.png","contentUrl":"https:\/\/tscomputer.dk\/wp-content\/uploads\/2021\/09\/midligeretidige-logo.png","width":202,"height":52,"caption":"TS Computer"},"image":{"@id":"https:\/\/tscomputer.dk\/#\/schema\/logo\/image\/"}}]}},"_links":{"self":[{"href":"https:\/\/tscomputer.dk\/de\/wp-json\/wp\/v2\/pages\/1290","targetHints":{"allow":["GET"]}}],"collection":[{"href":"https:\/\/tscomputer.dk\/de\/wp-json\/wp\/v2\/pages"}],"about":[{"href":"https:\/\/tscomputer.dk\/de\/wp-json\/wp\/v2\/types\/page"}],"author":[{"embeddable":true,"href":"https:\/\/tscomputer.dk\/de\/wp-json\/wp\/v2\/users\/3"}],"replies":[{"embeddable":true,"href":"https:\/\/tscomputer.dk\/de\/wp-json\/wp\/v2\/comments?post=1290"}],"version-history":[{"count":39,"href":"https:\/\/tscomputer.dk\/de\/wp-json\/wp\/v2\/pages\/1290\/revisions"}],"predecessor-version":[{"id":5164,"href":"https:\/\/tscomputer.dk\/de\/wp-json\/wp\/v2\/pages\/1290\/revisions\/5164"}],"wp:attachment":[{"href":"https:\/\/tscomputer.dk\/de\/wp-json\/wp\/v2\/media?parent=1290"}],"curies":[{"name":"wp","href":"https:\/\/api.w.org\/{rel}","templated":true}]}}