{"id":5888,"date":"2025-01-08T12:48:34","date_gmt":"2025-01-08T11:48:34","guid":{"rendered":"https:\/\/tscomputer.dk\/?page_id=5888"},"modified":"2025-11-11T12:26:50","modified_gmt":"2025-11-11T11:26:50","slug":"personaleudlejning","status":"publish","type":"page","link":"https:\/\/tscomputer.dk\/de\/personaleudlejning\/","title":{"rendered":"Personalverleih"},"content":{"rendered":"<div data-elementor-type=\"wp-page\" data-elementor-id=\"5888\" class=\"elementor elementor-5888\" data-elementor-post-type=\"page\">\n\t\t\t\t<div class=\"elementor-element elementor-element-8a052c9 e-con-full e-flex e-con e-parent\" data-id=\"8a052c9\" data-element_type=\"container\" data-e-type=\"container\" data-settings=\"{&quot;background_background&quot;:&quot;classic&quot;}\">\n\t\t\t\t<div class=\"elementor-element elementor-element-e43d0e9 elementor-align-left elementor-widget elementor-widget-breadcrumbs\" data-id=\"e43d0e9\" data-element_type=\"widget\" data-e-type=\"widget\" data-widget_type=\"breadcrumbs.default\">\n\t\t\t\t<div class=\"elementor-widget-container\">\n\t\t\t\t\t<p id=\"breadcrumbs\"><\/p>\t\t\t\t<\/div>\n\t\t\t\t<\/div>\n\t\t<div class=\"elementor-element elementor-element-096ec16 e-con-full e-flex e-con e-child\" data-id=\"096ec16\" data-element_type=\"container\" data-e-type=\"container\">\n\t\t<div class=\"elementor-element elementor-element-a6301a0 e-con-full e-flex e-con e-child\" data-id=\"a6301a0\" data-element_type=\"container\" data-e-type=\"container\">\n\t\t\t\t<div class=\"elementor-element elementor-element-c759293 elementor-widget elementor-widget-heading\" data-id=\"c759293\" data-element_type=\"widget\" data-e-type=\"widget\" data-widget_type=\"heading.default\">\n\t\t\t\t<div class=\"elementor-widget-container\">\n\t\t\t\t\t<h1 class=\"elementor-heading-title elementor-size-default\">Externe IT-Fachkr\u00e4fte auf Zeit<\/h1>\t\t\t\t<\/div>\n\t\t\t\t<\/div>\n\t\t\t\t<\/div>\n\t\t<div class=\"elementor-element elementor-element-3e58da4 e-con-full e-flex e-con e-child\" data-id=\"3e58da4\" data-element_type=\"container\" data-e-type=\"container\">\n\t\t\t\t<div class=\"elementor-element elementor-element-08bbc5c elementor-widget-divider--view-line elementor-widget elementor-widget-divider\" data-id=\"08bbc5c\" data-element_type=\"widget\" data-e-type=\"widget\" data-widget_type=\"divider.default\">\n\t\t\t\t<div class=\"elementor-widget-container\">\n\t\t\t\t\t\t\t<div class=\"elementor-divider\">\n\t\t\t<span class=\"elementor-divider-separator\">\n\t\t\t\t\t\t<\/span>\n\t\t<\/div>\n\t\t\t\t\t\t<\/div>\n\t\t\t\t<\/div>\n\t\t\t\t<div class=\"elementor-element elementor-element-d93715f elementor-widget elementor-widget-text-editor\" data-id=\"d93715f\" data-element_type=\"widget\" data-e-type=\"widget\" data-widget_type=\"text-editor.default\">\n\t\t\t\t<div class=\"elementor-widget-container\">\n\t\t\t\t\t\t\t\t\t<h3><strong>Mieten Sie professionelle IT-Berater f\u00fcr Ihre IT-Aufgaben<\/strong><\/h3><p>In vielen Situationen kann es sinnvoll sein, einen externen IT-Berater hinzuzuziehen \u2013 sei es bei hoher Arbeitsbelastung, dem Ausfall eines Mitarbeiters oder bei der Einf\u00fchrung neuer Systeme.<\/p><p>Auch regelm\u00e4\u00dfige IT-Checks zur Erh\u00f6hung von Sicherheit und Effizienz sind ein wichtiger Bestandteil einer zukunftsorientierten IT-Strategie.<\/p><p>Wenn Sie einen IT-Consultant bei TS Computer mieten, profitieren Sie von unserer langj\u00e4hrigen Expertise. Unsere hochqualifizierten Berater stehen Ihnen genau dann zur Verf\u00fcgung, wenn Sie sie brauchen \u2013 ohne feste Bindung oder versteckte Kosten.<\/p><h3><strong>Flexibilit\u00e4t und Fachkompetenz<\/strong><\/h3><p>Wenn Sie einen IT-Berater bei uns mieten, passen wir uns Ihren Bed\u00fcrfnissen an. Sie k\u00f6nnen uns f\u00fcr genau die Aufgaben nutzen, die Ihr Unternehmen ben\u00f6tigt. Beispielsweise zur Unterst\u00fctzung einer spezifischen Aufgabe einmal pro Woche. Oder vielleicht brauchen Sie kompetente IT-Fachleute, die sich um Ihre IT-Infrastruktur k\u00fcmmern, w\u00e4hrend Sie und Ihr Team Urlaub machen? Es k\u00f6nnte auch sein, dass Sie eine feste IT-Ressource f\u00fcr einen k\u00fcrzeren Zeitraum ben\u00f6tigen, z.B. w\u00e4hrend einer gr\u00f6\u00dferen Umstrukturierung, eines Umzugs oder eines IT-Upgrades.<\/p><p>Die Anmietung eines IT-Beraters kann die ideale L\u00f6sung f\u00fcr Unternehmen sein, die Flexibilit\u00e4t w\u00fcnschen, ohne sich an eine Festanstellung zu binden. Auf diese Weise Sie sich auf Ihr Kerngesch\u00e4ft konzentrieren, w\u00e4hrend wir uns um die IT-Aufgaben k\u00fcmmern, die Expertise und Zeit erfordern.<\/p><h3><strong>Warum TS Computer als IT-Partner w\u00e4hlen?<\/strong><\/h3><p>Unabh\u00e4ngig von Umfang oder Komplexit\u00e4t der Aufgabe bieten wir flexiblen IT-Fachkr\u00e4fteverleih f\u00fcr alle Arten von IT-bezogenen Aufgaben an. Unsere Berater k\u00f6nnen bei folgenden Aufgaben helfen:<\/p><ul><li>Implementierung neuer Systeme<\/li><li>Optimierung und Wartung der bestehenden IT-Infrastruktur<\/li><li>Periodische Sicherheits\u00fcberpr\u00fcfungen und Datenanalysen<\/li><li>Umzug von IT-Ausr\u00fcstung in neue R\u00e4umlichkeiten<\/li><li>Einrichtung neuer Arbeitsstationen und Netzwerke<\/li><\/ul><p>Durch die Anmietung unserer IT-Berater vermeiden Sie feste Anstellungen und zahlen nur f\u00fcr die Stunden, die f\u00fcr die L\u00f6sung der Aufgabe oder gem\u00e4\u00df Vereinbarung ben\u00f6tigt werden. Dies bietet Ihrem Unternehmen eine kosteneffiziente L\u00f6sung, w\u00e4hrend Sie gleichzeitig Zugang zu IT-Experten erhalten, die sicherstellen, dass alles optimal funktioniert.<\/p><h3><strong>Kontrolle \u00fcber Ihr IT-System.<\/strong><\/h3><p>Mieten Sie unsere IT-Berater und lassen Sie uns helfen, Ihr IT-System effizient und reibungslos am Laufen zu halten. Mit unserer Unterst\u00fctzung k\u00f6nnen Sie unn\u00f6tige IT-Probleme vermeiden und sicherstellen, dass Ihr Unternehmen immer gut ger\u00fcstet ist, um die Herausforderungen des digitalen Alltags zu meistern.<\/p><p>M\u00f6chten Sie mehr \u00fcber die Vorteile der Anmietung eines IT-Beraters erfahren? Lesen Sie unseren Artikel, um einen tieferen Einblick zu erhalten.<em><a href=\"\/de\/fordele-lej-en-it-konsulent\/\">L\u00e6s vores artikel <\/a><\/em>og f\u00e5 et dybere indblik i, hvordan vi kan hj\u00e6lpe din virksomhed.<\/p>\t\t\t\t\t\t\t\t<\/div>\n\t\t\t\t<\/div>\n\t\t<div class=\"elementor-element elementor-element-bc3a178 e-con-full e-flex e-con e-child\" data-id=\"bc3a178\" data-element_type=\"container\" data-e-type=\"container\">\n\t\t\t\t<div class=\"elementor-element elementor-element-e379cdb elementor-align-left elementor-widget elementor-widget-button\" data-id=\"e379cdb\" data-element_type=\"widget\" data-e-type=\"widget\" data-widget_type=\"button.default\">\n\t\t\t\t<div class=\"elementor-widget-container\">\n\t\t\t\t\t\t\t\t\t<div class=\"elementor-button-wrapper\">\n\t\t\t\t\t<a class=\"elementor-button elementor-button-link elementor-size-sm\" href=\"\/de\/kontakt-os\/\">\n\t\t\t\t\t\t<span class=\"elementor-button-content-wrapper\">\n\t\t\t\t\t\t\t\t\t<span class=\"elementor-button-text\">Kontaktieren Sie uns<\/span>\n\t\t\t\t\t<\/span>\n\t\t\t\t\t<\/a>\n\t\t\t\t<\/div>\n\t\t\t\t\t\t\t\t<\/div>\n\t\t\t\t<\/div>\n\t\t\t\t<\/div>\n\t\t\t\t<\/div>\n\t\t\t\t<\/div>\n\t\t<div class=\"elementor-element elementor-element-e1b8d7c e-flex e-con-boxed e-con e-child\" data-id=\"e1b8d7c\" data-element_type=\"container\" data-e-type=\"container\">\n\t\t\t\t\t<div class=\"e-con-inner\">\n\t\t\t\t<div class=\"elementor-element elementor-element-f2ce753 elementor-widget elementor-widget-image\" data-id=\"f2ce753\" data-element_type=\"widget\" data-e-type=\"widget\" data-widget_type=\"image.default\">\n\t\t\t\t<div class=\"elementor-widget-container\">\n\t\t\t\t\t\t\t\t\t\t\t\t\t\t\t<img fetchpriority=\"high\" decoding=\"async\" width=\"588\" height=\"375\" src=\"https:\/\/tscomputer.dk\/wp-content\/uploads\/2025\/05\/TSC_billede-IT-Fachkrafteverleih.png\" class=\"attachment-full size-full wp-image-5940\" alt=\"Personaleudlejning\" srcset=\"https:\/\/tscomputer.dk\/wp-content\/uploads\/2025\/05\/TSC_billede-IT-Fachkrafteverleih.png 940w, https:\/\/tscomputer.dk\/wp-content\/uploads\/2025\/05\/TSC_billede-IT-Fachkrafteverleih-300x191.png 300w, https:\/\/tscomputer.dk\/wp-content\/uploads\/2025\/05\/TSC_billede-IT-Fachkrafteverleih-768x490.png 768w, https:\/\/tscomputer.dk\/wp-content\/uploads\/2025\/05\/TSC_billede-IT-Fachkrafteverleih-18x12.png 18w\" sizes=\"(max-width: 588px) 100vw, 588px\" \/>\t\t\t\t\t\t\t\t\t\t\t\t\t\t\t<\/div>\n\t\t\t\t<\/div>\n\t\t\t\t\t<\/div>\n\t\t\t\t<\/div>\n\t\t\t\t<\/div>\n\t\t\t\t<\/div>","protected":false},"excerpt":{"rendered":"<p>Lej en IT-konsulent Lej en IT-konsulent og f\u00e5 fleksibel hj\u00e6lp til dine IT-opgaver Der kan opst\u00e5 mange situationer, hvor din virksomhed kan f\u00e5 brug for at leje en ekstern IT-konsulent til at l\u00f8se specifikke opgaver. M\u00e5ske st\u00e5r I midt i en periode med h\u00f8j arbejdsbelastning, hvor interne ressourcer ikke r\u00e6kker til, eller en n\u00f8glemedarbejder er [&hellip;]<\/p>\n","protected":false},"author":8,"featured_media":0,"parent":0,"menu_order":0,"comment_status":"closed","ping_status":"closed","template":"elementor_header_footer","meta":{"footnotes":""},"class_list":["post-5888","page","type-page","status-publish","hentry"],"yoast_head":"<!-- This site is optimized with the Yoast SEO plugin v27.5 - https:\/\/yoast.com\/product\/yoast-seo-wordpress\/ -->\n<title>Personaleudlejning - TS Computer<\/title>\n<meta name=\"description\" content=\"Personaleudlejning hos TS Computer: Vi hj\u00e6lper med store og sm\u00e5 opgaver indenfor IT. Lej en IT-konsulent til en bestemt opgave uden binding.\" \/>\n<meta name=\"robots\" content=\"index, follow, max-snippet:-1, max-image-preview:large, max-video-preview:-1\" \/>\n<link rel=\"canonical\" href=\"https:\/\/tscomputer.dk\/de\/personaleudlejning\/\" \/>\n<meta property=\"og:locale\" content=\"de_DE\" \/>\n<meta property=\"og:type\" content=\"article\" \/>\n<meta property=\"og:title\" content=\"Personaleudlejning - TS Computer\" \/>\n<meta property=\"og:description\" content=\"Personaleudlejning hos TS Computer: Vi hj\u00e6lper med store og sm\u00e5 opgaver indenfor IT. Lej en IT-konsulent til en bestemt opgave uden binding.\" \/>\n<meta property=\"og:url\" content=\"https:\/\/tscomputer.dk\/de\/personaleudlejning\/\" \/>\n<meta property=\"og:site_name\" content=\"TS Computer\" \/>\n<meta property=\"article:modified_time\" content=\"2025-11-11T11:26:50+00:00\" \/>\n<meta property=\"og:image\" content=\"https:\/\/tscomputer.dk\/wp-content\/uploads\/2025\/01\/TSC_jan25_billede-til-artikel_lejITkonsulent-1.png\" \/>\n\t<meta property=\"og:image:width\" content=\"588\" \/>\n\t<meta property=\"og:image:height\" content=\"375\" \/>\n\t<meta property=\"og:image:type\" content=\"image\/png\" \/>\n<meta name=\"twitter:card\" content=\"summary_large_image\" \/>\n<meta name=\"twitter:label1\" content=\"Gesch\u00e4tzte Lesezeit\" \/>\n\t<meta name=\"twitter:data1\" content=\"1\u00a0Minute\" \/>\n<script type=\"application\/ld+json\" class=\"yoast-schema-graph\">{\"@context\":\"https:\\\/\\\/schema.org\",\"@graph\":[{\"@type\":\"WebPage\",\"@id\":\"https:\\\/\\\/tscomputer.dk\\\/personaleudlejning\\\/\",\"url\":\"https:\\\/\\\/tscomputer.dk\\\/personaleudlejning\\\/\",\"name\":\"Personaleudlejning - TS Computer\",\"isPartOf\":{\"@id\":\"https:\\\/\\\/tscomputer.dk\\\/#website\"},\"primaryImageOfPage\":{\"@id\":\"https:\\\/\\\/tscomputer.dk\\\/personaleudlejning\\\/#primaryimage\"},\"image\":{\"@id\":\"https:\\\/\\\/tscomputer.dk\\\/personaleudlejning\\\/#primaryimage\"},\"thumbnailUrl\":\"https:\\\/\\\/tscomputer.dk\\\/wp-content\\\/uploads\\\/2025\\\/01\\\/TSC_jan25_billede-til-artikel_lejITkonsulent-1.png\",\"datePublished\":\"2025-01-08T11:48:34+00:00\",\"dateModified\":\"2025-11-11T11:26:50+00:00\",\"description\":\"Personaleudlejning hos TS Computer: Vi hj\u00e6lper med store og sm\u00e5 opgaver indenfor IT. Lej en IT-konsulent til en bestemt opgave uden binding.\",\"inLanguage\":\"de\",\"potentialAction\":[{\"@type\":\"ReadAction\",\"target\":[\"https:\\\/\\\/tscomputer.dk\\\/personaleudlejning\\\/\"]}]},{\"@type\":\"ImageObject\",\"inLanguage\":\"de\",\"@id\":\"https:\\\/\\\/tscomputer.dk\\\/personaleudlejning\\\/#primaryimage\",\"url\":\"https:\\\/\\\/tscomputer.dk\\\/wp-content\\\/uploads\\\/2025\\\/01\\\/TSC_jan25_billede-til-artikel_lejITkonsulent-1.png\",\"contentUrl\":\"https:\\\/\\\/tscomputer.dk\\\/wp-content\\\/uploads\\\/2025\\\/01\\\/TSC_jan25_billede-til-artikel_lejITkonsulent-1.png\"},{\"@type\":\"WebSite\",\"@id\":\"https:\\\/\\\/tscomputer.dk\\\/#website\",\"url\":\"https:\\\/\\\/tscomputer.dk\\\/\",\"name\":\"TS Computer\",\"description\":\"Din personlige IT-Leverand\u00f8r\",\"publisher\":{\"@id\":\"https:\\\/\\\/tscomputer.dk\\\/#organization\"},\"potentialAction\":[{\"@type\":\"SearchAction\",\"target\":{\"@type\":\"EntryPoint\",\"urlTemplate\":\"https:\\\/\\\/tscomputer.dk\\\/?s={search_term_string}\"},\"query-input\":{\"@type\":\"PropertyValueSpecification\",\"valueRequired\":true,\"valueName\":\"search_term_string\"}}],\"inLanguage\":\"de\"},{\"@type\":\"Organization\",\"@id\":\"https:\\\/\\\/tscomputer.dk\\\/#organization\",\"name\":\"TS Computer\",\"url\":\"https:\\\/\\\/tscomputer.dk\\\/\",\"logo\":{\"@type\":\"ImageObject\",\"inLanguage\":\"de\",\"@id\":\"https:\\\/\\\/tscomputer.dk\\\/#\\\/schema\\\/logo\\\/image\\\/\",\"url\":\"https:\\\/\\\/tscomputer.dk\\\/wp-content\\\/uploads\\\/2021\\\/09\\\/midligeretidige-logo.png\",\"contentUrl\":\"https:\\\/\\\/tscomputer.dk\\\/wp-content\\\/uploads\\\/2021\\\/09\\\/midligeretidige-logo.png\",\"width\":202,\"height\":52,\"caption\":\"TS Computer\"},\"image\":{\"@id\":\"https:\\\/\\\/tscomputer.dk\\\/#\\\/schema\\\/logo\\\/image\\\/\"}}]}<\/script>\n<!-- \/ Yoast SEO plugin. -->","yoast_head_json":{"title":"Personaleudlejning - TS Computer","description":"Personaleudlejning hos TS Computer: Vi hj\u00e6lper med store og sm\u00e5 opgaver indenfor IT. Lej en IT-konsulent til en bestemt opgave uden binding.","robots":{"index":"index","follow":"follow","max-snippet":"max-snippet:-1","max-image-preview":"max-image-preview:large","max-video-preview":"max-video-preview:-1"},"canonical":"https:\/\/tscomputer.dk\/de\/personaleudlejning\/","og_locale":"de_DE","og_type":"article","og_title":"Personaleudlejning - TS Computer","og_description":"Personaleudlejning hos TS Computer: Vi hj\u00e6lper med store og sm\u00e5 opgaver indenfor IT. Lej en IT-konsulent til en bestemt opgave uden binding.","og_url":"https:\/\/tscomputer.dk\/de\/personaleudlejning\/","og_site_name":"TS Computer","article_modified_time":"2025-11-11T11:26:50+00:00","og_image":[{"width":588,"height":375,"url":"https:\/\/tscomputer.dk\/wp-content\/uploads\/2025\/01\/TSC_jan25_billede-til-artikel_lejITkonsulent-1.png","type":"image\/png"}],"twitter_card":"summary_large_image","twitter_misc":{"Gesch\u00e4tzte Lesezeit":"1\u00a0Minute"},"schema":{"@context":"https:\/\/schema.org","@graph":[{"@type":"WebPage","@id":"https:\/\/tscomputer.dk\/personaleudlejning\/","url":"https:\/\/tscomputer.dk\/personaleudlejning\/","name":"Personaleudlejning - TS Computer","isPartOf":{"@id":"https:\/\/tscomputer.dk\/#website"},"primaryImageOfPage":{"@id":"https:\/\/tscomputer.dk\/personaleudlejning\/#primaryimage"},"image":{"@id":"https:\/\/tscomputer.dk\/personaleudlejning\/#primaryimage"},"thumbnailUrl":"https:\/\/tscomputer.dk\/wp-content\/uploads\/2025\/01\/TSC_jan25_billede-til-artikel_lejITkonsulent-1.png","datePublished":"2025-01-08T11:48:34+00:00","dateModified":"2025-11-11T11:26:50+00:00","description":"Personaleudlejning hos TS Computer: Vi hj\u00e6lper med store og sm\u00e5 opgaver indenfor IT. Lej en IT-konsulent til en bestemt opgave uden binding.","inLanguage":"de","potentialAction":[{"@type":"ReadAction","target":["https:\/\/tscomputer.dk\/personaleudlejning\/"]}]},{"@type":"ImageObject","inLanguage":"de","@id":"https:\/\/tscomputer.dk\/personaleudlejning\/#primaryimage","url":"https:\/\/tscomputer.dk\/wp-content\/uploads\/2025\/01\/TSC_jan25_billede-til-artikel_lejITkonsulent-1.png","contentUrl":"https:\/\/tscomputer.dk\/wp-content\/uploads\/2025\/01\/TSC_jan25_billede-til-artikel_lejITkonsulent-1.png"},{"@type":"WebSite","@id":"https:\/\/tscomputer.dk\/#website","url":"https:\/\/tscomputer.dk\/","name":"TS Computer","description":"Din personlige IT-Leverand\u00f8r","publisher":{"@id":"https:\/\/tscomputer.dk\/#organization"},"potentialAction":[{"@type":"SearchAction","target":{"@type":"EntryPoint","urlTemplate":"https:\/\/tscomputer.dk\/?s={search_term_string}"},"query-input":{"@type":"PropertyValueSpecification","valueRequired":true,"valueName":"search_term_string"}}],"inLanguage":"de"},{"@type":"Organization","@id":"https:\/\/tscomputer.dk\/#organization","name":"TS Computer","url":"https:\/\/tscomputer.dk\/","logo":{"@type":"ImageObject","inLanguage":"de","@id":"https:\/\/tscomputer.dk\/#\/schema\/logo\/image\/","url":"https:\/\/tscomputer.dk\/wp-content\/uploads\/2021\/09\/midligeretidige-logo.png","contentUrl":"https:\/\/tscomputer.dk\/wp-content\/uploads\/2021\/09\/midligeretidige-logo.png","width":202,"height":52,"caption":"TS Computer"},"image":{"@id":"https:\/\/tscomputer.dk\/#\/schema\/logo\/image\/"}}]}},"_links":{"self":[{"href":"https:\/\/tscomputer.dk\/de\/wp-json\/wp\/v2\/pages\/5888","targetHints":{"allow":["GET"]}}],"collection":[{"href":"https:\/\/tscomputer.dk\/de\/wp-json\/wp\/v2\/pages"}],"about":[{"href":"https:\/\/tscomputer.dk\/de\/wp-json\/wp\/v2\/types\/page"}],"author":[{"embeddable":true,"href":"https:\/\/tscomputer.dk\/de\/wp-json\/wp\/v2\/users\/8"}],"replies":[{"embeddable":true,"href":"https:\/\/tscomputer.dk\/de\/wp-json\/wp\/v2\/comments?post=5888"}],"version-history":[{"count":45,"href":"https:\/\/tscomputer.dk\/de\/wp-json\/wp\/v2\/pages\/5888\/revisions"}],"predecessor-version":[{"id":6635,"href":"https:\/\/tscomputer.dk\/de\/wp-json\/wp\/v2\/pages\/5888\/revisions\/6635"}],"wp:attachment":[{"href":"https:\/\/tscomputer.dk\/de\/wp-json\/wp\/v2\/media?parent=5888"}],"curies":[{"name":"wp","href":"https:\/\/api.w.org\/{rel}","templated":true}]}}