{"id":6988,"date":"2026-05-13T12:16:33","date_gmt":"2026-05-13T10:16:33","guid":{"rendered":"https:\/\/tscomputer.dk\/?page_id=6988"},"modified":"2026-05-13T12:16:37","modified_gmt":"2026-05-13T10:16:37","slug":"oekonomisystemer","status":"publish","type":"page","link":"https:\/\/tscomputer.dk\/de\/oekonomisystemer\/","title":{"rendered":"\u00d8konomisystemer"},"content":{"rendered":"<div data-elementor-type=\"wp-page\" data-elementor-id=\"6988\" class=\"elementor elementor-6988\" data-elementor-post-type=\"page\">\n\t\t\t\t<div class=\"elementor-element elementor-element-8a052c9 e-con-full e-flex e-con e-parent\" data-id=\"8a052c9\" data-element_type=\"container\" data-e-type=\"container\" data-settings=\"{&quot;background_background&quot;:&quot;classic&quot;}\">\n\t\t\t\t<div class=\"elementor-element elementor-element-e43d0e9 elementor-align-left elementor-widget elementor-widget-breadcrumbs\" data-id=\"e43d0e9\" data-element_type=\"widget\" data-e-type=\"widget\" data-widget_type=\"breadcrumbs.default\">\n\t\t\t\t<div class=\"elementor-widget-container\">\n\t\t\t\t\t<p id=\"breadcrumbs\"><\/p>\t\t\t\t<\/div>\n\t\t\t\t<\/div>\n\t\t<div class=\"elementor-element elementor-element-096ec16 e-flex e-con-boxed e-con e-child\" data-id=\"096ec16\" data-element_type=\"container\" data-e-type=\"container\">\n\t\t\t\t\t<div class=\"e-con-inner\">\n\t\t<div class=\"elementor-element elementor-element-a6301a0 e-con-full e-flex e-con e-child\" data-id=\"a6301a0\" data-element_type=\"container\" data-e-type=\"container\">\n\t\t\t\t<div class=\"elementor-element elementor-element-c759293 elementor-widget elementor-widget-heading\" data-id=\"c759293\" data-element_type=\"widget\" data-e-type=\"widget\" data-widget_type=\"heading.default\">\n\t\t\t\t<div class=\"elementor-widget-container\">\n\t\t\t\t\t<h3 class=\"elementor-heading-title elementor-size-default\">\u00d8konomisystemer<\/h3>\t\t\t\t<\/div>\n\t\t\t\t<\/div>\n\t\t\t\t<\/div>\n\t\t\t\t<div class=\"elementor-element elementor-element-ca17231 elementor-position-left elementor-vertical-align-middle elementor-widget-laptop__width-initial elementor-position-left elementor-widget-widescreen__width-initial elementor-widget elementor-widget-image-box\" data-id=\"ca17231\" data-element_type=\"widget\" data-e-type=\"widget\" data-widget_type=\"image-box.default\">\n\t\t\t\t<div class=\"elementor-widget-container\">\n\t\t\t\t\t<div class=\"elementor-image-box-wrapper\"><figure class=\"elementor-image-box-img\"><img fetchpriority=\"high\" decoding=\"async\" width=\"1235\" height=\"788\" src=\"https:\/\/tscomputer.dk\/wp-content\/uploads\/2026\/04\/oekonomisystemer.png\" class=\"attachment-full size-full wp-image-7188\" alt=\"\u00d8konomisystemer\" srcset=\"https:\/\/tscomputer.dk\/wp-content\/uploads\/2026\/04\/oekonomisystemer.png 1235w, https:\/\/tscomputer.dk\/wp-content\/uploads\/2026\/04\/oekonomisystemer-300x191.png 300w, https:\/\/tscomputer.dk\/wp-content\/uploads\/2026\/04\/oekonomisystemer-1024x653.png 1024w, https:\/\/tscomputer.dk\/wp-content\/uploads\/2026\/04\/oekonomisystemer-768x490.png 768w, https:\/\/tscomputer.dk\/wp-content\/uploads\/2026\/04\/oekonomisystemer-18x12.png 18w\" sizes=\"(max-width: 1235px) 100vw, 1235px\" \/><\/figure><div class=\"elementor-image-box-content\"><p class=\"elementor-image-box-description\">Vi leverer ikke \u00f8konomisystemer (ERP-systemer), men hj\u00e6lper jer gerne med ops\u00e6tning og implementering af jeres nye l\u00f8sning.\n\nDerudover leverer vi server- og hostingydelserne bag systemerne og kan st\u00e5 for drift af b\u00e5de jeres nuv\u00e6rende og nye serverops\u00e6tning \u2013 <br>uanset om det g\u00e6lder \u00f8konomisystemer eller andre forretningskritiske l\u00f8sninger.\n\nVi har flere partnere og samarbejder med ERP leverand\u00f8rer omkring service, vedligeholdelse og etabling af systemer.<\/p><\/div><\/div>\t\t\t\t<\/div>\n\t\t\t\t<\/div>\n\t\t\t\t\t<\/div>\n\t\t\t\t<\/div>\n\t\t<div class=\"elementor-element elementor-element-bc3a178 e-flex e-con-boxed e-con e-child\" data-id=\"bc3a178\" data-element_type=\"container\" data-e-type=\"container\">\n\t\t\t\t\t<div class=\"e-con-inner\">\n\t\t\t\t<div class=\"elementor-element elementor-element-e379cdb elementor-align-right elementor-widget elementor-widget-button\" data-id=\"e379cdb\" data-element_type=\"widget\" data-e-type=\"widget\" data-widget_type=\"button.default\">\n\t\t\t\t<div class=\"elementor-widget-container\">\n\t\t\t\t\t\t\t\t\t<div class=\"elementor-button-wrapper\">\n\t\t\t\t\t<a class=\"elementor-button elementor-button-link elementor-size-sm\" href=\"\/de\/kontakt-os\/\">\n\t\t\t\t\t\t<span class=\"elementor-button-content-wrapper\">\n\t\t\t\t\t\t\t\t\t<span class=\"elementor-button-text\">Kontakt os for en uforpligtende snak!<\/span>\n\t\t\t\t\t<\/span>\n\t\t\t\t\t<\/a>\n\t\t\t\t<\/div>\n\t\t\t\t\t\t\t\t<\/div>\n\t\t\t\t<\/div>\n\t\t\t\t\t<\/div>\n\t\t\t\t<\/div>\n\t\t\t\t<div class=\"elementor-element elementor-element-5d5d63a elementor-widget elementor-widget-spacer\" data-id=\"5d5d63a\" data-element_type=\"widget\" data-e-type=\"widget\" data-widget_type=\"spacer.default\">\n\t\t\t\t<div class=\"elementor-widget-container\">\n\t\t\t\t\t\t\t<div class=\"elementor-spacer\">\n\t\t\t<div class=\"elementor-spacer-inner\"><\/div>\n\t\t<\/div>\n\t\t\t\t\t\t<\/div>\n\t\t\t\t<\/div>\n\t\t\t\t<\/div>\n\t\t\t\t<\/div>","protected":false},"excerpt":{"rendered":"<p>\u00d8konomisystemer Vi leverer ikke \u00f8konomisystemer (ERP-systemer), men hj\u00e6lper jer gerne med ops\u00e6tning og implementering af jeres nye l\u00f8sning. Derudover leverer vi server- og hostingydelserne bag systemerne og kan st\u00e5 for drift af b\u00e5de jeres nuv\u00e6rende og nye serverops\u00e6tning \u2013 uanset om det g\u00e6lder \u00f8konomisystemer eller andre forretningskritiske l\u00f8sninger. Vi har flere partnere og samarbejder med [&hellip;]<\/p>\n","protected":false},"author":8,"featured_media":0,"parent":0,"menu_order":0,"comment_status":"closed","ping_status":"closed","template":"elementor_header_footer","meta":{"footnotes":""},"class_list":["post-6988","page","type-page","status-publish","hentry"],"yoast_head":"<!-- This site is optimized with the Yoast SEO plugin v27.6 - https:\/\/yoast.com\/product\/yoast-seo-wordpress\/ -->\n<title>\u00d8konomisystemer - TS Computer<\/title>\n<meta name=\"description\" content=\"Vi leverer ikke \u00f8konomisystemer (ERP-systemer), men hj\u00e6lper jer gerne med ops\u00e6tning og implementering af jeres nye l\u00f8sning.\" \/>\n<meta name=\"robots\" content=\"index, follow, max-snippet:-1, max-image-preview:large, max-video-preview:-1\" \/>\n<link rel=\"canonical\" href=\"https:\/\/tscomputer.dk\/de\/oekonomisystemer\/\" \/>\n<meta property=\"og:locale\" content=\"de_DE\" \/>\n<meta property=\"og:type\" content=\"article\" \/>\n<meta property=\"og:title\" content=\"\u00d8konomisystemer - TS Computer\" \/>\n<meta property=\"og:description\" content=\"Vi leverer ikke \u00f8konomisystemer (ERP-systemer), men hj\u00e6lper jer gerne med ops\u00e6tning og implementering af jeres nye l\u00f8sning.\" \/>\n<meta property=\"og:url\" content=\"https:\/\/tscomputer.dk\/de\/oekonomisystemer\/\" \/>\n<meta property=\"og:site_name\" content=\"TS Computer\" \/>\n<meta property=\"article:modified_time\" content=\"2026-05-13T10:16:37+00:00\" \/>\n<meta property=\"og:image\" content=\"https:\/\/tscomputer.dk\/wp-content\/uploads\/2026\/04\/oekonomisystemer.png\" \/>\n<meta name=\"twitter:card\" content=\"summary_large_image\" \/>\n<meta name=\"twitter:label1\" content=\"Gesch\u00e4tzte Lesezeit\" \/>\n\t<meta name=\"twitter:data1\" content=\"1\u00a0Minute\" \/>\n<script type=\"application\/ld+json\" class=\"yoast-schema-graph\">{\"@context\":\"https:\\\/\\\/schema.org\",\"@graph\":[{\"@type\":\"WebPage\",\"@id\":\"https:\\\/\\\/tscomputer.dk\\\/oekonomisystemer\\\/\",\"url\":\"https:\\\/\\\/tscomputer.dk\\\/oekonomisystemer\\\/\",\"name\":\"\u00d8konomisystemer - TS Computer\",\"isPartOf\":{\"@id\":\"https:\\\/\\\/tscomputer.dk\\\/#website\"},\"primaryImageOfPage\":{\"@id\":\"https:\\\/\\\/tscomputer.dk\\\/oekonomisystemer\\\/#primaryimage\"},\"image\":{\"@id\":\"https:\\\/\\\/tscomputer.dk\\\/oekonomisystemer\\\/#primaryimage\"},\"thumbnailUrl\":\"https:\\\/\\\/tscomputer.dk\\\/wp-content\\\/uploads\\\/2026\\\/04\\\/oekonomisystemer.png\",\"datePublished\":\"2026-05-13T10:16:33+00:00\",\"dateModified\":\"2026-05-13T10:16:37+00:00\",\"description\":\"Vi leverer ikke \u00f8konomisystemer (ERP-systemer), men hj\u00e6lper jer gerne med ops\u00e6tning og implementering af jeres nye l\u00f8sning.\",\"inLanguage\":\"de\",\"potentialAction\":[{\"@type\":\"ReadAction\",\"target\":[\"https:\\\/\\\/tscomputer.dk\\\/oekonomisystemer\\\/\"]}]},{\"@type\":\"ImageObject\",\"inLanguage\":\"de\",\"@id\":\"https:\\\/\\\/tscomputer.dk\\\/oekonomisystemer\\\/#primaryimage\",\"url\":\"https:\\\/\\\/tscomputer.dk\\\/wp-content\\\/uploads\\\/2026\\\/04\\\/oekonomisystemer.png\",\"contentUrl\":\"https:\\\/\\\/tscomputer.dk\\\/wp-content\\\/uploads\\\/2026\\\/04\\\/oekonomisystemer.png\"},{\"@type\":\"WebSite\",\"@id\":\"https:\\\/\\\/tscomputer.dk\\\/#website\",\"url\":\"https:\\\/\\\/tscomputer.dk\\\/\",\"name\":\"TS Computer\",\"description\":\"Din personlige IT-Leverand\u00f8r\",\"publisher\":{\"@id\":\"https:\\\/\\\/tscomputer.dk\\\/#organization\"},\"potentialAction\":[{\"@type\":\"SearchAction\",\"target\":{\"@type\":\"EntryPoint\",\"urlTemplate\":\"https:\\\/\\\/tscomputer.dk\\\/?s={search_term_string}\"},\"query-input\":{\"@type\":\"PropertyValueSpecification\",\"valueRequired\":true,\"valueName\":\"search_term_string\"}}],\"inLanguage\":\"de\"},{\"@type\":\"Organization\",\"@id\":\"https:\\\/\\\/tscomputer.dk\\\/#organization\",\"name\":\"TS Computer\",\"url\":\"https:\\\/\\\/tscomputer.dk\\\/\",\"logo\":{\"@type\":\"ImageObject\",\"inLanguage\":\"de\",\"@id\":\"https:\\\/\\\/tscomputer.dk\\\/#\\\/schema\\\/logo\\\/image\\\/\",\"url\":\"https:\\\/\\\/tscomputer.dk\\\/wp-content\\\/uploads\\\/2021\\\/09\\\/midligeretidige-logo.png\",\"contentUrl\":\"https:\\\/\\\/tscomputer.dk\\\/wp-content\\\/uploads\\\/2021\\\/09\\\/midligeretidige-logo.png\",\"width\":202,\"height\":52,\"caption\":\"TS Computer\"},\"image\":{\"@id\":\"https:\\\/\\\/tscomputer.dk\\\/#\\\/schema\\\/logo\\\/image\\\/\"}}]}<\/script>\n<!-- \/ Yoast SEO plugin. -->","yoast_head_json":{"title":"\u00d8konomisystemer - TS Computer","description":"Vi leverer ikke \u00f8konomisystemer (ERP-systemer), men hj\u00e6lper jer gerne med ops\u00e6tning og implementering af jeres nye l\u00f8sning.","robots":{"index":"index","follow":"follow","max-snippet":"max-snippet:-1","max-image-preview":"max-image-preview:large","max-video-preview":"max-video-preview:-1"},"canonical":"https:\/\/tscomputer.dk\/de\/oekonomisystemer\/","og_locale":"de_DE","og_type":"article","og_title":"\u00d8konomisystemer - TS Computer","og_description":"Vi leverer ikke \u00f8konomisystemer (ERP-systemer), men hj\u00e6lper jer gerne med ops\u00e6tning og implementering af jeres nye l\u00f8sning.","og_url":"https:\/\/tscomputer.dk\/de\/oekonomisystemer\/","og_site_name":"TS Computer","article_modified_time":"2026-05-13T10:16:37+00:00","og_image":[{"url":"https:\/\/tscomputer.dk\/wp-content\/uploads\/2026\/04\/oekonomisystemer.png","type":"","width":"","height":""}],"twitter_card":"summary_large_image","twitter_misc":{"Gesch\u00e4tzte Lesezeit":"1\u00a0Minute"},"schema":{"@context":"https:\/\/schema.org","@graph":[{"@type":"WebPage","@id":"https:\/\/tscomputer.dk\/oekonomisystemer\/","url":"https:\/\/tscomputer.dk\/oekonomisystemer\/","name":"\u00d8konomisystemer - TS Computer","isPartOf":{"@id":"https:\/\/tscomputer.dk\/#website"},"primaryImageOfPage":{"@id":"https:\/\/tscomputer.dk\/oekonomisystemer\/#primaryimage"},"image":{"@id":"https:\/\/tscomputer.dk\/oekonomisystemer\/#primaryimage"},"thumbnailUrl":"https:\/\/tscomputer.dk\/wp-content\/uploads\/2026\/04\/oekonomisystemer.png","datePublished":"2026-05-13T10:16:33+00:00","dateModified":"2026-05-13T10:16:37+00:00","description":"Vi leverer ikke \u00f8konomisystemer (ERP-systemer), men hj\u00e6lper jer gerne med ops\u00e6tning og implementering af jeres nye l\u00f8sning.","inLanguage":"de","potentialAction":[{"@type":"ReadAction","target":["https:\/\/tscomputer.dk\/oekonomisystemer\/"]}]},{"@type":"ImageObject","inLanguage":"de","@id":"https:\/\/tscomputer.dk\/oekonomisystemer\/#primaryimage","url":"https:\/\/tscomputer.dk\/wp-content\/uploads\/2026\/04\/oekonomisystemer.png","contentUrl":"https:\/\/tscomputer.dk\/wp-content\/uploads\/2026\/04\/oekonomisystemer.png"},{"@type":"WebSite","@id":"https:\/\/tscomputer.dk\/#website","url":"https:\/\/tscomputer.dk\/","name":"TS Computer","description":"Din personlige IT-Leverand\u00f8r","publisher":{"@id":"https:\/\/tscomputer.dk\/#organization"},"potentialAction":[{"@type":"SearchAction","target":{"@type":"EntryPoint","urlTemplate":"https:\/\/tscomputer.dk\/?s={search_term_string}"},"query-input":{"@type":"PropertyValueSpecification","valueRequired":true,"valueName":"search_term_string"}}],"inLanguage":"de"},{"@type":"Organization","@id":"https:\/\/tscomputer.dk\/#organization","name":"TS Computer","url":"https:\/\/tscomputer.dk\/","logo":{"@type":"ImageObject","inLanguage":"de","@id":"https:\/\/tscomputer.dk\/#\/schema\/logo\/image\/","url":"https:\/\/tscomputer.dk\/wp-content\/uploads\/2021\/09\/midligeretidige-logo.png","contentUrl":"https:\/\/tscomputer.dk\/wp-content\/uploads\/2021\/09\/midligeretidige-logo.png","width":202,"height":52,"caption":"TS Computer"},"image":{"@id":"https:\/\/tscomputer.dk\/#\/schema\/logo\/image\/"}}]}},"_links":{"self":[{"href":"https:\/\/tscomputer.dk\/de\/wp-json\/wp\/v2\/pages\/6988","targetHints":{"allow":["GET"]}}],"collection":[{"href":"https:\/\/tscomputer.dk\/de\/wp-json\/wp\/v2\/pages"}],"about":[{"href":"https:\/\/tscomputer.dk\/de\/wp-json\/wp\/v2\/types\/page"}],"author":[{"embeddable":true,"href":"https:\/\/tscomputer.dk\/de\/wp-json\/wp\/v2\/users\/8"}],"replies":[{"embeddable":true,"href":"https:\/\/tscomputer.dk\/de\/wp-json\/wp\/v2\/comments?post=6988"}],"version-history":[{"count":61,"href":"https:\/\/tscomputer.dk\/de\/wp-json\/wp\/v2\/pages\/6988\/revisions"}],"predecessor-version":[{"id":7389,"href":"https:\/\/tscomputer.dk\/de\/wp-json\/wp\/v2\/pages\/6988\/revisions\/7389"}],"wp:attachment":[{"href":"https:\/\/tscomputer.dk\/de\/wp-json\/wp\/v2\/media?parent=6988"}],"curies":[{"name":"wp","href":"https:\/\/api.w.org\/{rel}","templated":true}]}}