{"id":7018,"date":"2026-05-13T13:01:44","date_gmt":"2026-05-13T11:01:44","guid":{"rendered":"https:\/\/tscomputer.dk\/?page_id=7018"},"modified":"2026-05-13T13:01:45","modified_gmt":"2026-05-13T11:01:45","slug":"hardware","status":"publish","type":"page","link":"https:\/\/tscomputer.dk\/de\/hardware\/","title":{"rendered":"Hardware"},"content":{"rendered":"<div data-elementor-type=\"wp-page\" data-elementor-id=\"7018\" class=\"elementor elementor-7018\" data-elementor-post-type=\"page\">\n\t\t\t\t<div class=\"elementor-element elementor-element-8a052c9 e-con-full e-flex e-con e-parent\" data-id=\"8a052c9\" data-element_type=\"container\" data-e-type=\"container\" data-settings=\"{&quot;background_background&quot;:&quot;gradient&quot;}\">\n\t\t\t\t<div class=\"elementor-element elementor-element-e43d0e9 elementor-align-left elementor-widget elementor-widget-breadcrumbs\" data-id=\"e43d0e9\" data-element_type=\"widget\" data-e-type=\"widget\" data-widget_type=\"breadcrumbs.default\">\n\t\t\t\t<div class=\"elementor-widget-container\">\n\t\t\t\t\t<p id=\"breadcrumbs\"><\/p>\t\t\t\t<\/div>\n\t\t\t\t<\/div>\n\t\t<div class=\"elementor-element elementor-element-096ec16 e-flex e-con-boxed e-con e-child\" data-id=\"096ec16\" data-element_type=\"container\" data-e-type=\"container\">\n\t\t\t\t\t<div class=\"e-con-inner\">\n\t\t<div class=\"elementor-element elementor-element-a6301a0 e-flex e-con-boxed e-con e-child\" data-id=\"a6301a0\" data-element_type=\"container\" data-e-type=\"container\">\n\t\t\t\t\t<div class=\"e-con-inner\">\n\t\t\t\t<div class=\"elementor-element elementor-element-c759293 elementor-widget elementor-widget-heading\" data-id=\"c759293\" data-element_type=\"widget\" data-e-type=\"widget\" data-widget_type=\"heading.default\">\n\t\t\t\t<div class=\"elementor-widget-container\">\n\t\t\t\t\t<h1 class=\"elementor-heading-title elementor-size-default\">Hardware<\/h1>\t\t\t\t<\/div>\n\t\t\t\t<\/div>\n\t\t\t\t\t<\/div>\n\t\t\t\t<\/div>\n\t\t\t\t<div class=\"elementor-element elementor-element-38a5eb5 elementor-widget elementor-widget-spacer\" data-id=\"38a5eb5\" data-element_type=\"widget\" data-e-type=\"widget\" data-widget_type=\"spacer.default\">\n\t\t\t\t<div class=\"elementor-widget-container\">\n\t\t\t\t\t\t\t<div class=\"elementor-spacer\">\n\t\t\t<div class=\"elementor-spacer-inner\"><\/div>\n\t\t<\/div>\n\t\t\t\t\t\t<\/div>\n\t\t\t\t<\/div>\n\t\t\t\t<div class=\"elementor-element elementor-element-e47d4e0 elementor-position-left elementor-vertical-align-middle elementor-widget-laptop__width-initial elementor-widget elementor-widget-image-box\" data-id=\"e47d4e0\" data-element_type=\"widget\" data-e-type=\"widget\" data-widget_type=\"image-box.default\">\n\t\t\t\t<div class=\"elementor-widget-container\">\n\t\t\t\t\t<div class=\"elementor-image-box-wrapper\"><figure class=\"elementor-image-box-img\"><img fetchpriority=\"high\" decoding=\"async\" width=\"823\" height=\"525\" src=\"https:\/\/tscomputer.dk\/wp-content\/uploads\/2026\/04\/Hardware1-1.png\" class=\"attachment-full size-full wp-image-7180\" alt=\"Billede af udstyr mus og keyboard\" srcset=\"https:\/\/tscomputer.dk\/wp-content\/uploads\/2026\/04\/Hardware1-1.png 823w, https:\/\/tscomputer.dk\/wp-content\/uploads\/2026\/04\/Hardware1-1-300x191.png 300w, https:\/\/tscomputer.dk\/wp-content\/uploads\/2026\/04\/Hardware1-1-768x490.png 768w, https:\/\/tscomputer.dk\/wp-content\/uploads\/2026\/04\/Hardware1-1-18x12.png 18w\" sizes=\"(max-width: 823px) 100vw, 823px\" \/><\/figure><div class=\"elementor-image-box-content\"><h3 class=\"elementor-image-box-title\">IT-udstyr til virksomheder \u2013 alt fra PC\u2019er, sk\u00e6rme og ergonomisk udstyr til netv\u00e6rksl\u00f8sninger Vi leverer og skaffer det meste til professionelle arbejdspladser Tilpasset jeres behov, arbejdsgange og IT-setup<\/h3><\/div><\/div>\t\t\t\t<\/div>\n\t\t\t\t<\/div>\n\t\t\t\t<div class=\"elementor-element elementor-element-343cf81 elementor-align-left elementor-widget elementor-widget-button\" data-id=\"343cf81\" data-element_type=\"widget\" data-e-type=\"widget\" data-widget_type=\"button.default\">\n\t\t\t\t<div class=\"elementor-widget-container\">\n\t\t\t\t\t\t\t\t\t<div class=\"elementor-button-wrapper\">\n\t\t\t\t\t<a class=\"elementor-button elementor-button-link elementor-size-sm\" href=\"\/de\/kontakt-os\/\">\n\t\t\t\t\t\t<span class=\"elementor-button-content-wrapper\">\n\t\t\t\t\t\t\t\t\t<span class=\"elementor-button-text\">F\u00e5 r\u00e5dgivning nu!<\/span>\n\t\t\t\t\t<\/span>\n\t\t\t\t\t<\/a>\n\t\t\t\t<\/div>\n\t\t\t\t\t\t\t\t<\/div>\n\t\t\t\t<\/div>\n\t\t\t\t\t<\/div>\n\t\t\t\t<\/div>\n\t\t<div class=\"elementor-element elementor-element-14d53b7 e-flex e-con-boxed e-con e-child\" data-id=\"14d53b7\" data-element_type=\"container\" data-e-type=\"container\">\n\t\t\t\t\t<div class=\"e-con-inner\">\n\t\t\t\t<div class=\"elementor-element elementor-element-a8e5b3f elementor-widget elementor-widget-text-editor\" data-id=\"a8e5b3f\" data-element_type=\"widget\" data-e-type=\"widget\" data-widget_type=\"text-editor.default\">\n\t\t\t\t<div class=\"elementor-widget-container\">\n\t\t\t\t\t\t\t\t\t<p>Vi leverer stort set alt inden for IT-udstyr og kan skaffe det meste. Vores prim\u00e6re m\u00e6rker inden for PC\u2019er er <strong>HP<\/strong> und <strong>Lenovo<\/strong>.<\/p><p>N\u00e5r det g\u00e6lder sk\u00e6rme, har vi i mange \u00e5r leveret professionelle sk\u00e6rml\u00f8sninger fra <strong>Samsung<\/strong>, som b\u00e5de sikrer h\u00f8j billedkvalitet og fleksible justeringsmuligheder, s\u00e5 de passer til jeres arbejdsplads og m\u00e5de at arbejde p\u00e5. Vi arbejder ogs\u00e5 med <strong>AG Neovo<\/strong>, som leverer driftssikre sk\u00e6rme til professionel brug, hvor stabilitet og lang levetid er i fokus.<\/p><p>Inden for tastatur og mus tilbyder vi flere l\u00f8sninger \u2013 b\u00e5de standards\u00e6t fra <strong>Logitech<\/strong> og mere avancerede ergonomiske produkter fra <strong>Contour<\/strong>, herunder Rollermouse og ergonomiske tastaturer. Mange med arm- og h\u00e5ndledsproblemer har stor gl\u00e6de af dem.<\/p><p>P\u00e5 netv\u00e6rkssiden arbejder vi med flere m\u00e6rker og modeller. Vi leverer prim\u00e6rt <strong>HP\/Aruba<\/strong>, men har ogs\u00e5 et bredt udvalg af produkter fra <strong>Zyxel<\/strong> und <strong>UniFi<\/strong>. Derudover tilbyder vi ogs\u00e5 l\u00f8sninger inden for netv\u00e6rksbaseret videooverv\u00e5gning, hvor vi blandt andet arbejder med <strong>Axis<\/strong> til professionelle kamera- og sikkerhedsl\u00f8sninger.<\/p><p>S\u00f8ger I\u00a0produkter, som ikke er n\u00e6vnt her p\u00e5 siden\u00a0\u2013 f.eks. enkeltdele \u2013 er I altid velkommen til at kontakte os for at h\u00f8re n\u00e6rmere.<\/p>\t\t\t\t\t\t\t\t<\/div>\n\t\t\t\t<\/div>\n\t\t\t\t<div class=\"elementor-element elementor-element-0e47434 elementor-widget elementor-widget-spacer\" data-id=\"0e47434\" data-element_type=\"widget\" data-e-type=\"widget\" data-widget_type=\"spacer.default\">\n\t\t\t\t<div class=\"elementor-widget-container\">\n\t\t\t\t\t\t\t<div class=\"elementor-spacer\">\n\t\t\t<div class=\"elementor-spacer-inner\"><\/div>\n\t\t<\/div>\n\t\t\t\t\t\t<\/div>\n\t\t\t\t<\/div>\n\t\t<div class=\"elementor-element elementor-element-2032b48 e-con-full e-transform e-flex e-con e-child\" data-id=\"2032b48\" data-element_type=\"container\" data-e-type=\"container\" data-settings=\"{&quot;background_background&quot;:&quot;classic&quot;,&quot;_transform_scale_effect&quot;:{&quot;unit&quot;:&quot;px&quot;,&quot;size&quot;:&quot;&quot;,&quot;sizes&quot;:[]},&quot;_transform_scale_effect_widescreen&quot;:{&quot;unit&quot;:&quot;px&quot;,&quot;size&quot;:&quot;&quot;,&quot;sizes&quot;:[]},&quot;_transform_scale_effect_laptop&quot;:{&quot;unit&quot;:&quot;px&quot;,&quot;size&quot;:&quot;&quot;,&quot;sizes&quot;:[]},&quot;_transform_scale_effect_tablet&quot;:{&quot;unit&quot;:&quot;px&quot;,&quot;size&quot;:&quot;&quot;,&quot;sizes&quot;:[]},&quot;_transform_scale_effect_mobile&quot;:{&quot;unit&quot;:&quot;px&quot;,&quot;size&quot;:&quot;&quot;,&quot;sizes&quot;:[]}}\">\n\t\t<div class=\"elementor-element elementor-element-d66d2f3 e-con-full e-flex e-con e-child\" data-id=\"d66d2f3\" data-element_type=\"container\" data-e-type=\"container\">\n\t\t\t\t<div class=\"elementor-element elementor-element-e4a5e46 elementor-widget elementor-widget-image\" data-id=\"e4a5e46\" data-element_type=\"widget\" data-e-type=\"widget\" data-widget_type=\"image.default\">\n\t\t\t\t<div class=\"elementor-widget-container\">\n\t\t\t\t\t\t\t\t\t\t\t\t\t\t\t<img decoding=\"async\" width=\"216\" height=\"71\" src=\"https:\/\/tscomputer.dk\/wp-content\/uploads\/2026\/04\/lenovo-logo-brandlogos.net_7uitkwgfg.svg\" class=\"attachment-large size-large wp-image-7023\" alt=\"lenovo-logo\" \/>\t\t\t\t\t\t\t\t\t\t\t\t\t\t\t<\/div>\n\t\t\t\t<\/div>\n\t\t\t\t<\/div>\n\t\t<div class=\"elementor-element elementor-element-5facdc3 e-con-full e-flex e-con e-child\" data-id=\"5facdc3\" data-element_type=\"container\" data-e-type=\"container\">\n\t\t\t\t<div class=\"elementor-element elementor-element-188903a elementor-widget elementor-widget-image\" data-id=\"188903a\" data-element_type=\"widget\" data-e-type=\"widget\" data-widget_type=\"image.default\">\n\t\t\t\t<div class=\"elementor-widget-container\">\n\t\t\t\t\t\t\t\t\t\t\t\t\t\t\t<img decoding=\"async\" width=\"386\" height=\"59\" src=\"https:\/\/tscomputer.dk\/wp-content\/uploads\/2026\/04\/samsung-group-logo-brandlogos.net_l7sj7kfi1.svg\" class=\"attachment-large size-large wp-image-7025\" alt=\"samsung-group-logo\" \/>\t\t\t\t\t\t\t\t\t\t\t\t\t\t\t<\/div>\n\t\t\t\t<\/div>\n\t\t\t\t<\/div>\n\t\t<div class=\"elementor-element elementor-element-4db4d57 e-con-full e-flex e-con e-child\" data-id=\"4db4d57\" data-element_type=\"container\" data-e-type=\"container\">\n\t\t\t\t<div class=\"elementor-element elementor-element-33ff338 elementor-widget elementor-widget-image\" data-id=\"33ff338\" data-element_type=\"widget\" data-e-type=\"widget\" data-widget_type=\"image.default\">\n\t\t\t\t<div class=\"elementor-widget-container\">\n\t\t\t\t\t\t\t\t\t\t\t\t\t\t\t<img loading=\"lazy\" decoding=\"async\" width=\"800\" height=\"510\" src=\"https:\/\/tscomputer.dk\/wp-content\/uploads\/2026\/05\/Axis-logo-1-1024x653.png\" class=\"attachment-large size-large wp-image-7422\" alt=\"\" srcset=\"https:\/\/tscomputer.dk\/wp-content\/uploads\/2026\/05\/Axis-logo-1-1024x653.png 1024w, https:\/\/tscomputer.dk\/wp-content\/uploads\/2026\/05\/Axis-logo-1-300x191.png 300w, https:\/\/tscomputer.dk\/wp-content\/uploads\/2026\/05\/Axis-logo-1-768x490.png 768w, https:\/\/tscomputer.dk\/wp-content\/uploads\/2026\/05\/Axis-logo-1-1536x980.png 1536w, https:\/\/tscomputer.dk\/wp-content\/uploads\/2026\/05\/Axis-logo-1-2048x1307.png 2048w, https:\/\/tscomputer.dk\/wp-content\/uploads\/2026\/05\/Axis-logo-1-18x12.png 18w, https:\/\/tscomputer.dk\/wp-content\/uploads\/2026\/05\/Axis-logo-1-1320x842.png 1320w\" sizes=\"(max-width: 800px) 100vw, 800px\" \/>\t\t\t\t\t\t\t\t\t\t\t\t\t\t\t<\/div>\n\t\t\t\t<\/div>\n\t\t\t\t<\/div>\n\t\t<div class=\"elementor-element elementor-element-323b97c e-con-full e-flex e-con e-child\" data-id=\"323b97c\" data-element_type=\"container\" data-e-type=\"container\">\n\t\t\t\t<div class=\"elementor-element elementor-element-1155447 elementor-widget elementor-widget-image\" data-id=\"1155447\" data-element_type=\"widget\" data-e-type=\"widget\" data-widget_type=\"image.default\">\n\t\t\t\t<div class=\"elementor-widget-container\">\n\t\t\t\t\t\t\t\t\t\t\t\t\t\t\t<img loading=\"lazy\" decoding=\"async\" width=\"50\" height=\"49\" src=\"https:\/\/tscomputer.dk\/wp-content\/uploads\/2026\/04\/hp-logo-F5450tJU_brandlogos.net_.svg\" class=\"attachment-large size-large wp-image-7024\" alt=\"hp-logo\" \/>\t\t\t\t\t\t\t\t\t\t\t\t\t\t\t<\/div>\n\t\t\t\t<\/div>\n\t\t\t\t<\/div>\n\t\t<div class=\"elementor-element elementor-element-8882fe1 e-con-full e-flex e-con e-child\" data-id=\"8882fe1\" data-element_type=\"container\" data-e-type=\"container\">\n\t\t\t\t<div class=\"elementor-element elementor-element-1ecec04 elementor-widget elementor-widget-image\" data-id=\"1ecec04\" data-element_type=\"widget\" data-e-type=\"widget\" data-widget_type=\"image.default\">\n\t\t\t\t<div class=\"elementor-widget-container\">\n\t\t\t\t\t\t\t\t\t\t\t\t\t\t\t<img loading=\"lazy\" decoding=\"async\" width=\"417\" height=\"126\" src=\"https:\/\/tscomputer.dk\/wp-content\/uploads\/2026\/04\/logitech-2015-logo-brandlogos.net_4y9x2a935.svg\" class=\"attachment-large size-large wp-image-7027\" alt=\"logitech-2015-logo\" \/>\t\t\t\t\t\t\t\t\t\t\t\t\t\t\t<\/div>\n\t\t\t\t<\/div>\n\t\t\t\t<\/div>\n\t\t<div class=\"elementor-element elementor-element-07603fc e-con-full e-flex e-con e-child\" data-id=\"07603fc\" data-element_type=\"container\" data-e-type=\"container\">\n\t\t\t\t<div class=\"elementor-element elementor-element-e748076 elementor-widget elementor-widget-image\" data-id=\"e748076\" data-element_type=\"widget\" data-e-type=\"widget\" data-widget_type=\"image.default\">\n\t\t\t\t<div class=\"elementor-widget-container\">\n\t\t\t\t\t\t\t\t\t\t\t\t\t\t\t<img loading=\"lazy\" decoding=\"async\" width=\"400\" height=\"400\" src=\"https:\/\/tscomputer.dk\/wp-content\/uploads\/2026\/05\/zyxel-vector-logo.png\" class=\"attachment-large size-large wp-image-7364\" alt=\"ZyXEL-logo\" srcset=\"https:\/\/tscomputer.dk\/wp-content\/uploads\/2026\/05\/zyxel-vector-logo.png 400w, https:\/\/tscomputer.dk\/wp-content\/uploads\/2026\/05\/zyxel-vector-logo-300x300.png 300w, https:\/\/tscomputer.dk\/wp-content\/uploads\/2026\/05\/zyxel-vector-logo-150x150.png 150w, https:\/\/tscomputer.dk\/wp-content\/uploads\/2026\/05\/zyxel-vector-logo-12x12.png 12w\" sizes=\"(max-width: 400px) 100vw, 400px\" \/>\t\t\t\t\t\t\t\t\t\t\t\t\t\t\t<\/div>\n\t\t\t\t<\/div>\n\t\t\t\t<\/div>\n\t\t<div class=\"elementor-element elementor-element-ddee1f1 e-con-full e-flex e-con e-child\" data-id=\"ddee1f1\" data-element_type=\"container\" data-e-type=\"container\">\n\t\t\t\t<div class=\"elementor-element elementor-element-54c1d9e elementor-widget elementor-widget-image\" data-id=\"54c1d9e\" data-element_type=\"widget\" data-e-type=\"widget\" data-widget_type=\"image.default\">\n\t\t\t\t<div class=\"elementor-widget-container\">\n\t\t\t\t\t\t\t\t\t\t\t\t\t\t\t<img loading=\"lazy\" decoding=\"async\" width=\"800\" height=\"510\" src=\"https:\/\/tscomputer.dk\/wp-content\/uploads\/2026\/04\/contour-logo-1.svg\" class=\"attachment-large size-large wp-image-7034\" alt=\"contour logo\" \/>\t\t\t\t\t\t\t\t\t\t\t\t\t\t\t<\/div>\n\t\t\t\t<\/div>\n\t\t\t\t<\/div>\n\t\t<div class=\"elementor-element elementor-element-754c854 e-con-full e-flex e-con e-child\" data-id=\"754c854\" data-element_type=\"container\" data-e-type=\"container\">\n\t\t\t\t<div class=\"elementor-element elementor-element-e21d9fe elementor-widget elementor-widget-image\" data-id=\"e21d9fe\" data-element_type=\"widget\" data-e-type=\"widget\" data-widget_type=\"image.default\">\n\t\t\t\t<div class=\"elementor-widget-container\">\n\t\t\t\t\t\t\t\t\t\t\t\t\t\t\t<img loading=\"lazy\" decoding=\"async\" width=\"126\" height=\"95\" src=\"https:\/\/tscomputer.dk\/wp-content\/uploads\/2026\/05\/Ubiquiti-O1Xkv8ScQ_brandlogos.net_.svg\" class=\"attachment-large size-large wp-image-7365\" alt=\"\" \/>\t\t\t\t\t\t\t\t\t\t\t\t\t\t\t<\/div>\n\t\t\t\t<\/div>\n\t\t\t\t<\/div>\n\t\t<div class=\"elementor-element elementor-element-05ea19e e-con-full e-flex e-con e-child\" data-id=\"05ea19e\" data-element_type=\"container\" data-e-type=\"container\">\n\t\t\t\t<div class=\"elementor-element elementor-element-80e16ea elementor-widget elementor-widget-image\" data-id=\"80e16ea\" data-element_type=\"widget\" data-e-type=\"widget\" data-widget_type=\"image.default\">\n\t\t\t\t<div class=\"elementor-widget-container\">\n\t\t\t\t\t\t\t\t\t\t\t\t\t\t\t<img loading=\"lazy\" decoding=\"async\" width=\"800\" height=\"510\" src=\"https:\/\/tscomputer.dk\/wp-content\/uploads\/2026\/05\/AGneovo-logo-1024x653.png\" class=\"attachment-large size-large wp-image-7423\" alt=\"AGneovo-logo\" srcset=\"https:\/\/tscomputer.dk\/wp-content\/uploads\/2026\/05\/AGneovo-logo-1024x653.png 1024w, https:\/\/tscomputer.dk\/wp-content\/uploads\/2026\/05\/AGneovo-logo-300x191.png 300w, https:\/\/tscomputer.dk\/wp-content\/uploads\/2026\/05\/AGneovo-logo-768x490.png 768w, https:\/\/tscomputer.dk\/wp-content\/uploads\/2026\/05\/AGneovo-logo-1536x980.png 1536w, https:\/\/tscomputer.dk\/wp-content\/uploads\/2026\/05\/AGneovo-logo-2048x1307.png 2048w, https:\/\/tscomputer.dk\/wp-content\/uploads\/2026\/05\/AGneovo-logo-18x12.png 18w, https:\/\/tscomputer.dk\/wp-content\/uploads\/2026\/05\/AGneovo-logo-1320x842.png 1320w\" sizes=\"(max-width: 800px) 100vw, 800px\" \/>\t\t\t\t\t\t\t\t\t\t\t\t\t\t\t<\/div>\n\t\t\t\t<\/div>\n\t\t\t\t<\/div>\n\t\t\t\t<\/div>\n\t\t\t\t\t<\/div>\n\t\t\t\t<\/div>\n\t\t\t\t<div class=\"elementor-element elementor-element-63c412b elementor-widget elementor-widget-spacer\" data-id=\"63c412b\" data-element_type=\"widget\" data-e-type=\"widget\" data-widget_type=\"spacer.default\">\n\t\t\t\t<div class=\"elementor-widget-container\">\n\t\t\t\t\t\t\t<div class=\"elementor-spacer\">\n\t\t\t<div class=\"elementor-spacer-inner\"><\/div>\n\t\t<\/div>\n\t\t\t\t\t\t<\/div>\n\t\t\t\t<\/div>\n\t\t<div class=\"elementor-element elementor-element-bc3a178 e-con-full e-flex e-con e-child\" data-id=\"bc3a178\" data-element_type=\"container\" data-e-type=\"container\">\n\t\t\t\t<div class=\"elementor-element elementor-element-e379cdb elementor-align-left elementor-widget elementor-widget-button\" data-id=\"e379cdb\" data-element_type=\"widget\" data-e-type=\"widget\" data-widget_type=\"button.default\">\n\t\t\t\t<div class=\"elementor-widget-container\">\n\t\t\t\t\t\t\t\t\t<div class=\"elementor-button-wrapper\">\n\t\t\t\t\t<a class=\"elementor-button elementor-button-link elementor-size-sm\" href=\"\/de\/kontakt-os\/\">\n\t\t\t\t\t\t<span class=\"elementor-button-content-wrapper\">\n\t\t\t\t\t\t\t\t\t<span class=\"elementor-button-text\">F\u00e5 et uforpligtende tilbud!<\/span>\n\t\t\t\t\t<\/span>\n\t\t\t\t\t<\/a>\n\t\t\t\t<\/div>\n\t\t\t\t\t\t\t\t<\/div>\n\t\t\t\t<\/div>\n\t\t\t\t<\/div>\n\t\t\t\t<\/div>\n\t\t<div class=\"elementor-element elementor-element-5e148d8 e-flex e-con-boxed e-con e-parent\" data-id=\"5e148d8\" data-element_type=\"container\" data-e-type=\"container\">\n\t\t\t\t\t<div class=\"e-con-inner\">\n\t\t\t\t<div class=\"elementor-element elementor-element-9515ea3 elementor-widget elementor-widget-spacer\" data-id=\"9515ea3\" data-element_type=\"widget\" data-e-type=\"widget\" data-widget_type=\"spacer.default\">\n\t\t\t\t<div class=\"elementor-widget-container\">\n\t\t\t\t\t\t\t<div class=\"elementor-spacer\">\n\t\t\t<div class=\"elementor-spacer-inner\"><\/div>\n\t\t<\/div>\n\t\t\t\t\t\t<\/div>\n\t\t\t\t<\/div>\n\t\t\t\t\t<\/div>\n\t\t\t\t<\/div>\n\t\t\t\t<\/div>","protected":false},"excerpt":{"rendered":"<p>Hardware IT-udstyr til virksomheder \u2013 alt fra PC\u2019er, sk\u00e6rme og ergonomisk udstyr til netv\u00e6rksl\u00f8sninger Vi leverer og skaffer det meste til professionelle arbejdspladser Tilpasset jeres behov, arbejdsgange og IT-setup F\u00e5 r\u00e5dgivning nu! Vi leverer stort set alt inden for IT-udstyr og kan skaffe det meste. Vores prim\u00e6re m\u00e6rker inden for PC\u2019er er HP og Lenovo. [&hellip;]<\/p>\n","protected":false},"author":8,"featured_media":0,"parent":0,"menu_order":0,"comment_status":"closed","ping_status":"closed","template":"elementor_header_footer","meta":{"footnotes":""},"class_list":["post-7018","page","type-page","status-publish","hentry"],"yoast_head":"<!-- This site is optimized with the Yoast SEO plugin v27.6 - https:\/\/yoast.com\/product\/yoast-seo-wordpress\/ -->\n<title>Hardware - TS Computer<\/title>\n<meta name=\"description\" content=\"Vi leverer stor set alt indenfor IT udstyr og kan skaffe det meste. Alt fra PCer, sk\u00e6rme, printere og special udstyr som rollermouse.\" \/>\n<meta name=\"robots\" content=\"index, follow, max-snippet:-1, max-image-preview:large, max-video-preview:-1\" \/>\n<link rel=\"canonical\" href=\"https:\/\/tscomputer.dk\/de\/hardware\/\" \/>\n<meta property=\"og:locale\" content=\"de_DE\" \/>\n<meta property=\"og:type\" content=\"article\" \/>\n<meta property=\"og:title\" content=\"Hardware - TS Computer\" \/>\n<meta property=\"og:description\" content=\"Vi leverer stor set alt indenfor IT udstyr og kan skaffe det meste. Alt fra PCer, sk\u00e6rme, printere og special udstyr som rollermouse.\" \/>\n<meta property=\"og:url\" content=\"https:\/\/tscomputer.dk\/de\/hardware\/\" \/>\n<meta property=\"og:site_name\" content=\"TS Computer\" \/>\n<meta property=\"article:modified_time\" content=\"2026-05-13T11:01:45+00:00\" \/>\n<meta property=\"og:image\" content=\"https:\/\/tscomputer.dk\/wp-content\/uploads\/2026\/04\/Hardware1-1.png\" \/>\n<meta name=\"twitter:card\" content=\"summary_large_image\" \/>\n<meta name=\"twitter:label1\" content=\"Gesch\u00e4tzte Lesezeit\" \/>\n\t<meta name=\"twitter:data1\" content=\"1\u00a0Minute\" \/>\n<script type=\"application\/ld+json\" class=\"yoast-schema-graph\">{\"@context\":\"https:\\\/\\\/schema.org\",\"@graph\":[{\"@type\":\"WebPage\",\"@id\":\"https:\\\/\\\/tscomputer.dk\\\/hardware\\\/\",\"url\":\"https:\\\/\\\/tscomputer.dk\\\/hardware\\\/\",\"name\":\"Hardware - TS Computer\",\"isPartOf\":{\"@id\":\"https:\\\/\\\/tscomputer.dk\\\/#website\"},\"primaryImageOfPage\":{\"@id\":\"https:\\\/\\\/tscomputer.dk\\\/hardware\\\/#primaryimage\"},\"image\":{\"@id\":\"https:\\\/\\\/tscomputer.dk\\\/hardware\\\/#primaryimage\"},\"thumbnailUrl\":\"https:\\\/\\\/tscomputer.dk\\\/wp-content\\\/uploads\\\/2026\\\/04\\\/Hardware1-1.png\",\"datePublished\":\"2026-05-13T11:01:44+00:00\",\"dateModified\":\"2026-05-13T11:01:45+00:00\",\"description\":\"Vi leverer stor set alt indenfor IT udstyr og kan skaffe det meste. Alt fra PCer, sk\u00e6rme, printere og special udstyr som rollermouse.\",\"inLanguage\":\"de\",\"potentialAction\":[{\"@type\":\"ReadAction\",\"target\":[\"https:\\\/\\\/tscomputer.dk\\\/hardware\\\/\"]}]},{\"@type\":\"ImageObject\",\"inLanguage\":\"de\",\"@id\":\"https:\\\/\\\/tscomputer.dk\\\/hardware\\\/#primaryimage\",\"url\":\"https:\\\/\\\/tscomputer.dk\\\/wp-content\\\/uploads\\\/2026\\\/04\\\/Hardware1-1.png\",\"contentUrl\":\"https:\\\/\\\/tscomputer.dk\\\/wp-content\\\/uploads\\\/2026\\\/04\\\/Hardware1-1.png\"},{\"@type\":\"WebSite\",\"@id\":\"https:\\\/\\\/tscomputer.dk\\\/#website\",\"url\":\"https:\\\/\\\/tscomputer.dk\\\/\",\"name\":\"TS Computer\",\"description\":\"Din personlige IT-Leverand\u00f8r\",\"publisher\":{\"@id\":\"https:\\\/\\\/tscomputer.dk\\\/#organization\"},\"potentialAction\":[{\"@type\":\"SearchAction\",\"target\":{\"@type\":\"EntryPoint\",\"urlTemplate\":\"https:\\\/\\\/tscomputer.dk\\\/?s={search_term_string}\"},\"query-input\":{\"@type\":\"PropertyValueSpecification\",\"valueRequired\":true,\"valueName\":\"search_term_string\"}}],\"inLanguage\":\"de\"},{\"@type\":\"Organization\",\"@id\":\"https:\\\/\\\/tscomputer.dk\\\/#organization\",\"name\":\"TS Computer\",\"url\":\"https:\\\/\\\/tscomputer.dk\\\/\",\"logo\":{\"@type\":\"ImageObject\",\"inLanguage\":\"de\",\"@id\":\"https:\\\/\\\/tscomputer.dk\\\/#\\\/schema\\\/logo\\\/image\\\/\",\"url\":\"https:\\\/\\\/tscomputer.dk\\\/wp-content\\\/uploads\\\/2021\\\/09\\\/midligeretidige-logo.png\",\"contentUrl\":\"https:\\\/\\\/tscomputer.dk\\\/wp-content\\\/uploads\\\/2021\\\/09\\\/midligeretidige-logo.png\",\"width\":202,\"height\":52,\"caption\":\"TS Computer\"},\"image\":{\"@id\":\"https:\\\/\\\/tscomputer.dk\\\/#\\\/schema\\\/logo\\\/image\\\/\"}}]}<\/script>\n<!-- \/ Yoast SEO plugin. -->","yoast_head_json":{"title":"Hardware - TS Computer","description":"Vi leverer stor set alt indenfor IT udstyr og kan skaffe det meste. Alt fra PCer, sk\u00e6rme, printere og special udstyr som rollermouse.","robots":{"index":"index","follow":"follow","max-snippet":"max-snippet:-1","max-image-preview":"max-image-preview:large","max-video-preview":"max-video-preview:-1"},"canonical":"https:\/\/tscomputer.dk\/de\/hardware\/","og_locale":"de_DE","og_type":"article","og_title":"Hardware - TS Computer","og_description":"Vi leverer stor set alt indenfor IT udstyr og kan skaffe det meste. Alt fra PCer, sk\u00e6rme, printere og special udstyr som rollermouse.","og_url":"https:\/\/tscomputer.dk\/de\/hardware\/","og_site_name":"TS Computer","article_modified_time":"2026-05-13T11:01:45+00:00","og_image":[{"url":"https:\/\/tscomputer.dk\/wp-content\/uploads\/2026\/04\/Hardware1-1.png","type":"","width":"","height":""}],"twitter_card":"summary_large_image","twitter_misc":{"Gesch\u00e4tzte Lesezeit":"1\u00a0Minute"},"schema":{"@context":"https:\/\/schema.org","@graph":[{"@type":"WebPage","@id":"https:\/\/tscomputer.dk\/hardware\/","url":"https:\/\/tscomputer.dk\/hardware\/","name":"Hardware - TS Computer","isPartOf":{"@id":"https:\/\/tscomputer.dk\/#website"},"primaryImageOfPage":{"@id":"https:\/\/tscomputer.dk\/hardware\/#primaryimage"},"image":{"@id":"https:\/\/tscomputer.dk\/hardware\/#primaryimage"},"thumbnailUrl":"https:\/\/tscomputer.dk\/wp-content\/uploads\/2026\/04\/Hardware1-1.png","datePublished":"2026-05-13T11:01:44+00:00","dateModified":"2026-05-13T11:01:45+00:00","description":"Vi leverer stor set alt indenfor IT udstyr og kan skaffe det meste. Alt fra PCer, sk\u00e6rme, printere og special udstyr som rollermouse.","inLanguage":"de","potentialAction":[{"@type":"ReadAction","target":["https:\/\/tscomputer.dk\/hardware\/"]}]},{"@type":"ImageObject","inLanguage":"de","@id":"https:\/\/tscomputer.dk\/hardware\/#primaryimage","url":"https:\/\/tscomputer.dk\/wp-content\/uploads\/2026\/04\/Hardware1-1.png","contentUrl":"https:\/\/tscomputer.dk\/wp-content\/uploads\/2026\/04\/Hardware1-1.png"},{"@type":"WebSite","@id":"https:\/\/tscomputer.dk\/#website","url":"https:\/\/tscomputer.dk\/","name":"TS Computer","description":"Din personlige IT-Leverand\u00f8r","publisher":{"@id":"https:\/\/tscomputer.dk\/#organization"},"potentialAction":[{"@type":"SearchAction","target":{"@type":"EntryPoint","urlTemplate":"https:\/\/tscomputer.dk\/?s={search_term_string}"},"query-input":{"@type":"PropertyValueSpecification","valueRequired":true,"valueName":"search_term_string"}}],"inLanguage":"de"},{"@type":"Organization","@id":"https:\/\/tscomputer.dk\/#organization","name":"TS Computer","url":"https:\/\/tscomputer.dk\/","logo":{"@type":"ImageObject","inLanguage":"de","@id":"https:\/\/tscomputer.dk\/#\/schema\/logo\/image\/","url":"https:\/\/tscomputer.dk\/wp-content\/uploads\/2021\/09\/midligeretidige-logo.png","contentUrl":"https:\/\/tscomputer.dk\/wp-content\/uploads\/2021\/09\/midligeretidige-logo.png","width":202,"height":52,"caption":"TS Computer"},"image":{"@id":"https:\/\/tscomputer.dk\/#\/schema\/logo\/image\/"}}]}},"_links":{"self":[{"href":"https:\/\/tscomputer.dk\/de\/wp-json\/wp\/v2\/pages\/7018","targetHints":{"allow":["GET"]}}],"collection":[{"href":"https:\/\/tscomputer.dk\/de\/wp-json\/wp\/v2\/pages"}],"about":[{"href":"https:\/\/tscomputer.dk\/de\/wp-json\/wp\/v2\/types\/page"}],"author":[{"embeddable":true,"href":"https:\/\/tscomputer.dk\/de\/wp-json\/wp\/v2\/users\/8"}],"replies":[{"embeddable":true,"href":"https:\/\/tscomputer.dk\/de\/wp-json\/wp\/v2\/comments?post=7018"}],"version-history":[{"count":100,"href":"https:\/\/tscomputer.dk\/de\/wp-json\/wp\/v2\/pages\/7018\/revisions"}],"predecessor-version":[{"id":7505,"href":"https:\/\/tscomputer.dk\/de\/wp-json\/wp\/v2\/pages\/7018\/revisions\/7505"}],"wp:attachment":[{"href":"https:\/\/tscomputer.dk\/de\/wp-json\/wp\/v2\/media?parent=7018"}],"curies":[{"name":"wp","href":"https:\/\/api.w.org\/{rel}","templated":true}]}}