{"id":7047,"date":"2026-05-13T13:20:24","date_gmt":"2026-05-13T11:20:24","guid":{"rendered":"https:\/\/tscomputer.dk\/?page_id=7047"},"modified":"2026-05-13T13:20:37","modified_gmt":"2026-05-13T11:20:37","slug":"software","status":"publish","type":"page","link":"https:\/\/tscomputer.dk\/de\/software\/","title":{"rendered":"Software"},"content":{"rendered":"<div data-elementor-type=\"wp-page\" data-elementor-id=\"7047\" class=\"elementor elementor-7047\" data-elementor-post-type=\"page\">\n\t\t\t\t<div class=\"elementor-element elementor-element-8a052c9 e-flex e-con-boxed e-con e-parent\" data-id=\"8a052c9\" data-element_type=\"container\" data-e-type=\"container\" data-settings=\"{&quot;background_background&quot;:&quot;gradient&quot;}\">\n\t\t\t\t\t<div class=\"e-con-inner\">\n\t\t\t\t<div class=\"elementor-element elementor-element-e43d0e9 elementor-align-left elementor-widget elementor-widget-breadcrumbs\" data-id=\"e43d0e9\" data-element_type=\"widget\" data-e-type=\"widget\" data-widget_type=\"breadcrumbs.default\">\n\t\t\t\t<div class=\"elementor-widget-container\">\n\t\t\t\t\t<p id=\"breadcrumbs\"><\/p>\t\t\t\t<\/div>\n\t\t\t\t<\/div>\n\t\t<div class=\"elementor-element elementor-element-096ec16 e-con-full e-flex e-con e-child\" data-id=\"096ec16\" data-element_type=\"container\" data-e-type=\"container\">\n\t\t<div class=\"elementor-element elementor-element-a6301a0 e-con-full e-flex e-con e-child\" data-id=\"a6301a0\" data-element_type=\"container\" data-e-type=\"container\">\n\t\t\t\t<div class=\"elementor-element elementor-element-c759293 elementor-widget elementor-widget-heading\" data-id=\"c759293\" data-element_type=\"widget\" data-e-type=\"widget\" data-widget_type=\"heading.default\">\n\t\t\t\t<div class=\"elementor-widget-container\">\n\t\t\t\t\t<h1 class=\"elementor-heading-title elementor-size-default\">Software<\/h1>\t\t\t\t<\/div>\n\t\t\t\t<\/div>\n\t\t\t\t<\/div>\n\t\t\t\t<div class=\"elementor-element elementor-element-38a5eb5 elementor-widget elementor-widget-spacer\" data-id=\"38a5eb5\" data-element_type=\"widget\" data-e-type=\"widget\" data-widget_type=\"spacer.default\">\n\t\t\t\t<div class=\"elementor-widget-container\">\n\t\t\t\t\t\t\t<div class=\"elementor-spacer\">\n\t\t\t<div class=\"elementor-spacer-inner\"><\/div>\n\t\t<\/div>\n\t\t\t\t\t\t<\/div>\n\t\t\t\t<\/div>\n\t\t\t\t<div class=\"elementor-element elementor-element-4670d9e elementor-position-right elementor-position-right elementor-position-top elementor-vertical-align-middle elementor-vertical-align-middle elementor-vertical-align-middle elementor-widget-laptop__width-auto elementor-widget elementor-widget-image-box\" data-id=\"4670d9e\" data-element_type=\"widget\" data-e-type=\"widget\" data-widget_type=\"image-box.default\">\n\t\t\t\t<div class=\"elementor-widget-container\">\n\t\t\t\t\t<div class=\"elementor-image-box-wrapper\"><figure class=\"elementor-image-box-img\"><img fetchpriority=\"high\" decoding=\"async\" width=\"823\" height=\"525\" src=\"https:\/\/tscomputer.dk\/wp-content\/uploads\/2026\/04\/software1.png\" class=\"attachment-full size-full wp-image-7055\" alt=\"Software\" srcset=\"https:\/\/tscomputer.dk\/wp-content\/uploads\/2026\/04\/software1.png 823w, https:\/\/tscomputer.dk\/wp-content\/uploads\/2026\/04\/software1-300x191.png 300w, https:\/\/tscomputer.dk\/wp-content\/uploads\/2026\/04\/software1-768x490.png 768w, https:\/\/tscomputer.dk\/wp-content\/uploads\/2026\/04\/software1-18x12.png 18w\" sizes=\"(max-width: 823px) 100vw, 823px\" \/><\/figure><div class=\"elementor-image-box-content\"><p class=\"elementor-image-box-description\">Softwarel\u00f8sninger til virksomheder \u2013 fra licenser og Microsoft 365 til kreative v\u00e6rkt\u00f8jer og IT-sikkerhed.\nVi leverer professionelle softwareprodukter, der underst\u00f8tter jeres daglige drift - fra kontor og produktivitet til design, sikkerhed og speciall\u00f8sninger. Alt samlet \u00e9t sted \u2013 tilpasset jeres behov og arbejdsgange.<\/p><\/div><\/div>\t\t\t\t<\/div>\n\t\t\t\t<\/div>\n\t\t\t\t<div class=\"elementor-element elementor-element-e379cdb elementor-align-left elementor-widget elementor-widget-button\" data-id=\"e379cdb\" data-element_type=\"widget\" data-e-type=\"widget\" data-widget_type=\"button.default\">\n\t\t\t\t<div class=\"elementor-widget-container\">\n\t\t\t\t\t\t\t\t\t<div class=\"elementor-button-wrapper\">\n\t\t\t\t\t<a class=\"elementor-button elementor-button-link elementor-size-sm\" href=\"\/de\/kontakt-os\/\">\n\t\t\t\t\t\t<span class=\"elementor-button-content-wrapper\">\n\t\t\t\t\t\t\t\t\t<span class=\"elementor-button-text\">Kontaktieren Sie uns <\/span>\n\t\t\t\t\t<\/span>\n\t\t\t\t\t<\/a>\n\t\t\t\t<\/div>\n\t\t\t\t\t\t\t\t<\/div>\n\t\t\t\t<\/div>\n\t\t\t\t<\/div>\n\t\t<div class=\"elementor-element elementor-element-14d53b7 e-flex e-con-boxed e-con e-child\" data-id=\"14d53b7\" data-element_type=\"container\" data-e-type=\"container\">\n\t\t\t\t\t<div class=\"e-con-inner\">\n\t\t\t\t<div class=\"elementor-element elementor-element-a8e5b3f elementor-widget elementor-widget-text-editor\" data-id=\"a8e5b3f\" data-element_type=\"widget\" data-e-type=\"widget\" data-widget_type=\"text-editor.default\">\n\t\t\t\t<div class=\"elementor-widget-container\">\n\t\t\t\t\t\t\t\t\t<p data-start=\"177\" data-end=\"294\">Vi tilbyder et bredt udvalg af softwarel\u00f8sninger og hj\u00e6lper jer med at finde den l\u00f8sning, der passer bedst til jeres behov.<\/p><p data-start=\"296\" data-end=\"482\">Inden for <span class=\"hover:entity-accent entity-underline inline cursor-pointer align-baseline\"><span class=\"whitespace-normal\">Microsoft<\/span><\/span>-universet leverer vi stort set alt \u2013 b\u00e5de traditionelle licenser og l\u00f8sninger som <strong>Microsoft 365<\/strong>, afh\u00e6ngigt af hvordan I \u00f8nsker at arbejde. <a href=\"https:\/\/tscomputer.dk\/de\/microsoft-365\/\" target=\"_blank\" rel=\"noopener\">L\u00e6s mere om Microsoft 365 her.<\/a><\/p><p data-start=\"484\" data-end=\"748\">Er I en forening eller organisation kan I f\u00e5 vores <strong>Microsoft 365 non-profit<\/strong> version. L\u00e6s mere om Microsoft non-profit her.<\/p><p data-start=\"484\" data-end=\"748\">Vi tilbyder ogs\u00e5 software fra <strong><span class=\"hover:entity-accent entity-underline inline cursor-pointer align-baseline\"><span class=\"whitespace-normal\">Adobe<\/span><\/span><\/strong> \u2013 b\u00e5de til almindelig kontorbrug, hvor der er behov for PDF-redigering og digitale underskrifter, samt mere avancerede grafiske l\u00f8sninger som <strong>Adobe Creative Cloud<\/strong> eller udvalgte programmer herfra.<\/p><p data-start=\"750\" data-end=\"1000\">N\u00e5r det g\u00e6lder antivirus, arbejder vi med l\u00f8sninger fra <strong><span class=\"hover:entity-accent entity-underline inline cursor-pointer align-baseline\"><span class=\"whitespace-normal\">ESET<\/span><\/span><\/strong>. De f\u00e5s i b\u00e5de en standard og en udvidet version og er kendetegnet ved at v\u00e6re brugervenlige, kr\u00e6ve minimal vedligeholdelse og arbejde stabilt i baggrunden. <a href=\"https:\/\/tscomputer.dk\/de\/eset-antivirus\/\" target=\"_blank\" rel=\"noopener\">L\u00e6s mere om ESET her.<\/a><\/p><p data-start=\"1002\" data-end=\"1111\">S\u00f8ger I software, som ikke er n\u00e6vnt her p\u00e5 siden, er I altid velkomne til at kontakte os for at h\u00f8re n\u00e6rmere.<\/p>\t\t\t\t\t\t\t\t<\/div>\n\t\t\t\t<\/div>\n\t\t\t\t<div class=\"elementor-element elementor-element-3a6fc85 elementor-widget elementor-widget-spacer\" data-id=\"3a6fc85\" data-element_type=\"widget\" data-e-type=\"widget\" data-widget_type=\"spacer.default\">\n\t\t\t\t<div class=\"elementor-widget-container\">\n\t\t\t\t\t\t\t<div class=\"elementor-spacer\">\n\t\t\t<div class=\"elementor-spacer-inner\"><\/div>\n\t\t<\/div>\n\t\t\t\t\t\t<\/div>\n\t\t\t\t<\/div>\n\t\t\t\t<div class=\"elementor-element elementor-element-1ae4b95 elementor-align-left elementor-widget elementor-widget-button\" data-id=\"1ae4b95\" data-element_type=\"widget\" data-e-type=\"widget\" data-widget_type=\"button.default\">\n\t\t\t\t<div class=\"elementor-widget-container\">\n\t\t\t\t\t\t\t\t\t<div class=\"elementor-button-wrapper\">\n\t\t\t\t\t<a class=\"elementor-button elementor-button-link elementor-size-sm\" href=\"\/de\/kontakt-os\/\">\n\t\t\t\t\t\t<span class=\"elementor-button-content-wrapper\">\n\t\t\t\t\t\t\t\t\t<span class=\"elementor-button-text\">Kontakt os for at h\u00f8re mere om de bedste software l\u00f8sninger.<\/span>\n\t\t\t\t\t<\/span>\n\t\t\t\t\t<\/a>\n\t\t\t\t<\/div>\n\t\t\t\t\t\t\t\t<\/div>\n\t\t\t\t<\/div>\n\t\t\t\t<div class=\"elementor-element elementor-element-2694479 elementor-widget elementor-widget-spacer\" data-id=\"2694479\" data-element_type=\"widget\" data-e-type=\"widget\" data-widget_type=\"spacer.default\">\n\t\t\t\t<div class=\"elementor-widget-container\">\n\t\t\t\t\t\t\t<div class=\"elementor-spacer\">\n\t\t\t<div class=\"elementor-spacer-inner\"><\/div>\n\t\t<\/div>\n\t\t\t\t\t\t<\/div>\n\t\t\t\t<\/div>\n\t\t\t\t\t<\/div>\n\t\t\t\t<\/div>\n\t\t<div class=\"elementor-element elementor-element-bc3a178 e-con-full e-flex e-con e-child\" data-id=\"bc3a178\" data-element_type=\"container\" data-e-type=\"container\">\n\t\t<div class=\"elementor-element elementor-element-d0e95b5 e-con-full e-flex e-con e-child\" data-id=\"d0e95b5\" data-element_type=\"container\" data-e-type=\"container\" data-settings=\"{&quot;background_background&quot;:&quot;classic&quot;}\">\n\t\t<div class=\"elementor-element elementor-element-c2850ca e-con-full e-flex e-con e-child\" data-id=\"c2850ca\" data-element_type=\"container\" data-e-type=\"container\">\n\t\t\t\t<div class=\"elementor-element elementor-element-8a8c9cc elementor-widget elementor-widget-image\" data-id=\"8a8c9cc\" data-element_type=\"widget\" data-e-type=\"widget\" data-widget_type=\"image.default\">\n\t\t\t\t<div class=\"elementor-widget-container\">\n\t\t\t\t\t\t\t\t\t\t\t\t\t\t\t<img decoding=\"async\" width=\"351\" height=\"75\" src=\"https:\/\/tscomputer.dk\/wp-content\/uploads\/2026\/04\/microsoft-logo-brandlogos.net_5i6qb39x4.svg\" class=\"attachment-large size-large wp-image-7059\" alt=\"microsoft-logo\" \/>\t\t\t\t\t\t\t\t\t\t\t\t\t\t\t<\/div>\n\t\t\t\t<\/div>\n\t\t\t\t<\/div>\n\t\t<div class=\"elementor-element elementor-element-b0a0845 e-con-full e-flex e-con e-child\" data-id=\"b0a0845\" data-element_type=\"container\" data-e-type=\"container\">\n\t\t\t\t<div class=\"elementor-element elementor-element-4caff13 elementor-widget elementor-widget-image\" data-id=\"4caff13\" data-element_type=\"widget\" data-e-type=\"widget\" data-widget_type=\"image.default\">\n\t\t\t\t<div class=\"elementor-widget-container\">\n\t\t\t\t\t\t\t\t\t\t\t\t\t\t\t<img decoding=\"async\" width=\"203\" height=\"87\" src=\"https:\/\/tscomputer.dk\/wp-content\/uploads\/2026\/04\/eset-logo-brandlogos.net_5vugyga25.svg\" class=\"attachment-large size-large wp-image-7060\" alt=\"eset-logo\" \/>\t\t\t\t\t\t\t\t\t\t\t\t\t\t\t<\/div>\n\t\t\t\t<\/div>\n\t\t\t\t<\/div>\n\t\t<div class=\"elementor-element elementor-element-bffecb8 e-con-full e-flex e-con e-child\" data-id=\"bffecb8\" data-element_type=\"container\" data-e-type=\"container\">\n\t\t\t\t<div class=\"elementor-element elementor-element-6a5db71 elementor-widget elementor-widget-image\" data-id=\"6a5db71\" data-element_type=\"widget\" data-e-type=\"widget\" data-widget_type=\"image.default\">\n\t\t\t\t<div class=\"elementor-widget-container\">\n\t\t\t\t\t\t\t\t\t\t\t\t\t\t\t<img loading=\"lazy\" decoding=\"async\" width=\"64\" height=\"15\" src=\"https:\/\/tscomputer.dk\/wp-content\/uploads\/2026\/04\/adobe-logo-brandlogos.net_s8j1ucsel.svg\" class=\"attachment-large size-large wp-image-7061\" alt=\"Adobe-logo\" \/>\t\t\t\t\t\t\t\t\t\t\t\t\t\t\t<\/div>\n\t\t\t\t<\/div>\n\t\t\t\t<\/div>\n\t\t<div class=\"elementor-element elementor-element-5595332 e-con-full e-flex e-con e-child\" data-id=\"5595332\" data-element_type=\"container\" data-e-type=\"container\">\n\t\t\t\t<div class=\"elementor-element elementor-element-29281a7 elementor-widget elementor-widget-image\" data-id=\"29281a7\" data-element_type=\"widget\" data-e-type=\"widget\" data-widget_type=\"image.default\">\n\t\t\t\t<div class=\"elementor-widget-container\">\n\t\t\t\t\t\t\t\t\t\t\t\t\t\t\t<img loading=\"lazy\" decoding=\"async\" width=\"150\" height=\"146\" src=\"https:\/\/tscomputer.dk\/wp-content\/uploads\/2026\/04\/adobe-creative-cloud-logo-brandlogos.net_j2xemzqwq.svg\" class=\"attachment-thumbnail size-thumbnail wp-image-7062\" alt=\"adobe-creative-cloud-logo\" \/>\t\t\t\t\t\t\t\t\t\t\t\t\t\t\t<\/div>\n\t\t\t\t<\/div>\n\t\t\t\t<\/div>\n\t\t\t\t<\/div>\n\t\t\t\t<\/div>\n\t\t\t\t\t<\/div>\n\t\t\t\t<\/div>\n\t\t<div class=\"elementor-element elementor-element-5e148d8 e-flex e-con-boxed e-con e-parent\" data-id=\"5e148d8\" data-element_type=\"container\" data-e-type=\"container\">\n\t\t\t\t\t<div class=\"e-con-inner\">\n\t\t\t\t<div class=\"elementor-element elementor-element-9515ea3 elementor-widget elementor-widget-spacer\" data-id=\"9515ea3\" data-element_type=\"widget\" data-e-type=\"widget\" data-widget_type=\"spacer.default\">\n\t\t\t\t<div class=\"elementor-widget-container\">\n\t\t\t\t\t\t\t<div class=\"elementor-spacer\">\n\t\t\t<div class=\"elementor-spacer-inner\"><\/div>\n\t\t<\/div>\n\t\t\t\t\t\t<\/div>\n\t\t\t\t<\/div>\n\t\t\t\t\t<\/div>\n\t\t\t\t<\/div>\n\t\t\t\t<\/div>","protected":false},"excerpt":{"rendered":"<p>Software Softwarel\u00f8sninger til virksomheder \u2013 fra licenser og Microsoft 365 til kreative v\u00e6rkt\u00f8jer og IT-sikkerhed. Vi leverer professionelle softwareprodukter, der underst\u00f8tter jeres daglige drift &#8211; fra kontor og produktivitet til design, sikkerhed og speciall\u00f8sninger. Alt samlet \u00e9t sted \u2013 tilpasset jeres behov og arbejdsgange. Kontakt os Vi tilbyder et bredt udvalg af softwarel\u00f8sninger og hj\u00e6lper [&hellip;]<\/p>\n","protected":false},"author":8,"featured_media":0,"parent":0,"menu_order":0,"comment_status":"closed","ping_status":"closed","template":"elementor_header_footer","meta":{"footnotes":""},"class_list":["post-7047","page","type-page","status-publish","hentry"],"yoast_head":"<!-- This site is optimized with the Yoast SEO plugin v27.6 - https:\/\/yoast.com\/product\/yoast-seo-wordpress\/ -->\n<title>Software - TS Computer<\/title>\n<meta name=\"description\" content=\"Vi leverer mange software l\u00f8sninger i dag. F\u00e5 alt fra Adobe og Creative Cloud over ESET Antivirus til Microsoft 365.\" \/>\n<meta name=\"robots\" content=\"index, follow, max-snippet:-1, max-image-preview:large, max-video-preview:-1\" \/>\n<link rel=\"canonical\" href=\"https:\/\/tscomputer.dk\/de\/software\/\" \/>\n<meta property=\"og:locale\" content=\"de_DE\" \/>\n<meta property=\"og:type\" content=\"article\" \/>\n<meta property=\"og:title\" content=\"Software - TS Computer\" \/>\n<meta property=\"og:description\" content=\"Vi leverer mange software l\u00f8sninger i dag. F\u00e5 alt fra Adobe og Creative Cloud over ESET Antivirus til Microsoft 365.\" \/>\n<meta property=\"og:url\" content=\"https:\/\/tscomputer.dk\/de\/software\/\" \/>\n<meta property=\"og:site_name\" content=\"TS Computer\" \/>\n<meta property=\"article:modified_time\" content=\"2026-05-13T11:20:37+00:00\" \/>\n<meta property=\"og:image\" content=\"https:\/\/tscomputer.dk\/wp-content\/uploads\/2026\/04\/software1.png\" \/>\n<meta name=\"twitter:card\" content=\"summary_large_image\" \/>\n<meta name=\"twitter:label1\" content=\"Gesch\u00e4tzte Lesezeit\" \/>\n\t<meta name=\"twitter:data1\" content=\"1\u00a0Minute\" \/>\n<script type=\"application\/ld+json\" class=\"yoast-schema-graph\">{\"@context\":\"https:\\\/\\\/schema.org\",\"@graph\":[{\"@type\":\"WebPage\",\"@id\":\"https:\\\/\\\/tscomputer.dk\\\/software\\\/\",\"url\":\"https:\\\/\\\/tscomputer.dk\\\/software\\\/\",\"name\":\"Software - TS Computer\",\"isPartOf\":{\"@id\":\"https:\\\/\\\/tscomputer.dk\\\/#website\"},\"primaryImageOfPage\":{\"@id\":\"https:\\\/\\\/tscomputer.dk\\\/software\\\/#primaryimage\"},\"image\":{\"@id\":\"https:\\\/\\\/tscomputer.dk\\\/software\\\/#primaryimage\"},\"thumbnailUrl\":\"https:\\\/\\\/tscomputer.dk\\\/wp-content\\\/uploads\\\/2026\\\/04\\\/software1.png\",\"datePublished\":\"2026-05-13T11:20:24+00:00\",\"dateModified\":\"2026-05-13T11:20:37+00:00\",\"description\":\"Vi leverer mange software l\u00f8sninger i dag. F\u00e5 alt fra Adobe og Creative Cloud over ESET Antivirus til Microsoft 365.\",\"inLanguage\":\"de\",\"potentialAction\":[{\"@type\":\"ReadAction\",\"target\":[\"https:\\\/\\\/tscomputer.dk\\\/software\\\/\"]}]},{\"@type\":\"ImageObject\",\"inLanguage\":\"de\",\"@id\":\"https:\\\/\\\/tscomputer.dk\\\/software\\\/#primaryimage\",\"url\":\"https:\\\/\\\/tscomputer.dk\\\/wp-content\\\/uploads\\\/2026\\\/04\\\/software1.png\",\"contentUrl\":\"https:\\\/\\\/tscomputer.dk\\\/wp-content\\\/uploads\\\/2026\\\/04\\\/software1.png\"},{\"@type\":\"WebSite\",\"@id\":\"https:\\\/\\\/tscomputer.dk\\\/#website\",\"url\":\"https:\\\/\\\/tscomputer.dk\\\/\",\"name\":\"TS Computer\",\"description\":\"Din personlige IT-Leverand\u00f8r\",\"publisher\":{\"@id\":\"https:\\\/\\\/tscomputer.dk\\\/#organization\"},\"potentialAction\":[{\"@type\":\"SearchAction\",\"target\":{\"@type\":\"EntryPoint\",\"urlTemplate\":\"https:\\\/\\\/tscomputer.dk\\\/?s={search_term_string}\"},\"query-input\":{\"@type\":\"PropertyValueSpecification\",\"valueRequired\":true,\"valueName\":\"search_term_string\"}}],\"inLanguage\":\"de\"},{\"@type\":\"Organization\",\"@id\":\"https:\\\/\\\/tscomputer.dk\\\/#organization\",\"name\":\"TS Computer\",\"url\":\"https:\\\/\\\/tscomputer.dk\\\/\",\"logo\":{\"@type\":\"ImageObject\",\"inLanguage\":\"de\",\"@id\":\"https:\\\/\\\/tscomputer.dk\\\/#\\\/schema\\\/logo\\\/image\\\/\",\"url\":\"https:\\\/\\\/tscomputer.dk\\\/wp-content\\\/uploads\\\/2021\\\/09\\\/midligeretidige-logo.png\",\"contentUrl\":\"https:\\\/\\\/tscomputer.dk\\\/wp-content\\\/uploads\\\/2021\\\/09\\\/midligeretidige-logo.png\",\"width\":202,\"height\":52,\"caption\":\"TS Computer\"},\"image\":{\"@id\":\"https:\\\/\\\/tscomputer.dk\\\/#\\\/schema\\\/logo\\\/image\\\/\"}}]}<\/script>\n<!-- \/ Yoast SEO plugin. -->","yoast_head_json":{"title":"Software - TS Computer","description":"Vi leverer mange software l\u00f8sninger i dag. F\u00e5 alt fra Adobe og Creative Cloud over ESET Antivirus til Microsoft 365.","robots":{"index":"index","follow":"follow","max-snippet":"max-snippet:-1","max-image-preview":"max-image-preview:large","max-video-preview":"max-video-preview:-1"},"canonical":"https:\/\/tscomputer.dk\/de\/software\/","og_locale":"de_DE","og_type":"article","og_title":"Software - TS Computer","og_description":"Vi leverer mange software l\u00f8sninger i dag. F\u00e5 alt fra Adobe og Creative Cloud over ESET Antivirus til Microsoft 365.","og_url":"https:\/\/tscomputer.dk\/de\/software\/","og_site_name":"TS Computer","article_modified_time":"2026-05-13T11:20:37+00:00","og_image":[{"url":"https:\/\/tscomputer.dk\/wp-content\/uploads\/2026\/04\/software1.png","type":"","width":"","height":""}],"twitter_card":"summary_large_image","twitter_misc":{"Gesch\u00e4tzte Lesezeit":"1\u00a0Minute"},"schema":{"@context":"https:\/\/schema.org","@graph":[{"@type":"WebPage","@id":"https:\/\/tscomputer.dk\/software\/","url":"https:\/\/tscomputer.dk\/software\/","name":"Software - TS Computer","isPartOf":{"@id":"https:\/\/tscomputer.dk\/#website"},"primaryImageOfPage":{"@id":"https:\/\/tscomputer.dk\/software\/#primaryimage"},"image":{"@id":"https:\/\/tscomputer.dk\/software\/#primaryimage"},"thumbnailUrl":"https:\/\/tscomputer.dk\/wp-content\/uploads\/2026\/04\/software1.png","datePublished":"2026-05-13T11:20:24+00:00","dateModified":"2026-05-13T11:20:37+00:00","description":"Vi leverer mange software l\u00f8sninger i dag. F\u00e5 alt fra Adobe og Creative Cloud over ESET Antivirus til Microsoft 365.","inLanguage":"de","potentialAction":[{"@type":"ReadAction","target":["https:\/\/tscomputer.dk\/software\/"]}]},{"@type":"ImageObject","inLanguage":"de","@id":"https:\/\/tscomputer.dk\/software\/#primaryimage","url":"https:\/\/tscomputer.dk\/wp-content\/uploads\/2026\/04\/software1.png","contentUrl":"https:\/\/tscomputer.dk\/wp-content\/uploads\/2026\/04\/software1.png"},{"@type":"WebSite","@id":"https:\/\/tscomputer.dk\/#website","url":"https:\/\/tscomputer.dk\/","name":"TS Computer","description":"Din personlige IT-Leverand\u00f8r","publisher":{"@id":"https:\/\/tscomputer.dk\/#organization"},"potentialAction":[{"@type":"SearchAction","target":{"@type":"EntryPoint","urlTemplate":"https:\/\/tscomputer.dk\/?s={search_term_string}"},"query-input":{"@type":"PropertyValueSpecification","valueRequired":true,"valueName":"search_term_string"}}],"inLanguage":"de"},{"@type":"Organization","@id":"https:\/\/tscomputer.dk\/#organization","name":"TS Computer","url":"https:\/\/tscomputer.dk\/","logo":{"@type":"ImageObject","inLanguage":"de","@id":"https:\/\/tscomputer.dk\/#\/schema\/logo\/image\/","url":"https:\/\/tscomputer.dk\/wp-content\/uploads\/2021\/09\/midligeretidige-logo.png","contentUrl":"https:\/\/tscomputer.dk\/wp-content\/uploads\/2021\/09\/midligeretidige-logo.png","width":202,"height":52,"caption":"TS Computer"},"image":{"@id":"https:\/\/tscomputer.dk\/#\/schema\/logo\/image\/"}}]}},"_links":{"self":[{"href":"https:\/\/tscomputer.dk\/de\/wp-json\/wp\/v2\/pages\/7047","targetHints":{"allow":["GET"]}}],"collection":[{"href":"https:\/\/tscomputer.dk\/de\/wp-json\/wp\/v2\/pages"}],"about":[{"href":"https:\/\/tscomputer.dk\/de\/wp-json\/wp\/v2\/types\/page"}],"author":[{"embeddable":true,"href":"https:\/\/tscomputer.dk\/de\/wp-json\/wp\/v2\/users\/8"}],"replies":[{"embeddable":true,"href":"https:\/\/tscomputer.dk\/de\/wp-json\/wp\/v2\/comments?post=7047"}],"version-history":[{"count":79,"href":"https:\/\/tscomputer.dk\/de\/wp-json\/wp\/v2\/pages\/7047\/revisions"}],"predecessor-version":[{"id":7580,"href":"https:\/\/tscomputer.dk\/de\/wp-json\/wp\/v2\/pages\/7047\/revisions\/7580"}],"wp:attachment":[{"href":"https:\/\/tscomputer.dk\/de\/wp-json\/wp\/v2\/media?parent=7047"}],"curies":[{"name":"wp","href":"https:\/\/api.w.org\/{rel}","templated":true}]}}