{"id":7192,"date":"2026-05-13T13:09:07","date_gmt":"2026-05-13T11:09:07","guid":{"rendered":"https:\/\/tscomputer.dk\/?page_id=7192"},"modified":"2026-05-13T13:09:10","modified_gmt":"2026-05-13T11:09:10","slug":"telefoni","status":"publish","type":"page","link":"https:\/\/tscomputer.dk\/de\/telefoni\/","title":{"rendered":"Telefoni"},"content":{"rendered":"<div data-elementor-type=\"wp-page\" data-elementor-id=\"7192\" class=\"elementor elementor-7192\" data-elementor-post-type=\"page\">\n\t\t\t\t<div class=\"elementor-element elementor-element-8a052c9 e-con-full e-flex e-con e-parent\" data-id=\"8a052c9\" data-element_type=\"container\" data-e-type=\"container\" data-settings=\"{&quot;background_background&quot;:&quot;gradient&quot;}\">\n\t\t\t\t<div class=\"elementor-element elementor-element-e43d0e9 elementor-align-left elementor-widget elementor-widget-breadcrumbs\" data-id=\"e43d0e9\" data-element_type=\"widget\" data-e-type=\"widget\" data-widget_type=\"breadcrumbs.default\">\n\t\t\t\t<div class=\"elementor-widget-container\">\n\t\t\t\t\t<p id=\"breadcrumbs\"><\/p>\t\t\t\t<\/div>\n\t\t\t\t<\/div>\n\t\t<div class=\"elementor-element elementor-element-096ec16 e-flex e-con-boxed e-con e-child\" data-id=\"096ec16\" data-element_type=\"container\" data-e-type=\"container\">\n\t\t\t\t\t<div class=\"e-con-inner\">\n\t\t<div class=\"elementor-element elementor-element-a6301a0 e-con-full e-flex e-con e-child\" data-id=\"a6301a0\" data-element_type=\"container\" data-e-type=\"container\">\n\t\t\t\t<div class=\"elementor-element elementor-element-c759293 elementor-widget elementor-widget-heading\" data-id=\"c759293\" data-element_type=\"widget\" data-e-type=\"widget\" data-widget_type=\"heading.default\">\n\t\t\t\t<div class=\"elementor-widget-container\">\n\t\t\t\t\t<h1 class=\"elementor-heading-title elementor-size-default\">Telefoni med Telavox<\/h1>\t\t\t\t<\/div>\n\t\t\t\t<\/div>\n\t\t\t\t<\/div>\n\t\t\t\t<div class=\"elementor-element elementor-element-38a5eb5 elementor-widget elementor-widget-spacer\" data-id=\"38a5eb5\" data-element_type=\"widget\" data-e-type=\"widget\" data-widget_type=\"spacer.default\">\n\t\t\t\t<div class=\"elementor-widget-container\">\n\t\t\t\t\t\t\t<div class=\"elementor-spacer\">\n\t\t\t<div class=\"elementor-spacer-inner\"><\/div>\n\t\t<\/div>\n\t\t\t\t\t\t<\/div>\n\t\t\t\t<\/div>\n\t\t<div class=\"elementor-element elementor-element-5958acc e-flex e-con-boxed e-con e-child\" data-id=\"5958acc\" data-element_type=\"container\" data-e-type=\"container\">\n\t\t\t\t\t<div class=\"e-con-inner\">\n\t\t\t\t<div class=\"elementor-element elementor-element-273ac17 elementor-position-right elementor-vertical-align-top elementor-widget elementor-widget-image-box\" data-id=\"273ac17\" data-element_type=\"widget\" data-e-type=\"widget\" data-widget_type=\"image-box.default\">\n\t\t\t\t<div class=\"elementor-widget-container\">\n\t\t\t\t\t<div class=\"elementor-image-box-wrapper\"><figure class=\"elementor-image-box-img\"><img fetchpriority=\"high\" decoding=\"async\" width=\"1235\" height=\"788\" src=\"https:\/\/tscomputer.dk\/wp-content\/uploads\/2026\/04\/telefoni-hosting.png\" class=\"attachment-full size-full wp-image-7194\" alt=\"Telefoni l\u00f8sning\" srcset=\"https:\/\/tscomputer.dk\/wp-content\/uploads\/2026\/04\/telefoni-hosting.png 1235w, https:\/\/tscomputer.dk\/wp-content\/uploads\/2026\/04\/telefoni-hosting-300x191.png 300w, https:\/\/tscomputer.dk\/wp-content\/uploads\/2026\/04\/telefoni-hosting-1024x653.png 1024w, https:\/\/tscomputer.dk\/wp-content\/uploads\/2026\/04\/telefoni-hosting-768x490.png 768w, https:\/\/tscomputer.dk\/wp-content\/uploads\/2026\/04\/telefoni-hosting-18x12.png 18w\" sizes=\"(max-width: 1235px) 100vw, 1235px\" \/><\/figure><div class=\"elementor-image-box-content\"><p class=\"elementor-image-box-description\">Vi leverer og supporterer telefonil\u00f8sninger fra Telavox \u2013 en fleksibel hosted l\u00f8sning, der d\u00e6kker alt det, jeres virksomhed har brug for i hverdagen.<\/p><\/div><\/div>\t\t\t\t<\/div>\n\t\t\t\t<\/div>\n\t\t\t\t<div class=\"elementor-element elementor-element-5ed00ac elementor-align-center elementor-widget elementor-widget-button\" data-id=\"5ed00ac\" data-element_type=\"widget\" data-e-type=\"widget\" data-widget_type=\"button.default\">\n\t\t\t\t<div class=\"elementor-widget-container\">\n\t\t\t\t\t\t\t\t\t<div class=\"elementor-button-wrapper\">\n\t\t\t\t\t<a class=\"elementor-button elementor-button-link elementor-size-sm\" href=\"\/de\/kontakt-os\/\">\n\t\t\t\t\t\t<span class=\"elementor-button-content-wrapper\">\n\t\t\t\t\t\t\t\t\t<span class=\"elementor-button-text\">Kontakt os for at h\u00f8re mere!<\/span>\n\t\t\t\t\t<\/span>\n\t\t\t\t\t<\/a>\n\t\t\t\t<\/div>\n\t\t\t\t\t\t\t\t<\/div>\n\t\t\t\t<\/div>\n\t\t\t\t\t<\/div>\n\t\t\t\t<\/div>\n\t\t\t\t\t<\/div>\n\t\t\t\t<\/div>\n\t\t<div class=\"elementor-element elementor-element-14d53b7 e-flex e-con-boxed e-con e-child\" data-id=\"14d53b7\" data-element_type=\"container\" data-e-type=\"container\">\n\t\t\t\t\t<div class=\"e-con-inner\">\n\t\t\t\t<div class=\"elementor-element elementor-element-a8e5b3f elementor-widget elementor-widget-text-editor\" data-id=\"a8e5b3f\" data-element_type=\"widget\" data-e-type=\"widget\" data-widget_type=\"text-editor.default\">\n\t\t\t\t<div class=\"elementor-widget-container\">\n\t\t\t\t\t\t\t\t\t<p data-start=\"294\" data-end=\"483\">Med Telavox f\u00e5r I en samlet l\u00f8sning, som vi tilpasser efter jeres behov. Det kan v\u00e6re mobiltelefoni, softphones direkte p\u00e5 computeren, bordtelefoner eller et komplet PBX-\/omstilling-system.<\/p><p data-start=\"485\" data-end=\"704\">Omstillingen kan ops\u00e6ttes med k\u00f8systemer, tastemenuer, tidsstyring og specialtilpasninger \u2013 herunder genkendelse af indg\u00e5ende opkald og meget mere. Alt sammen med fokus p\u00e5 at g\u00f8re jeres hverdag nemmere og mere effektiv.<\/p><p data-start=\"706\" data-end=\"771\">Kontakt os for et uforpligtende m\u00f8de og h\u00f8r mere om mulighederne.<\/p><p data-start=\"706\" data-end=\"771\">\u00a0<\/p>\t\t\t\t\t\t\t\t<\/div>\n\t\t\t\t<\/div>\n\t\t\t\t<div class=\"elementor-element elementor-element-7592164 elementor-widget elementor-widget-heading\" data-id=\"7592164\" data-element_type=\"widget\" data-e-type=\"widget\" data-widget_type=\"heading.default\">\n\t\t\t\t<div class=\"elementor-widget-container\">\n\t\t\t\t\t<h2 class=\"elementor-heading-title elementor-size-default\">TELAVOX - Telefoni produkter\n<\/h2>\t\t\t\t<\/div>\n\t\t\t\t<\/div>\n\t\t<div class=\"elementor-element elementor-element-8be7892 e-con-full e-flex e-con e-child\" data-id=\"8be7892\" data-element_type=\"container\" data-e-type=\"container\">\n\t\t<div class=\"elementor-element elementor-element-60520cf e-con-full e-flex e-con e-child\" data-id=\"60520cf\" data-element_type=\"container\" data-e-type=\"container\">\n\t\t\t\t<div class=\"elementor-element elementor-element-d19ee2d elementor-widget elementor-widget-text-editor\" data-id=\"d19ee2d\" data-element_type=\"widget\" data-e-type=\"widget\" data-widget_type=\"text-editor.default\">\n\t\t\t\t<div class=\"elementor-widget-container\">\n\t\t\t\t\t\t\t\t\t<p><strong>Plus<\/strong><\/p><p>egner sig for dem, der kun har brug for telefoni og data, som nemt kan administreres.<\/p><p>Inkluderet er:<\/p><p>\u2713 Gratis Opkald\/SMS\/MMS i Danmark<br \/>\u2713 Ubegr\u00e6nset 5G Data i Danmark<br \/>\u2713 Admin portal til abonnement styring<br \/>\u2713 Telavox AI (20 min)<\/p><p><em>OBS. Alle produkter kan kombineres pr. bruger<\/em><\/p>\t\t\t\t\t\t\t\t<\/div>\n\t\t\t\t<\/div>\n\t\t\t\t<\/div>\n\t\t<div class=\"elementor-element elementor-element-ad60cc3 e-con-full e-flex e-con e-child\" data-id=\"ad60cc3\" data-element_type=\"container\" data-e-type=\"container\">\n\t\t\t\t<div class=\"elementor-element elementor-element-f54613e elementor-widget elementor-widget-text-editor\" data-id=\"f54613e\" data-element_type=\"widget\" data-e-type=\"widget\" data-widget_type=\"text-editor.default\">\n\t\t\t\t<div class=\"elementor-widget-container\">\n\t\t\t\t\t\t\t\t\t<p><strong>Premium <\/strong><\/p>\n<p>egner sig for dem, der har brug for vores app med PBX, chat, video og smarte funktioner.<\/p><p>Inkluderet er alt fra Plus, og:<\/p>\n<p>\u2713 PBX med smarte funktioner <br>\u2713 Gratis opkald internt i virksomheden <br>\u2713 App til mobil, computer og Teams <br>\u2713 Chat og videom\u00f8de <br>\u2713 Fastnet og softphone <br>\u2713 Telavox AI (100 min)<\/p>\t\t\t\t\t\t\t\t<\/div>\n\t\t\t\t<\/div>\n\t\t\t\t<\/div>\n\t\t<div class=\"elementor-element elementor-element-453ca64 e-con-full e-flex e-con e-child\" data-id=\"453ca64\" data-element_type=\"container\" data-e-type=\"container\">\n\t\t\t\t<div class=\"elementor-element elementor-element-7c564b4 elementor-widget elementor-widget-text-editor\" data-id=\"7c564b4\" data-element_type=\"widget\" data-e-type=\"widget\" data-widget_type=\"text-editor.default\">\n\t\t\t\t<div class=\"elementor-widget-container\">\n\t\t\t\t\t\t\t\t\t<p><strong>Max<\/strong><\/p>\n<p>egner sig for dem, der arbejder i flere systemer med mange kundeinteraktioner.<\/p>\n<p>Inkluderet er alt i Premium, og:<\/p>\n<p>\u2713 Tickets<br>\u2713 CRM integrationer<br>\u2713 Skr\u00e6ddersyede integrationer<br>\u2713 Microsoft Teams integration<br>\u2713 Optagelse af samtaler<br>\u2713 Avanceret statistik<br>\u2713 Alle PBX funktioner<br>\u2713 Telavox AI (500 min)<\/p>\t\t\t\t\t\t\t\t<\/div>\n\t\t\t\t<\/div>\n\t\t\t\t<\/div>\n\t\t\t\t<\/div>\n\t\t\t\t<div class=\"elementor-element elementor-element-1dec250 elementor-widget elementor-widget-spacer\" data-id=\"1dec250\" data-element_type=\"widget\" data-e-type=\"widget\" data-widget_type=\"spacer.default\">\n\t\t\t\t<div class=\"elementor-widget-container\">\n\t\t\t\t\t\t\t<div class=\"elementor-spacer\">\n\t\t\t<div class=\"elementor-spacer-inner\"><\/div>\n\t\t<\/div>\n\t\t\t\t\t\t<\/div>\n\t\t\t\t<\/div>\n\t\t<div class=\"elementor-element elementor-element-2032b48 e-con-full e-flex e-con e-child\" data-id=\"2032b48\" data-element_type=\"container\" data-e-type=\"container\" data-settings=\"{&quot;background_background&quot;:&quot;classic&quot;}\">\n\t\t<div class=\"elementor-element elementor-element-d66d2f3 e-con-full e-flex e-con e-child\" data-id=\"d66d2f3\" data-element_type=\"container\" data-e-type=\"container\">\n\t\t\t\t<div class=\"elementor-element elementor-element-e4a5e46 elementor-widget elementor-widget-image\" data-id=\"e4a5e46\" data-element_type=\"widget\" data-e-type=\"widget\" data-widget_type=\"image.default\">\n\t\t\t\t<div class=\"elementor-widget-container\">\n\t\t\t\t\t\t\t\t\t\t\t\t\t\t\t<img decoding=\"async\" width=\"702\" height=\"172\" src=\"https:\/\/tscomputer.dk\/wp-content\/uploads\/2026\/04\/TS-Computer-sort.svg\" class=\"attachment-large size-large wp-image-7204\" alt=\"TS Computer logo\" \/>\t\t\t\t\t\t\t\t\t\t\t\t\t\t\t<\/div>\n\t\t\t\t<\/div>\n\t\t\t\t<\/div>\n\t\t<div class=\"elementor-element elementor-element-5facdc3 e-con-full e-flex e-con e-child\" data-id=\"5facdc3\" data-element_type=\"container\" data-e-type=\"container\">\n\t\t\t\t<div class=\"elementor-element elementor-element-188903a elementor-widget elementor-widget-image\" data-id=\"188903a\" data-element_type=\"widget\" data-e-type=\"widget\" data-widget_type=\"image.default\">\n\t\t\t\t<div class=\"elementor-widget-container\">\n\t\t\t\t\t\t\t\t\t\t\t\t\t\t\t\t<a href=\"https:\/\/telavox.dk\/\" target=\"_blank\">\n\t\t\t\t\t\t\t<img decoding=\"async\" width=\"300\" height=\"50\" src=\"https:\/\/tscomputer.dk\/wp-content\/uploads\/2026\/04\/Telavox_Logotype_Dark.svg\" class=\"attachment-large size-large wp-image-7206\" alt=\"Telavox logo\" \/>\t\t\t\t\t\t\t\t<\/a>\n\t\t\t\t\t\t\t\t\t\t\t\t\t\t\t<\/div>\n\t\t\t\t<\/div>\n\t\t\t\t<\/div>\n\t\t<div class=\"elementor-element elementor-element-323b97c e-con-full e-flex e-con e-child\" data-id=\"323b97c\" data-element_type=\"container\" data-e-type=\"container\">\n\t\t\t\t<div class=\"elementor-element elementor-element-1155447 elementor-widget elementor-widget-image\" data-id=\"1155447\" data-element_type=\"widget\" data-e-type=\"widget\" data-widget_type=\"image.default\">\n\t\t\t\t<div class=\"elementor-widget-container\">\n\t\t\t\t\t\t\t\t\t\t\t\t\t\t\t\t<a href=\"https:\/\/hostonline.dk\/\" target=\"_blank\">\n\t\t\t\t\t\t\t<img loading=\"lazy\" decoding=\"async\" width=\"94\" height=\"13\" src=\"https:\/\/tscomputer.dk\/wp-content\/uploads\/2026\/04\/hostonline-green-black-logo.svg\" class=\"attachment-large size-large wp-image-7205\" alt=\"Hostonline logo\" \/>\t\t\t\t\t\t\t\t<\/a>\n\t\t\t\t\t\t\t\t\t\t\t\t\t\t\t<\/div>\n\t\t\t\t<\/div>\n\t\t\t\t<\/div>\n\t\t\t\t<\/div>\n\t\t\t\t\t<\/div>\n\t\t\t\t<\/div>\n\t\t\t\t<div class=\"elementor-element elementor-element-63c412b elementor-widget elementor-widget-spacer\" data-id=\"63c412b\" data-element_type=\"widget\" data-e-type=\"widget\" data-widget_type=\"spacer.default\">\n\t\t\t\t<div class=\"elementor-widget-container\">\n\t\t\t\t\t\t\t<div class=\"elementor-spacer\">\n\t\t\t<div class=\"elementor-spacer-inner\"><\/div>\n\t\t<\/div>\n\t\t\t\t\t\t<\/div>\n\t\t\t\t<\/div>\n\t\t<div class=\"elementor-element elementor-element-bc3a178 e-con-full e-flex e-con e-child\" data-id=\"bc3a178\" data-element_type=\"container\" data-e-type=\"container\">\n\t\t\t\t<div class=\"elementor-element elementor-element-e379cdb elementor-align-center elementor-widget elementor-widget-button\" data-id=\"e379cdb\" data-element_type=\"widget\" data-e-type=\"widget\" data-widget_type=\"button.default\">\n\t\t\t\t<div class=\"elementor-widget-container\">\n\t\t\t\t\t\t\t\t\t<div class=\"elementor-button-wrapper\">\n\t\t\t\t\t<a class=\"elementor-button elementor-button-link elementor-size-sm\" href=\"\/de\/kontakt-os\/\">\n\t\t\t\t\t\t<span class=\"elementor-button-content-wrapper\">\n\t\t\t\t\t\t\t\t\t<span class=\"elementor-button-text\">Kontakt os for at h\u00f8re mere!<\/span>\n\t\t\t\t\t<\/span>\n\t\t\t\t\t<\/a>\n\t\t\t\t<\/div>\n\t\t\t\t\t\t\t\t<\/div>\n\t\t\t\t<\/div>\n\t\t\t\t<div class=\"elementor-element elementor-element-a4b259c elementor-widget elementor-widget-spacer\" data-id=\"a4b259c\" data-element_type=\"widget\" data-e-type=\"widget\" data-widget_type=\"spacer.default\">\n\t\t\t\t<div class=\"elementor-widget-container\">\n\t\t\t\t\t\t\t<div class=\"elementor-spacer\">\n\t\t\t<div class=\"elementor-spacer-inner\"><\/div>\n\t\t<\/div>\n\t\t\t\t\t\t<\/div>\n\t\t\t\t<\/div>\n\t\t\t\t<\/div>\n\t\t\t\t<\/div>\n\t\t<div class=\"elementor-element elementor-element-5e148d8 e-flex e-con-boxed e-con e-parent\" data-id=\"5e148d8\" data-element_type=\"container\" data-e-type=\"container\">\n\t\t\t\t\t<div class=\"e-con-inner\">\n\t\t\t\t<div class=\"elementor-element elementor-element-9515ea3 elementor-widget elementor-widget-spacer\" data-id=\"9515ea3\" data-element_type=\"widget\" data-e-type=\"widget\" data-widget_type=\"spacer.default\">\n\t\t\t\t<div class=\"elementor-widget-container\">\n\t\t\t\t\t\t\t<div class=\"elementor-spacer\">\n\t\t\t<div class=\"elementor-spacer-inner\"><\/div>\n\t\t<\/div>\n\t\t\t\t\t\t<\/div>\n\t\t\t\t<\/div>\n\t\t\t\t\t<\/div>\n\t\t\t\t<\/div>\n\t\t\t\t<\/div>","protected":false},"excerpt":{"rendered":"<p>Telefoni med Telavox Vi leverer og supporterer telefonil\u00f8sninger fra Telavox \u2013 en fleksibel hosted l\u00f8sning, der d\u00e6kker alt det, jeres virksomhed har brug for i hverdagen. Kontakt os for at h\u00f8re mere! Med Telavox f\u00e5r I en samlet l\u00f8sning, som vi tilpasser efter jeres behov. Det kan v\u00e6re mobiltelefoni, softphones direkte p\u00e5 computeren, bordtelefoner eller [&hellip;]<\/p>\n","protected":false},"author":8,"featured_media":0,"parent":0,"menu_order":0,"comment_status":"closed","ping_status":"closed","template":"elementor_header_footer","meta":{"footnotes":""},"class_list":["post-7192","page","type-page","status-publish","hentry"],"yoast_head":"<!-- This site is optimized with the Yoast SEO plugin v27.6 - https:\/\/yoast.com\/product\/yoast-seo-wordpress\/ -->\n<title>Telefoni - TS Computer<\/title>\n<meta name=\"description\" content=\"Vi er leverand\u00f8r og support af Telavox telefoni l\u00f8sninger. Hosted telefoni, med alt hvad din virksomhed har behov for i det daglige.\" \/>\n<meta name=\"robots\" content=\"index, follow, max-snippet:-1, max-image-preview:large, max-video-preview:-1\" \/>\n<link rel=\"canonical\" href=\"https:\/\/tscomputer.dk\/de\/telefoni\/\" \/>\n<meta property=\"og:locale\" content=\"de_DE\" \/>\n<meta property=\"og:type\" content=\"article\" \/>\n<meta property=\"og:title\" content=\"Telefoni - TS Computer\" \/>\n<meta property=\"og:description\" content=\"Vi er leverand\u00f8r og support af Telavox telefoni l\u00f8sninger. Hosted telefoni, med alt hvad din virksomhed har behov for i det daglige.\" \/>\n<meta property=\"og:url\" content=\"https:\/\/tscomputer.dk\/de\/telefoni\/\" \/>\n<meta property=\"og:site_name\" content=\"TS Computer\" \/>\n<meta property=\"article:modified_time\" content=\"2026-05-13T11:09:10+00:00\" \/>\n<meta property=\"og:image\" content=\"https:\/\/tscomputer.dk\/wp-content\/uploads\/2026\/04\/telefoni-hosting.png\" \/>\n<meta name=\"twitter:card\" content=\"summary_large_image\" \/>\n<meta name=\"twitter:label1\" content=\"Gesch\u00e4tzte Lesezeit\" \/>\n\t<meta name=\"twitter:data1\" content=\"1\u00a0Minute\" \/>\n<script type=\"application\/ld+json\" class=\"yoast-schema-graph\">{\"@context\":\"https:\\\/\\\/schema.org\",\"@graph\":[{\"@type\":\"WebPage\",\"@id\":\"https:\\\/\\\/tscomputer.dk\\\/telefoni\\\/\",\"url\":\"https:\\\/\\\/tscomputer.dk\\\/telefoni\\\/\",\"name\":\"Telefoni - TS Computer\",\"isPartOf\":{\"@id\":\"https:\\\/\\\/tscomputer.dk\\\/#website\"},\"primaryImageOfPage\":{\"@id\":\"https:\\\/\\\/tscomputer.dk\\\/telefoni\\\/#primaryimage\"},\"image\":{\"@id\":\"https:\\\/\\\/tscomputer.dk\\\/telefoni\\\/#primaryimage\"},\"thumbnailUrl\":\"https:\\\/\\\/tscomputer.dk\\\/wp-content\\\/uploads\\\/2026\\\/04\\\/telefoni-hosting.png\",\"datePublished\":\"2026-05-13T11:09:07+00:00\",\"dateModified\":\"2026-05-13T11:09:10+00:00\",\"description\":\"Vi er leverand\u00f8r og support af Telavox telefoni l\u00f8sninger. Hosted telefoni, med alt hvad din virksomhed har behov for i det daglige.\",\"inLanguage\":\"de\",\"potentialAction\":[{\"@type\":\"ReadAction\",\"target\":[\"https:\\\/\\\/tscomputer.dk\\\/telefoni\\\/\"]}]},{\"@type\":\"ImageObject\",\"inLanguage\":\"de\",\"@id\":\"https:\\\/\\\/tscomputer.dk\\\/telefoni\\\/#primaryimage\",\"url\":\"https:\\\/\\\/tscomputer.dk\\\/wp-content\\\/uploads\\\/2026\\\/04\\\/telefoni-hosting.png\",\"contentUrl\":\"https:\\\/\\\/tscomputer.dk\\\/wp-content\\\/uploads\\\/2026\\\/04\\\/telefoni-hosting.png\"},{\"@type\":\"WebSite\",\"@id\":\"https:\\\/\\\/tscomputer.dk\\\/#website\",\"url\":\"https:\\\/\\\/tscomputer.dk\\\/\",\"name\":\"TS Computer\",\"description\":\"Din personlige IT-Leverand\u00f8r\",\"publisher\":{\"@id\":\"https:\\\/\\\/tscomputer.dk\\\/#organization\"},\"potentialAction\":[{\"@type\":\"SearchAction\",\"target\":{\"@type\":\"EntryPoint\",\"urlTemplate\":\"https:\\\/\\\/tscomputer.dk\\\/?s={search_term_string}\"},\"query-input\":{\"@type\":\"PropertyValueSpecification\",\"valueRequired\":true,\"valueName\":\"search_term_string\"}}],\"inLanguage\":\"de\"},{\"@type\":\"Organization\",\"@id\":\"https:\\\/\\\/tscomputer.dk\\\/#organization\",\"name\":\"TS Computer\",\"url\":\"https:\\\/\\\/tscomputer.dk\\\/\",\"logo\":{\"@type\":\"ImageObject\",\"inLanguage\":\"de\",\"@id\":\"https:\\\/\\\/tscomputer.dk\\\/#\\\/schema\\\/logo\\\/image\\\/\",\"url\":\"https:\\\/\\\/tscomputer.dk\\\/wp-content\\\/uploads\\\/2021\\\/09\\\/midligeretidige-logo.png\",\"contentUrl\":\"https:\\\/\\\/tscomputer.dk\\\/wp-content\\\/uploads\\\/2021\\\/09\\\/midligeretidige-logo.png\",\"width\":202,\"height\":52,\"caption\":\"TS Computer\"},\"image\":{\"@id\":\"https:\\\/\\\/tscomputer.dk\\\/#\\\/schema\\\/logo\\\/image\\\/\"}}]}<\/script>\n<!-- \/ Yoast SEO plugin. -->","yoast_head_json":{"title":"Telefoni - TS Computer","description":"Vi er leverand\u00f8r og support af Telavox telefoni l\u00f8sninger. Hosted telefoni, med alt hvad din virksomhed har behov for i det daglige.","robots":{"index":"index","follow":"follow","max-snippet":"max-snippet:-1","max-image-preview":"max-image-preview:large","max-video-preview":"max-video-preview:-1"},"canonical":"https:\/\/tscomputer.dk\/de\/telefoni\/","og_locale":"de_DE","og_type":"article","og_title":"Telefoni - TS Computer","og_description":"Vi er leverand\u00f8r og support af Telavox telefoni l\u00f8sninger. Hosted telefoni, med alt hvad din virksomhed har behov for i det daglige.","og_url":"https:\/\/tscomputer.dk\/de\/telefoni\/","og_site_name":"TS Computer","article_modified_time":"2026-05-13T11:09:10+00:00","og_image":[{"url":"https:\/\/tscomputer.dk\/wp-content\/uploads\/2026\/04\/telefoni-hosting.png","type":"","width":"","height":""}],"twitter_card":"summary_large_image","twitter_misc":{"Gesch\u00e4tzte Lesezeit":"1\u00a0Minute"},"schema":{"@context":"https:\/\/schema.org","@graph":[{"@type":"WebPage","@id":"https:\/\/tscomputer.dk\/telefoni\/","url":"https:\/\/tscomputer.dk\/telefoni\/","name":"Telefoni - TS Computer","isPartOf":{"@id":"https:\/\/tscomputer.dk\/#website"},"primaryImageOfPage":{"@id":"https:\/\/tscomputer.dk\/telefoni\/#primaryimage"},"image":{"@id":"https:\/\/tscomputer.dk\/telefoni\/#primaryimage"},"thumbnailUrl":"https:\/\/tscomputer.dk\/wp-content\/uploads\/2026\/04\/telefoni-hosting.png","datePublished":"2026-05-13T11:09:07+00:00","dateModified":"2026-05-13T11:09:10+00:00","description":"Vi er leverand\u00f8r og support af Telavox telefoni l\u00f8sninger. Hosted telefoni, med alt hvad din virksomhed har behov for i det daglige.","inLanguage":"de","potentialAction":[{"@type":"ReadAction","target":["https:\/\/tscomputer.dk\/telefoni\/"]}]},{"@type":"ImageObject","inLanguage":"de","@id":"https:\/\/tscomputer.dk\/telefoni\/#primaryimage","url":"https:\/\/tscomputer.dk\/wp-content\/uploads\/2026\/04\/telefoni-hosting.png","contentUrl":"https:\/\/tscomputer.dk\/wp-content\/uploads\/2026\/04\/telefoni-hosting.png"},{"@type":"WebSite","@id":"https:\/\/tscomputer.dk\/#website","url":"https:\/\/tscomputer.dk\/","name":"TS Computer","description":"Din personlige IT-Leverand\u00f8r","publisher":{"@id":"https:\/\/tscomputer.dk\/#organization"},"potentialAction":[{"@type":"SearchAction","target":{"@type":"EntryPoint","urlTemplate":"https:\/\/tscomputer.dk\/?s={search_term_string}"},"query-input":{"@type":"PropertyValueSpecification","valueRequired":true,"valueName":"search_term_string"}}],"inLanguage":"de"},{"@type":"Organization","@id":"https:\/\/tscomputer.dk\/#organization","name":"TS Computer","url":"https:\/\/tscomputer.dk\/","logo":{"@type":"ImageObject","inLanguage":"de","@id":"https:\/\/tscomputer.dk\/#\/schema\/logo\/image\/","url":"https:\/\/tscomputer.dk\/wp-content\/uploads\/2021\/09\/midligeretidige-logo.png","contentUrl":"https:\/\/tscomputer.dk\/wp-content\/uploads\/2021\/09\/midligeretidige-logo.png","width":202,"height":52,"caption":"TS Computer"},"image":{"@id":"https:\/\/tscomputer.dk\/#\/schema\/logo\/image\/"}}]}},"_links":{"self":[{"href":"https:\/\/tscomputer.dk\/de\/wp-json\/wp\/v2\/pages\/7192","targetHints":{"allow":["GET"]}}],"collection":[{"href":"https:\/\/tscomputer.dk\/de\/wp-json\/wp\/v2\/pages"}],"about":[{"href":"https:\/\/tscomputer.dk\/de\/wp-json\/wp\/v2\/types\/page"}],"author":[{"embeddable":true,"href":"https:\/\/tscomputer.dk\/de\/wp-json\/wp\/v2\/users\/8"}],"replies":[{"embeddable":true,"href":"https:\/\/tscomputer.dk\/de\/wp-json\/wp\/v2\/comments?post=7192"}],"version-history":[{"count":52,"href":"https:\/\/tscomputer.dk\/de\/wp-json\/wp\/v2\/pages\/7192\/revisions"}],"predecessor-version":[{"id":7502,"href":"https:\/\/tscomputer.dk\/de\/wp-json\/wp\/v2\/pages\/7192\/revisions\/7502"}],"wp:attachment":[{"href":"https:\/\/tscomputer.dk\/de\/wp-json\/wp\/v2\/media?parent=7192"}],"curies":[{"name":"wp","href":"https:\/\/api.w.org\/{rel}","templated":true}]}}