{"id":7484,"date":"2026-05-13T13:11:29","date_gmt":"2026-05-13T11:11:29","guid":{"rendered":"https:\/\/tscomputer.dk\/?page_id=7484"},"modified":"2026-05-13T13:11:31","modified_gmt":"2026-05-13T11:11:31","slug":"video-overvaagning","status":"publish","type":"page","link":"https:\/\/tscomputer.dk\/de\/video-overvaagning\/","title":{"rendered":"Video overv\u00e5gning"},"content":{"rendered":"<div data-elementor-type=\"wp-page\" data-elementor-id=\"7484\" class=\"elementor elementor-7484\" data-elementor-post-type=\"page\">\n\t\t\t\t<div class=\"elementor-element elementor-element-8a052c9 e-con-full e-flex e-con e-parent\" data-id=\"8a052c9\" data-element_type=\"container\" data-e-type=\"container\" data-settings=\"{&quot;background_background&quot;:&quot;gradient&quot;}\">\n\t\t\t\t<div class=\"elementor-element elementor-element-e43d0e9 elementor-align-left elementor-widget elementor-widget-breadcrumbs\" data-id=\"e43d0e9\" data-element_type=\"widget\" data-e-type=\"widget\" data-widget_type=\"breadcrumbs.default\">\n\t\t\t\t<div class=\"elementor-widget-container\">\n\t\t\t\t\t<p id=\"breadcrumbs\"><\/p>\t\t\t\t<\/div>\n\t\t\t\t<\/div>\n\t\t<div class=\"elementor-element elementor-element-096ec16 e-flex e-con-boxed e-con e-child\" data-id=\"096ec16\" data-element_type=\"container\" data-e-type=\"container\">\n\t\t\t\t\t<div class=\"e-con-inner\">\n\t\t<div class=\"elementor-element elementor-element-a6301a0 e-con-full e-flex e-con e-child\" data-id=\"a6301a0\" data-element_type=\"container\" data-e-type=\"container\">\n\t\t\t\t<div class=\"elementor-element elementor-element-c759293 elementor-widget elementor-widget-heading\" data-id=\"c759293\" data-element_type=\"widget\" data-e-type=\"widget\" data-widget_type=\"heading.default\">\n\t\t\t\t<div class=\"elementor-widget-container\">\n\t\t\t\t\t<h1 class=\"elementor-heading-title elementor-size-default\">Video overv\u00e5gning<\/h1>\t\t\t\t<\/div>\n\t\t\t\t<\/div>\n\t\t\t\t<\/div>\n\t\t\t\t<div class=\"elementor-element elementor-element-38a5eb5 elementor-widget elementor-widget-spacer\" data-id=\"38a5eb5\" data-element_type=\"widget\" data-e-type=\"widget\" data-widget_type=\"spacer.default\">\n\t\t\t\t<div class=\"elementor-widget-container\">\n\t\t\t\t\t\t\t<div class=\"elementor-spacer\">\n\t\t\t<div class=\"elementor-spacer-inner\"><\/div>\n\t\t<\/div>\n\t\t\t\t\t\t<\/div>\n\t\t\t\t<\/div>\n\t\t<div class=\"elementor-element elementor-element-5958acc e-flex e-con-boxed e-con e-child\" data-id=\"5958acc\" data-element_type=\"container\" data-e-type=\"container\">\n\t\t\t\t\t<div class=\"e-con-inner\">\n\t\t\t\t<div class=\"elementor-element elementor-element-273ac17 elementor-position-left elementor-vertical-align-top elementor-widget elementor-widget-image-box\" data-id=\"273ac17\" data-element_type=\"widget\" data-e-type=\"widget\" data-widget_type=\"image-box.default\">\n\t\t\t\t<div class=\"elementor-widget-container\">\n\t\t\t\t\t<div class=\"elementor-image-box-wrapper\"><figure class=\"elementor-image-box-img\"><img fetchpriority=\"high\" decoding=\"async\" width=\"1235\" height=\"788\" src=\"https:\/\/tscomputer.dk\/wp-content\/uploads\/2026\/05\/videoovervaagning.png\" class=\"attachment-full size-full wp-image-7487\" alt=\"video overv\u00e5gning\" srcset=\"https:\/\/tscomputer.dk\/wp-content\/uploads\/2026\/05\/videoovervaagning.png 1235w, https:\/\/tscomputer.dk\/wp-content\/uploads\/2026\/05\/videoovervaagning-300x191.png 300w, https:\/\/tscomputer.dk\/wp-content\/uploads\/2026\/05\/videoovervaagning-1024x653.png 1024w, https:\/\/tscomputer.dk\/wp-content\/uploads\/2026\/05\/videoovervaagning-768x490.png 768w, https:\/\/tscomputer.dk\/wp-content\/uploads\/2026\/05\/videoovervaagning-18x12.png 18w\" sizes=\"(max-width: 1235px) 100vw, 1235px\" \/><\/figure><div class=\"elementor-image-box-content\"><p class=\"elementor-image-box-description\">Har I brug for professionel video overv\u00e5gning i virksomheden \u2013 f.eks. i butik, p\u00e5 lager, ved indgange eller andre kritiske omr\u00e5der \u2013 kan vi hj\u00e6lpe jer med en driftssikker og skalerbar l\u00f8sning.<\/p><\/div><\/div>\t\t\t\t<\/div>\n\t\t\t\t<\/div>\n\t\t\t\t<div class=\"elementor-element elementor-element-5ed00ac elementor-align-right elementor-widget elementor-widget-button\" data-id=\"5ed00ac\" data-element_type=\"widget\" data-e-type=\"widget\" data-widget_type=\"button.default\">\n\t\t\t\t<div class=\"elementor-widget-container\">\n\t\t\t\t\t\t\t\t\t<div class=\"elementor-button-wrapper\">\n\t\t\t\t\t<a class=\"elementor-button elementor-button-link elementor-size-sm\" href=\"\/de\/kontakt-os\/\">\n\t\t\t\t\t\t<span class=\"elementor-button-content-wrapper\">\n\t\t\t\t\t\t\t\t\t<span class=\"elementor-button-text\">F\u00e5 r\u00e5dgivning i dag!<\/span>\n\t\t\t\t\t<\/span>\n\t\t\t\t\t<\/a>\n\t\t\t\t<\/div>\n\t\t\t\t\t\t\t\t<\/div>\n\t\t\t\t<\/div>\n\t\t\t\t\t<\/div>\n\t\t\t\t<\/div>\n\t\t\t\t\t<\/div>\n\t\t\t\t<\/div>\n\t\t<div class=\"elementor-element elementor-element-14d53b7 e-flex e-con-boxed e-con e-child\" data-id=\"14d53b7\" data-element_type=\"container\" data-e-type=\"container\">\n\t\t\t\t\t<div class=\"e-con-inner\">\n\t\t\t\t<div class=\"elementor-element elementor-element-a8e5b3f elementor-widget elementor-widget-text-editor\" data-id=\"a8e5b3f\" data-element_type=\"widget\" data-e-type=\"widget\" data-widget_type=\"text-editor.default\">\n\t\t\t\t<div class=\"elementor-widget-container\">\n\t\t\t\t\t\t\t\t\t<p>Med Milestone f\u00e5r I adgang til avanceret overv\u00e5gningssoftware, der g\u00f8r det muligt l\u00f8bende at f\u00f8lge med i, hvad jeres kameraer registrerer, samtidig med at optagelser gemmes til dokumentation over l\u00e6ngere tid.<\/p><p>Systemet kan skaleres efter behov, uanset om I har f\u00e5 eller mange kameraer, og giver et samlet overblik p\u00e5 tv\u00e6rs af flere platforme \u2013 herunder storsk\u00e6rm, mobil og PC \u2013 med fleksible visningsmuligheder.<\/p><p>Optagelser kan tilpasses jeres behov og ops\u00e6ttes eksempelvis til kun at gemme ved bev\u00e6gelse, hvilket reducerer lagerforbrug og g\u00f8r det nemmere at gennemg\u00e5 relevant materiale.<\/p><p>Hos TS Computer tilbyder vi Milestone som en hosted l\u00f8sning, hvor vi st\u00e5r for drift, vedligeholdelse, software og lagring, s\u00e5 I f\u00e5r alle fordelene uden selv at skulle h\u00e5ndtere den tekniske drift.<\/p><p>L\u00f8sningen kr\u00e6ver blot kompatible IP-kameraer (f.eks. Axis, Bosch, Hikvision, Hanwha, Panasonic og ONVIF kompatibel), som vi naturligvis ogs\u00e5 kan hj\u00e6lpe med levering, ops\u00e6tning og installation af.<\/p>\t\t\t\t\t\t\t\t<\/div>\n\t\t\t\t<\/div>\n\t\t<div class=\"elementor-element elementor-element-bc3a178 e-con-full e-flex e-con e-child\" data-id=\"bc3a178\" data-element_type=\"container\" data-e-type=\"container\">\n\t\t\t\t<div class=\"elementor-element elementor-element-e379cdb elementor-align-right elementor-widget elementor-widget-button\" data-id=\"e379cdb\" data-element_type=\"widget\" data-e-type=\"widget\" data-widget_type=\"button.default\">\n\t\t\t\t<div class=\"elementor-widget-container\">\n\t\t\t\t\t\t\t\t\t<div class=\"elementor-button-wrapper\">\n\t\t\t\t\t<a class=\"elementor-button elementor-button-link elementor-size-sm\" href=\"\/de\/kontakt-os\/\">\n\t\t\t\t\t\t<span class=\"elementor-button-content-wrapper\">\n\t\t\t\t\t\t\t\t\t<span class=\"elementor-button-text\">Kontakt os for at h\u00f8re mere!<\/span>\n\t\t\t\t\t<\/span>\n\t\t\t\t\t<\/a>\n\t\t\t\t<\/div>\n\t\t\t\t\t\t\t\t<\/div>\n\t\t\t\t<\/div>\n\t\t\t\t<div class=\"elementor-element elementor-element-a4b259c elementor-widget elementor-widget-spacer\" data-id=\"a4b259c\" data-element_type=\"widget\" data-e-type=\"widget\" data-widget_type=\"spacer.default\">\n\t\t\t\t<div class=\"elementor-widget-container\">\n\t\t\t\t\t\t\t<div class=\"elementor-spacer\">\n\t\t\t<div class=\"elementor-spacer-inner\"><\/div>\n\t\t<\/div>\n\t\t\t\t\t\t<\/div>\n\t\t\t\t<\/div>\n\t\t\t\t<\/div>\n\t\t\t\t<div class=\"elementor-element elementor-element-7592164 elementor-widget elementor-widget-heading\" data-id=\"7592164\" data-element_type=\"widget\" data-e-type=\"widget\" data-widget_type=\"heading.default\">\n\t\t\t\t<div class=\"elementor-widget-container\">\n\t\t\t\t\t<h2 class=\"elementor-heading-title elementor-size-default\">Hostede l\u00f8sninger af Milestone\n<\/h2>\t\t\t\t<\/div>\n\t\t\t\t<\/div>\n\t\t<div class=\"elementor-element elementor-element-8be7892 e-con-full e-flex e-con e-child\" data-id=\"8be7892\" data-element_type=\"container\" data-e-type=\"container\">\n\t\t<div class=\"elementor-element elementor-element-60520cf e-con-full e-flex e-con e-child\" data-id=\"60520cf\" data-element_type=\"container\" data-e-type=\"container\">\n\t\t\t\t<div class=\"elementor-element elementor-element-d19ee2d elementor-widget elementor-widget-text-editor\" data-id=\"d19ee2d\" data-element_type=\"widget\" data-e-type=\"widget\" data-widget_type=\"text-editor.default\">\n\t\t\t\t<div class=\"elementor-widget-container\">\n\t\t\t\t\t\t\t\t\t<p><strong><u>Milestone Express+<\/u><\/strong><\/p><p>\u2713 Op til 48 kameraer muligt i l\u00f8sningen<\/p><p>\u2713 Inkl. Smart map<\/p><p>\u2713 Visning p\u00e5 pc og mobil<\/p><p>\u2713 Opbevaring af video og data<\/p>\t\t\t\t\t\t\t\t<\/div>\n\t\t\t\t<\/div>\n\t\t\t\t<\/div>\n\t\t<div class=\"elementor-element elementor-element-ad60cc3 e-con-full e-flex e-con e-child\" data-id=\"ad60cc3\" data-element_type=\"container\" data-e-type=\"container\">\n\t\t\t\t<div class=\"elementor-element elementor-element-f54613e elementor-widget elementor-widget-text-editor\" data-id=\"f54613e\" data-element_type=\"widget\" data-e-type=\"widget\" data-widget_type=\"text-editor.default\">\n\t\t\t\t<div class=\"elementor-widget-container\">\n\t\t\t\t\t\t\t\t\t<p><strong><u>Milestone Professional+<\/u><\/strong><\/p><p>\u2713 Ubegr\u00e6nset antal kameraer i l\u00f8sningen<\/p><p>\u2713 Inkl. Smart map<\/p><p>\u2713 Visning p\u00e5 pc og mobil<\/p><p>\u2713 Opbevaring af video og data<\/p>\t\t\t\t\t\t\t\t<\/div>\n\t\t\t\t<\/div>\n\t\t\t\t<\/div>\n\t\t\t\t<\/div>\n\t\t\t\t<div class=\"elementor-element elementor-element-df47610 elementor-align-center elementor-widget elementor-widget-button\" data-id=\"df47610\" data-element_type=\"widget\" data-e-type=\"widget\" data-widget_type=\"button.default\">\n\t\t\t\t<div class=\"elementor-widget-container\">\n\t\t\t\t\t\t\t\t\t<div class=\"elementor-button-wrapper\">\n\t\t\t\t\t<a class=\"elementor-button elementor-button-link elementor-size-sm\" href=\"\/de\/kontakt-os\/\">\n\t\t\t\t\t\t<span class=\"elementor-button-content-wrapper\">\n\t\t\t\t\t\t\t\t\t<span class=\"elementor-button-text\">Kontakt os for l\u00f8sninger og priser<\/span>\n\t\t\t\t\t<\/span>\n\t\t\t\t\t<\/a>\n\t\t\t\t<\/div>\n\t\t\t\t\t\t\t\t<\/div>\n\t\t\t\t<\/div>\n\t\t\t\t<div class=\"elementor-element elementor-element-6d78dc2 elementor-widget elementor-widget-spacer\" data-id=\"6d78dc2\" data-element_type=\"widget\" data-e-type=\"widget\" data-widget_type=\"spacer.default\">\n\t\t\t\t<div class=\"elementor-widget-container\">\n\t\t\t\t\t\t\t<div class=\"elementor-spacer\">\n\t\t\t<div class=\"elementor-spacer-inner\"><\/div>\n\t\t<\/div>\n\t\t\t\t\t\t<\/div>\n\t\t\t\t<\/div>\n\t\t<div class=\"elementor-element elementor-element-2032b48 e-con-full e-flex e-con e-child\" data-id=\"2032b48\" data-element_type=\"container\" data-e-type=\"container\" data-settings=\"{&quot;background_background&quot;:&quot;classic&quot;}\">\n\t\t<div class=\"elementor-element elementor-element-d66d2f3 e-con-full e-flex e-con e-child\" data-id=\"d66d2f3\" data-element_type=\"container\" data-e-type=\"container\">\n\t\t\t\t<div class=\"elementor-element elementor-element-e4a5e46 elementor-widget elementor-widget-image\" data-id=\"e4a5e46\" data-element_type=\"widget\" data-e-type=\"widget\" data-widget_type=\"image.default\">\n\t\t\t\t<div class=\"elementor-widget-container\">\n\t\t\t\t\t\t\t\t\t\t\t\t\t\t\t<img decoding=\"async\" width=\"702\" height=\"172\" src=\"https:\/\/tscomputer.dk\/wp-content\/uploads\/2026\/04\/TS-Computer-sort.svg\" class=\"attachment-large size-large wp-image-7204\" alt=\"TS Computer logo\" \/>\t\t\t\t\t\t\t\t\t\t\t\t\t\t\t<\/div>\n\t\t\t\t<\/div>\n\t\t\t\t<\/div>\n\t\t<div class=\"elementor-element elementor-element-5facdc3 e-con-full e-flex e-con e-child\" data-id=\"5facdc3\" data-element_type=\"container\" data-e-type=\"container\">\n\t\t\t\t<div class=\"elementor-element elementor-element-188903a elementor-widget elementor-widget-image\" data-id=\"188903a\" data-element_type=\"widget\" data-e-type=\"widget\" data-widget_type=\"image.default\">\n\t\t\t\t<div class=\"elementor-widget-container\">\n\t\t\t\t\t\t\t\t\t\t\t\t\t\t\t\t<a href=\"https:\/\/telavox.dk\/\" target=\"_blank\">\n\t\t\t\t\t\t\t<img decoding=\"async\" width=\"800\" height=\"142\" src=\"https:\/\/tscomputer.dk\/wp-content\/uploads\/2026\/05\/milestonelogo.svg\" class=\"attachment-large size-large wp-image-7486\" alt=\"Milestone logo\" \/>\t\t\t\t\t\t\t\t<\/a>\n\t\t\t\t\t\t\t\t\t\t\t\t\t\t\t<\/div>\n\t\t\t\t<\/div>\n\t\t\t\t<\/div>\n\t\t<div class=\"elementor-element elementor-element-323b97c e-con-full e-flex e-con e-child\" data-id=\"323b97c\" data-element_type=\"container\" data-e-type=\"container\">\n\t\t\t\t<div class=\"elementor-element elementor-element-1155447 elementor-widget elementor-widget-image\" data-id=\"1155447\" data-element_type=\"widget\" data-e-type=\"widget\" data-widget_type=\"image.default\">\n\t\t\t\t<div class=\"elementor-widget-container\">\n\t\t\t\t\t\t\t\t\t\t\t\t\t\t\t\t<a href=\"https:\/\/hostonline.dk\/\" target=\"_blank\">\n\t\t\t\t\t\t\t<img loading=\"lazy\" decoding=\"async\" width=\"94\" height=\"13\" src=\"https:\/\/tscomputer.dk\/wp-content\/uploads\/2026\/04\/hostonline-green-black-logo.svg\" class=\"attachment-large size-large wp-image-7205\" alt=\"Hostonline logo\" \/>\t\t\t\t\t\t\t\t<\/a>\n\t\t\t\t\t\t\t\t\t\t\t\t\t\t\t<\/div>\n\t\t\t\t<\/div>\n\t\t\t\t<\/div>\n\t\t\t\t<\/div>\n\t\t\t\t\t<\/div>\n\t\t\t\t<\/div>\n\t\t\t\t<div class=\"elementor-element elementor-element-63c412b elementor-widget elementor-widget-spacer\" data-id=\"63c412b\" data-element_type=\"widget\" data-e-type=\"widget\" data-widget_type=\"spacer.default\">\n\t\t\t\t<div class=\"elementor-widget-container\">\n\t\t\t\t\t\t\t<div class=\"elementor-spacer\">\n\t\t\t<div class=\"elementor-spacer-inner\"><\/div>\n\t\t<\/div>\n\t\t\t\t\t\t<\/div>\n\t\t\t\t<\/div>\n\t\t<div class=\"elementor-element elementor-element-810e1fb e-con-full e-flex e-con e-child\" data-id=\"810e1fb\" data-element_type=\"container\" data-e-type=\"container\">\n\t\t\t\t<div class=\"elementor-element elementor-element-8f32e21 elementor-widget elementor-widget-spacer\" data-id=\"8f32e21\" data-element_type=\"widget\" data-e-type=\"widget\" data-widget_type=\"spacer.default\">\n\t\t\t\t<div class=\"elementor-widget-container\">\n\t\t\t\t\t\t\t<div class=\"elementor-spacer\">\n\t\t\t<div class=\"elementor-spacer-inner\"><\/div>\n\t\t<\/div>\n\t\t\t\t\t\t<\/div>\n\t\t\t\t<\/div>\n\t\t\t\t<\/div>\n\t\t\t\t<\/div>\n\t\t<div class=\"elementor-element elementor-element-5e148d8 e-flex e-con-boxed e-con e-parent\" data-id=\"5e148d8\" data-element_type=\"container\" data-e-type=\"container\">\n\t\t\t\t\t<div class=\"e-con-inner\">\n\t\t\t\t<div class=\"elementor-element elementor-element-9515ea3 elementor-widget elementor-widget-spacer\" data-id=\"9515ea3\" data-element_type=\"widget\" data-e-type=\"widget\" data-widget_type=\"spacer.default\">\n\t\t\t\t<div class=\"elementor-widget-container\">\n\t\t\t\t\t\t\t<div class=\"elementor-spacer\">\n\t\t\t<div class=\"elementor-spacer-inner\"><\/div>\n\t\t<\/div>\n\t\t\t\t\t\t<\/div>\n\t\t\t\t<\/div>\n\t\t\t\t\t<\/div>\n\t\t\t\t<\/div>\n\t\t\t\t<\/div>","protected":false},"excerpt":{"rendered":"<p>Video overv\u00e5gning Har I brug for professionel video overv\u00e5gning i virksomheden \u2013 f.eks. i butik, p\u00e5 lager, ved indgange eller andre kritiske omr\u00e5der \u2013 kan vi hj\u00e6lpe jer med en driftssikker og skalerbar l\u00f8sning. F\u00e5 r\u00e5dgivning i dag! Med Milestone f\u00e5r I adgang til avanceret overv\u00e5gningssoftware, der g\u00f8r det muligt l\u00f8bende at f\u00f8lge med i, [&hellip;]<\/p>\n","protected":false},"author":8,"featured_media":0,"parent":0,"menu_order":0,"comment_status":"closed","ping_status":"closed","template":"elementor_header_footer","meta":{"footnotes":""},"class_list":["post-7484","page","type-page","status-publish","hentry"],"yoast_head":"<!-- This site is optimized with the Yoast SEO plugin v27.6 - https:\/\/yoast.com\/product\/yoast-seo-wordpress\/ -->\n<title>Video overv\u00e5gning - TS Computer<\/title>\n<meta name=\"description\" content=\"Vores overv\u00e5gnings software fra Milestone er designet til at kunne skaleres, s\u00e5 I f\u00e5r nemt overblik uanset hvor mange kameraer I har.\" \/>\n<meta name=\"robots\" content=\"index, follow, max-snippet:-1, max-image-preview:large, max-video-preview:-1\" \/>\n<link rel=\"canonical\" href=\"https:\/\/tscomputer.dk\/de\/video-overvaagning\/\" \/>\n<meta property=\"og:locale\" content=\"de_DE\" \/>\n<meta property=\"og:type\" content=\"article\" \/>\n<meta property=\"og:title\" content=\"Video overv\u00e5gning - TS Computer\" \/>\n<meta property=\"og:description\" content=\"Vores overv\u00e5gnings software fra Milestone er designet til at kunne skaleres, s\u00e5 I f\u00e5r nemt overblik uanset hvor mange kameraer I har.\" \/>\n<meta property=\"og:url\" content=\"https:\/\/tscomputer.dk\/de\/video-overvaagning\/\" \/>\n<meta property=\"og:site_name\" content=\"TS Computer\" \/>\n<meta property=\"article:modified_time\" content=\"2026-05-13T11:11:31+00:00\" \/>\n<meta property=\"og:image\" content=\"https:\/\/tscomputer.dk\/wp-content\/uploads\/2026\/05\/videoovervaagning.png\" \/>\n<meta name=\"twitter:card\" content=\"summary_large_image\" \/>\n<meta name=\"twitter:label1\" content=\"Gesch\u00e4tzte Lesezeit\" \/>\n\t<meta name=\"twitter:data1\" content=\"1\u00a0Minute\" \/>\n<script type=\"application\/ld+json\" class=\"yoast-schema-graph\">{\"@context\":\"https:\\\/\\\/schema.org\",\"@graph\":[{\"@type\":\"WebPage\",\"@id\":\"https:\\\/\\\/tscomputer.dk\\\/video-overvaagning\\\/\",\"url\":\"https:\\\/\\\/tscomputer.dk\\\/video-overvaagning\\\/\",\"name\":\"Video overv\u00e5gning - TS Computer\",\"isPartOf\":{\"@id\":\"https:\\\/\\\/tscomputer.dk\\\/#website\"},\"primaryImageOfPage\":{\"@id\":\"https:\\\/\\\/tscomputer.dk\\\/video-overvaagning\\\/#primaryimage\"},\"image\":{\"@id\":\"https:\\\/\\\/tscomputer.dk\\\/video-overvaagning\\\/#primaryimage\"},\"thumbnailUrl\":\"https:\\\/\\\/tscomputer.dk\\\/wp-content\\\/uploads\\\/2026\\\/05\\\/videoovervaagning.png\",\"datePublished\":\"2026-05-13T11:11:29+00:00\",\"dateModified\":\"2026-05-13T11:11:31+00:00\",\"description\":\"Vores overv\u00e5gnings software fra Milestone er designet til at kunne skaleres, s\u00e5 I f\u00e5r nemt overblik uanset hvor mange kameraer I har.\",\"inLanguage\":\"de\",\"potentialAction\":[{\"@type\":\"ReadAction\",\"target\":[\"https:\\\/\\\/tscomputer.dk\\\/video-overvaagning\\\/\"]}]},{\"@type\":\"ImageObject\",\"inLanguage\":\"de\",\"@id\":\"https:\\\/\\\/tscomputer.dk\\\/video-overvaagning\\\/#primaryimage\",\"url\":\"https:\\\/\\\/tscomputer.dk\\\/wp-content\\\/uploads\\\/2026\\\/05\\\/videoovervaagning.png\",\"contentUrl\":\"https:\\\/\\\/tscomputer.dk\\\/wp-content\\\/uploads\\\/2026\\\/05\\\/videoovervaagning.png\"},{\"@type\":\"WebSite\",\"@id\":\"https:\\\/\\\/tscomputer.dk\\\/#website\",\"url\":\"https:\\\/\\\/tscomputer.dk\\\/\",\"name\":\"TS Computer\",\"description\":\"Din personlige IT-Leverand\u00f8r\",\"publisher\":{\"@id\":\"https:\\\/\\\/tscomputer.dk\\\/#organization\"},\"potentialAction\":[{\"@type\":\"SearchAction\",\"target\":{\"@type\":\"EntryPoint\",\"urlTemplate\":\"https:\\\/\\\/tscomputer.dk\\\/?s={search_term_string}\"},\"query-input\":{\"@type\":\"PropertyValueSpecification\",\"valueRequired\":true,\"valueName\":\"search_term_string\"}}],\"inLanguage\":\"de\"},{\"@type\":\"Organization\",\"@id\":\"https:\\\/\\\/tscomputer.dk\\\/#organization\",\"name\":\"TS Computer\",\"url\":\"https:\\\/\\\/tscomputer.dk\\\/\",\"logo\":{\"@type\":\"ImageObject\",\"inLanguage\":\"de\",\"@id\":\"https:\\\/\\\/tscomputer.dk\\\/#\\\/schema\\\/logo\\\/image\\\/\",\"url\":\"https:\\\/\\\/tscomputer.dk\\\/wp-content\\\/uploads\\\/2021\\\/09\\\/midligeretidige-logo.png\",\"contentUrl\":\"https:\\\/\\\/tscomputer.dk\\\/wp-content\\\/uploads\\\/2021\\\/09\\\/midligeretidige-logo.png\",\"width\":202,\"height\":52,\"caption\":\"TS Computer\"},\"image\":{\"@id\":\"https:\\\/\\\/tscomputer.dk\\\/#\\\/schema\\\/logo\\\/image\\\/\"}}]}<\/script>\n<!-- \/ Yoast SEO plugin. -->","yoast_head_json":{"title":"Video overv\u00e5gning - TS Computer","description":"Vores overv\u00e5gnings software fra Milestone er designet til at kunne skaleres, s\u00e5 I f\u00e5r nemt overblik uanset hvor mange kameraer I har.","robots":{"index":"index","follow":"follow","max-snippet":"max-snippet:-1","max-image-preview":"max-image-preview:large","max-video-preview":"max-video-preview:-1"},"canonical":"https:\/\/tscomputer.dk\/de\/video-overvaagning\/","og_locale":"de_DE","og_type":"article","og_title":"Video overv\u00e5gning - TS Computer","og_description":"Vores overv\u00e5gnings software fra Milestone er designet til at kunne skaleres, s\u00e5 I f\u00e5r nemt overblik uanset hvor mange kameraer I har.","og_url":"https:\/\/tscomputer.dk\/de\/video-overvaagning\/","og_site_name":"TS Computer","article_modified_time":"2026-05-13T11:11:31+00:00","og_image":[{"url":"https:\/\/tscomputer.dk\/wp-content\/uploads\/2026\/05\/videoovervaagning.png","type":"","width":"","height":""}],"twitter_card":"summary_large_image","twitter_misc":{"Gesch\u00e4tzte Lesezeit":"1\u00a0Minute"},"schema":{"@context":"https:\/\/schema.org","@graph":[{"@type":"WebPage","@id":"https:\/\/tscomputer.dk\/video-overvaagning\/","url":"https:\/\/tscomputer.dk\/video-overvaagning\/","name":"Video overv\u00e5gning - TS Computer","isPartOf":{"@id":"https:\/\/tscomputer.dk\/#website"},"primaryImageOfPage":{"@id":"https:\/\/tscomputer.dk\/video-overvaagning\/#primaryimage"},"image":{"@id":"https:\/\/tscomputer.dk\/video-overvaagning\/#primaryimage"},"thumbnailUrl":"https:\/\/tscomputer.dk\/wp-content\/uploads\/2026\/05\/videoovervaagning.png","datePublished":"2026-05-13T11:11:29+00:00","dateModified":"2026-05-13T11:11:31+00:00","description":"Vores overv\u00e5gnings software fra Milestone er designet til at kunne skaleres, s\u00e5 I f\u00e5r nemt overblik uanset hvor mange kameraer I har.","inLanguage":"de","potentialAction":[{"@type":"ReadAction","target":["https:\/\/tscomputer.dk\/video-overvaagning\/"]}]},{"@type":"ImageObject","inLanguage":"de","@id":"https:\/\/tscomputer.dk\/video-overvaagning\/#primaryimage","url":"https:\/\/tscomputer.dk\/wp-content\/uploads\/2026\/05\/videoovervaagning.png","contentUrl":"https:\/\/tscomputer.dk\/wp-content\/uploads\/2026\/05\/videoovervaagning.png"},{"@type":"WebSite","@id":"https:\/\/tscomputer.dk\/#website","url":"https:\/\/tscomputer.dk\/","name":"TS Computer","description":"Din personlige IT-Leverand\u00f8r","publisher":{"@id":"https:\/\/tscomputer.dk\/#organization"},"potentialAction":[{"@type":"SearchAction","target":{"@type":"EntryPoint","urlTemplate":"https:\/\/tscomputer.dk\/?s={search_term_string}"},"query-input":{"@type":"PropertyValueSpecification","valueRequired":true,"valueName":"search_term_string"}}],"inLanguage":"de"},{"@type":"Organization","@id":"https:\/\/tscomputer.dk\/#organization","name":"TS Computer","url":"https:\/\/tscomputer.dk\/","logo":{"@type":"ImageObject","inLanguage":"de","@id":"https:\/\/tscomputer.dk\/#\/schema\/logo\/image\/","url":"https:\/\/tscomputer.dk\/wp-content\/uploads\/2021\/09\/midligeretidige-logo.png","contentUrl":"https:\/\/tscomputer.dk\/wp-content\/uploads\/2021\/09\/midligeretidige-logo.png","width":202,"height":52,"caption":"TS Computer"},"image":{"@id":"https:\/\/tscomputer.dk\/#\/schema\/logo\/image\/"}}]}},"_links":{"self":[{"href":"https:\/\/tscomputer.dk\/de\/wp-json\/wp\/v2\/pages\/7484","targetHints":{"allow":["GET"]}}],"collection":[{"href":"https:\/\/tscomputer.dk\/de\/wp-json\/wp\/v2\/pages"}],"about":[{"href":"https:\/\/tscomputer.dk\/de\/wp-json\/wp\/v2\/types\/page"}],"author":[{"embeddable":true,"href":"https:\/\/tscomputer.dk\/de\/wp-json\/wp\/v2\/users\/8"}],"replies":[{"embeddable":true,"href":"https:\/\/tscomputer.dk\/de\/wp-json\/wp\/v2\/comments?post=7484"}],"version-history":[{"count":28,"href":"https:\/\/tscomputer.dk\/de\/wp-json\/wp\/v2\/pages\/7484\/revisions"}],"predecessor-version":[{"id":7527,"href":"https:\/\/tscomputer.dk\/de\/wp-json\/wp\/v2\/pages\/7484\/revisions\/7527"}],"wp:attachment":[{"href":"https:\/\/tscomputer.dk\/de\/wp-json\/wp\/v2\/media?parent=7484"}],"curies":[{"name":"wp","href":"https:\/\/api.w.org\/{rel}","templated":true}]}}