{"id":7531,"date":"2026-05-13T13:00:01","date_gmt":"2026-05-13T11:00:01","guid":{"rendered":"https:\/\/tscomputer.dk\/?page_id=7531"},"modified":"2026-05-13T13:00:04","modified_gmt":"2026-05-13T11:00:04","slug":"dual-line","status":"publish","type":"page","link":"https:\/\/tscomputer.dk\/de\/dual-line\/","title":{"rendered":"Dual line"},"content":{"rendered":"<div data-elementor-type=\"wp-page\" data-elementor-id=\"7531\" class=\"elementor elementor-7531\" data-elementor-post-type=\"page\">\n\t\t\t\t<div class=\"elementor-element elementor-element-8a052c9 e-con-full e-flex e-con e-parent\" data-id=\"8a052c9\" data-element_type=\"container\" data-e-type=\"container\" data-settings=\"{&quot;background_background&quot;:&quot;classic&quot;}\">\n\t\t\t\t<div class=\"elementor-element elementor-element-e43d0e9 elementor-align-left elementor-widget elementor-widget-breadcrumbs\" data-id=\"e43d0e9\" data-element_type=\"widget\" data-e-type=\"widget\" data-widget_type=\"breadcrumbs.default\">\n\t\t\t\t<div class=\"elementor-widget-container\">\n\t\t\t\t\t<p id=\"breadcrumbs\"><\/p>\t\t\t\t<\/div>\n\t\t\t\t<\/div>\n\t\t<div class=\"elementor-element elementor-element-096ec16 e-flex e-con-boxed e-con e-child\" data-id=\"096ec16\" data-element_type=\"container\" data-e-type=\"container\">\n\t\t\t\t\t<div class=\"e-con-inner\">\n\t\t<div class=\"elementor-element elementor-element-a6301a0 e-con-full e-flex e-con e-child\" data-id=\"a6301a0\" data-element_type=\"container\" data-e-type=\"container\">\n\t\t\t\t<div class=\"elementor-element elementor-element-c759293 elementor-widget elementor-widget-heading\" data-id=\"c759293\" data-element_type=\"widget\" data-e-type=\"widget\" data-widget_type=\"heading.default\">\n\t\t\t\t<div class=\"elementor-widget-container\">\n\t\t\t\t\t<h3 class=\"elementor-heading-title elementor-size-default\">Dual line - din livline<\/h3>\t\t\t\t<\/div>\n\t\t\t\t<\/div>\n\t\t\t\t<\/div>\n\t\t\t\t<div class=\"elementor-element elementor-element-ca17231 elementor-position-left elementor-vertical-align-middle elementor-widget-laptop__width-initial elementor-position-left elementor-widget-widescreen__width-initial elementor-widget elementor-widget-image-box\" data-id=\"ca17231\" data-element_type=\"widget\" data-e-type=\"widget\" data-widget_type=\"image-box.default\">\n\t\t\t\t<div class=\"elementor-widget-container\">\n\t\t\t\t\t<div class=\"elementor-image-box-wrapper\"><figure class=\"elementor-image-box-img\"><img fetchpriority=\"high\" decoding=\"async\" width=\"823\" height=\"525\" src=\"https:\/\/tscomputer.dk\/wp-content\/uploads\/2026\/05\/dual-line-redundant-linje.png\" class=\"attachment-full size-full wp-image-7533\" alt=\"Dual line\" srcset=\"https:\/\/tscomputer.dk\/wp-content\/uploads\/2026\/05\/dual-line-redundant-linje.png 823w, https:\/\/tscomputer.dk\/wp-content\/uploads\/2026\/05\/dual-line-redundant-linje-300x191.png 300w, https:\/\/tscomputer.dk\/wp-content\/uploads\/2026\/05\/dual-line-redundant-linje-768x490.png 768w, https:\/\/tscomputer.dk\/wp-content\/uploads\/2026\/05\/dual-line-redundant-linje-18x12.png 18w\" sizes=\"(max-width: 823px) 100vw, 823px\" \/><\/figure><div class=\"elementor-image-box-content\"><p class=\"elementor-image-box-description\">Med dublerede internetlinjer eller redundante forbindelser undg\u00e5r I i vid udstr\u00e6kning at miste internetforbindelsen og vil derfor kunne arbejde videre, selv hvis en fiberlinje graves over.<\/p><\/div><\/div>\t\t\t\t<\/div>\n\t\t\t\t<\/div>\n\t\t<div class=\"elementor-element elementor-element-4827d10 e-con-full e-flex e-con e-child\" data-id=\"4827d10\" data-element_type=\"container\" data-e-type=\"container\">\n\t\t\t\t<div class=\"elementor-element elementor-element-e379cdb elementor-align-right elementor-widget elementor-widget-button\" data-id=\"e379cdb\" data-element_type=\"widget\" data-e-type=\"widget\" data-widget_type=\"button.default\">\n\t\t\t\t<div class=\"elementor-widget-container\">\n\t\t\t\t\t\t\t\t\t<div class=\"elementor-button-wrapper\">\n\t\t\t\t\t<a class=\"elementor-button elementor-button-link elementor-size-sm\" href=\"\/de\/kontakt-os\/\">\n\t\t\t\t\t\t<span class=\"elementor-button-content-wrapper\">\n\t\t\t\t\t\t\t\t\t<span class=\"elementor-button-text\">F\u00e5 r\u00e5dgivning nu!<\/span>\n\t\t\t\t\t<\/span>\n\t\t\t\t\t<\/a>\n\t\t\t\t<\/div>\n\t\t\t\t\t\t\t\t<\/div>\n\t\t\t\t<\/div>\n\t\t\t\t<\/div>\n\t\t\t\t\t<\/div>\n\t\t\t\t<\/div>\n\t\t<div class=\"elementor-element elementor-element-fb08cc6 e-flex e-con-boxed e-con e-child\" data-id=\"fb08cc6\" data-element_type=\"container\" data-e-type=\"container\">\n\t\t\t\t\t<div class=\"e-con-inner\">\n\t\t\t\t<div class=\"elementor-element elementor-element-5cd124b elementor-widget elementor-widget-text-editor\" data-id=\"5cd124b\" data-element_type=\"widget\" data-e-type=\"widget\" data-widget_type=\"text-editor.default\">\n\t\t\t\t<div class=\"elementor-widget-container\">\n\t\t\t\t\t\t\t\t\t<p>Vi kan i dag hj\u00e6lpe med dublerede internetforbindelser \u2013 b\u00e5de for jer, der allerede har en eksisterende linje, og for jer, der skal have etableret en ny forbindelse eller overvejer at skifte udbyder.<\/p><p>Med en redundant l\u00f8sning har I eksempelvis b\u00e5de en fiberforbindelse og en sidel\u00f8bende 5G-forbindelse k\u00f8rende, kombineret med udstyr der automatisk kan skifte forbindelse, hvis den ene linje skulle g\u00e5 ned.<\/p><p>Dette er s\u00e6rligt nyttigt i en tid med mange online forretningskritiske systemer \u2013 lige fra \u00f8konomisystemer til generering af fragtlabels og dokumenter.<\/p><p>Vi giver ogs\u00e5 gerne tilbud p\u00e5 nye internetforbindelser.<\/p>\t\t\t\t\t\t\t\t<\/div>\n\t\t\t\t<\/div>\n\t\t\t\t\t<\/div>\n\t\t\t\t<\/div>\n\t\t<div class=\"elementor-element elementor-element-bc3a178 e-flex e-con-boxed e-con e-child\" data-id=\"bc3a178\" data-element_type=\"container\" data-e-type=\"container\">\n\t\t\t\t\t<div class=\"e-con-inner\">\n\t\t\t\t<div class=\"elementor-element elementor-element-478e91b elementor-align-right elementor-widget elementor-widget-button\" data-id=\"478e91b\" data-element_type=\"widget\" data-e-type=\"widget\" data-widget_type=\"button.default\">\n\t\t\t\t<div class=\"elementor-widget-container\">\n\t\t\t\t\t\t\t\t\t<div class=\"elementor-button-wrapper\">\n\t\t\t\t\t<a class=\"elementor-button elementor-button-link elementor-size-sm\" href=\"\/de\/kontakt-os\/\">\n\t\t\t\t\t\t<span class=\"elementor-button-content-wrapper\">\n\t\t\t\t\t\t\t\t\t<span class=\"elementor-button-text\">Kontakt os for en uforpligtende snak!<\/span>\n\t\t\t\t\t<\/span>\n\t\t\t\t\t<\/a>\n\t\t\t\t<\/div>\n\t\t\t\t\t\t\t\t<\/div>\n\t\t\t\t<\/div>\n\t\t\t\t\t<\/div>\n\t\t\t\t<\/div>\n\t\t\t\t<div class=\"elementor-element elementor-element-5d5d63a elementor-widget elementor-widget-spacer\" data-id=\"5d5d63a\" data-element_type=\"widget\" data-e-type=\"widget\" data-widget_type=\"spacer.default\">\n\t\t\t\t<div class=\"elementor-widget-container\">\n\t\t\t\t\t\t\t<div class=\"elementor-spacer\">\n\t\t\t<div class=\"elementor-spacer-inner\"><\/div>\n\t\t<\/div>\n\t\t\t\t\t\t<\/div>\n\t\t\t\t<\/div>\n\t\t\t\t<\/div>\n\t\t\t\t<\/div>","protected":false},"excerpt":{"rendered":"<p>Dual line &#8211; din livline Med dublerede internetlinjer eller redundante forbindelser undg\u00e5r I i vid udstr\u00e6kning at miste internetforbindelsen og vil derfor kunne arbejde videre, selv hvis en fiberlinje graves over. F\u00e5 r\u00e5dgivning nu! Vi kan i dag hj\u00e6lpe med dublerede internetforbindelser \u2013 b\u00e5de for jer, der allerede har en eksisterende linje, og for jer, [&hellip;]<\/p>\n","protected":false},"author":8,"featured_media":0,"parent":0,"menu_order":0,"comment_status":"closed","ping_status":"closed","template":"elementor_header_footer","meta":{"footnotes":""},"class_list":["post-7531","page","type-page","status-publish","hentry"],"yoast_head":"<!-- This site is optimized with the Yoast SEO plugin v27.6 - https:\/\/yoast.com\/product\/yoast-seo-wordpress\/ -->\n<title>Dual line - TS Computer<\/title>\n<meta name=\"description\" content=\"Med en redundant l\u00f8sning f\u00e5r I en fiber forbindelse og sidel\u00f8bende en 5G, som g\u00f8r at I f\u00e5r en livline der sikrer drift.\" \/>\n<meta name=\"robots\" content=\"index, follow, max-snippet:-1, max-image-preview:large, max-video-preview:-1\" \/>\n<link rel=\"canonical\" href=\"https:\/\/tscomputer.dk\/de\/dual-line\/\" \/>\n<meta property=\"og:locale\" content=\"de_DE\" \/>\n<meta property=\"og:type\" content=\"article\" \/>\n<meta property=\"og:title\" content=\"Dual line - TS Computer\" \/>\n<meta property=\"og:description\" content=\"Med en redundant l\u00f8sning f\u00e5r I en fiber forbindelse og sidel\u00f8bende en 5G, som g\u00f8r at I f\u00e5r en livline der sikrer drift.\" \/>\n<meta property=\"og:url\" content=\"https:\/\/tscomputer.dk\/de\/dual-line\/\" \/>\n<meta property=\"og:site_name\" content=\"TS Computer\" \/>\n<meta property=\"article:modified_time\" content=\"2026-05-13T11:00:04+00:00\" \/>\n<meta property=\"og:image\" content=\"https:\/\/tscomputer.dk\/wp-content\/uploads\/2026\/05\/dual-line-redundant-linje.png\" \/>\n<meta name=\"twitter:card\" content=\"summary_large_image\" \/>\n<meta name=\"twitter:label1\" content=\"Gesch\u00e4tzte Lesezeit\" \/>\n\t<meta name=\"twitter:data1\" content=\"1\u00a0Minute\" \/>\n<script type=\"application\/ld+json\" class=\"yoast-schema-graph\">{\"@context\":\"https:\\\/\\\/schema.org\",\"@graph\":[{\"@type\":\"WebPage\",\"@id\":\"https:\\\/\\\/tscomputer.dk\\\/dual-line\\\/\",\"url\":\"https:\\\/\\\/tscomputer.dk\\\/dual-line\\\/\",\"name\":\"Dual line - TS Computer\",\"isPartOf\":{\"@id\":\"https:\\\/\\\/tscomputer.dk\\\/#website\"},\"primaryImageOfPage\":{\"@id\":\"https:\\\/\\\/tscomputer.dk\\\/dual-line\\\/#primaryimage\"},\"image\":{\"@id\":\"https:\\\/\\\/tscomputer.dk\\\/dual-line\\\/#primaryimage\"},\"thumbnailUrl\":\"https:\\\/\\\/tscomputer.dk\\\/wp-content\\\/uploads\\\/2026\\\/05\\\/dual-line-redundant-linje.png\",\"datePublished\":\"2026-05-13T11:00:01+00:00\",\"dateModified\":\"2026-05-13T11:00:04+00:00\",\"description\":\"Med en redundant l\u00f8sning f\u00e5r I en fiber forbindelse og sidel\u00f8bende en 5G, som g\u00f8r at I f\u00e5r en livline der sikrer drift.\",\"inLanguage\":\"de\",\"potentialAction\":[{\"@type\":\"ReadAction\",\"target\":[\"https:\\\/\\\/tscomputer.dk\\\/dual-line\\\/\"]}]},{\"@type\":\"ImageObject\",\"inLanguage\":\"de\",\"@id\":\"https:\\\/\\\/tscomputer.dk\\\/dual-line\\\/#primaryimage\",\"url\":\"https:\\\/\\\/tscomputer.dk\\\/wp-content\\\/uploads\\\/2026\\\/05\\\/dual-line-redundant-linje.png\",\"contentUrl\":\"https:\\\/\\\/tscomputer.dk\\\/wp-content\\\/uploads\\\/2026\\\/05\\\/dual-line-redundant-linje.png\"},{\"@type\":\"WebSite\",\"@id\":\"https:\\\/\\\/tscomputer.dk\\\/#website\",\"url\":\"https:\\\/\\\/tscomputer.dk\\\/\",\"name\":\"TS Computer\",\"description\":\"Din personlige IT-Leverand\u00f8r\",\"publisher\":{\"@id\":\"https:\\\/\\\/tscomputer.dk\\\/#organization\"},\"potentialAction\":[{\"@type\":\"SearchAction\",\"target\":{\"@type\":\"EntryPoint\",\"urlTemplate\":\"https:\\\/\\\/tscomputer.dk\\\/?s={search_term_string}\"},\"query-input\":{\"@type\":\"PropertyValueSpecification\",\"valueRequired\":true,\"valueName\":\"search_term_string\"}}],\"inLanguage\":\"de\"},{\"@type\":\"Organization\",\"@id\":\"https:\\\/\\\/tscomputer.dk\\\/#organization\",\"name\":\"TS Computer\",\"url\":\"https:\\\/\\\/tscomputer.dk\\\/\",\"logo\":{\"@type\":\"ImageObject\",\"inLanguage\":\"de\",\"@id\":\"https:\\\/\\\/tscomputer.dk\\\/#\\\/schema\\\/logo\\\/image\\\/\",\"url\":\"https:\\\/\\\/tscomputer.dk\\\/wp-content\\\/uploads\\\/2021\\\/09\\\/midligeretidige-logo.png\",\"contentUrl\":\"https:\\\/\\\/tscomputer.dk\\\/wp-content\\\/uploads\\\/2021\\\/09\\\/midligeretidige-logo.png\",\"width\":202,\"height\":52,\"caption\":\"TS Computer\"},\"image\":{\"@id\":\"https:\\\/\\\/tscomputer.dk\\\/#\\\/schema\\\/logo\\\/image\\\/\"}}]}<\/script>\n<!-- \/ Yoast SEO plugin. -->","yoast_head_json":{"title":"Dual line - TS Computer","description":"Med en redundant l\u00f8sning f\u00e5r I en fiber forbindelse og sidel\u00f8bende en 5G, som g\u00f8r at I f\u00e5r en livline der sikrer drift.","robots":{"index":"index","follow":"follow","max-snippet":"max-snippet:-1","max-image-preview":"max-image-preview:large","max-video-preview":"max-video-preview:-1"},"canonical":"https:\/\/tscomputer.dk\/de\/dual-line\/","og_locale":"de_DE","og_type":"article","og_title":"Dual line - TS Computer","og_description":"Med en redundant l\u00f8sning f\u00e5r I en fiber forbindelse og sidel\u00f8bende en 5G, som g\u00f8r at I f\u00e5r en livline der sikrer drift.","og_url":"https:\/\/tscomputer.dk\/de\/dual-line\/","og_site_name":"TS Computer","article_modified_time":"2026-05-13T11:00:04+00:00","og_image":[{"url":"https:\/\/tscomputer.dk\/wp-content\/uploads\/2026\/05\/dual-line-redundant-linje.png","type":"","width":"","height":""}],"twitter_card":"summary_large_image","twitter_misc":{"Gesch\u00e4tzte Lesezeit":"1\u00a0Minute"},"schema":{"@context":"https:\/\/schema.org","@graph":[{"@type":"WebPage","@id":"https:\/\/tscomputer.dk\/dual-line\/","url":"https:\/\/tscomputer.dk\/dual-line\/","name":"Dual line - TS Computer","isPartOf":{"@id":"https:\/\/tscomputer.dk\/#website"},"primaryImageOfPage":{"@id":"https:\/\/tscomputer.dk\/dual-line\/#primaryimage"},"image":{"@id":"https:\/\/tscomputer.dk\/dual-line\/#primaryimage"},"thumbnailUrl":"https:\/\/tscomputer.dk\/wp-content\/uploads\/2026\/05\/dual-line-redundant-linje.png","datePublished":"2026-05-13T11:00:01+00:00","dateModified":"2026-05-13T11:00:04+00:00","description":"Med en redundant l\u00f8sning f\u00e5r I en fiber forbindelse og sidel\u00f8bende en 5G, som g\u00f8r at I f\u00e5r en livline der sikrer drift.","inLanguage":"de","potentialAction":[{"@type":"ReadAction","target":["https:\/\/tscomputer.dk\/dual-line\/"]}]},{"@type":"ImageObject","inLanguage":"de","@id":"https:\/\/tscomputer.dk\/dual-line\/#primaryimage","url":"https:\/\/tscomputer.dk\/wp-content\/uploads\/2026\/05\/dual-line-redundant-linje.png","contentUrl":"https:\/\/tscomputer.dk\/wp-content\/uploads\/2026\/05\/dual-line-redundant-linje.png"},{"@type":"WebSite","@id":"https:\/\/tscomputer.dk\/#website","url":"https:\/\/tscomputer.dk\/","name":"TS Computer","description":"Din personlige IT-Leverand\u00f8r","publisher":{"@id":"https:\/\/tscomputer.dk\/#organization"},"potentialAction":[{"@type":"SearchAction","target":{"@type":"EntryPoint","urlTemplate":"https:\/\/tscomputer.dk\/?s={search_term_string}"},"query-input":{"@type":"PropertyValueSpecification","valueRequired":true,"valueName":"search_term_string"}}],"inLanguage":"de"},{"@type":"Organization","@id":"https:\/\/tscomputer.dk\/#organization","name":"TS Computer","url":"https:\/\/tscomputer.dk\/","logo":{"@type":"ImageObject","inLanguage":"de","@id":"https:\/\/tscomputer.dk\/#\/schema\/logo\/image\/","url":"https:\/\/tscomputer.dk\/wp-content\/uploads\/2021\/09\/midligeretidige-logo.png","contentUrl":"https:\/\/tscomputer.dk\/wp-content\/uploads\/2021\/09\/midligeretidige-logo.png","width":202,"height":52,"caption":"TS Computer"},"image":{"@id":"https:\/\/tscomputer.dk\/#\/schema\/logo\/image\/"}}]}},"_links":{"self":[{"href":"https:\/\/tscomputer.dk\/de\/wp-json\/wp\/v2\/pages\/7531","targetHints":{"allow":["GET"]}}],"collection":[{"href":"https:\/\/tscomputer.dk\/de\/wp-json\/wp\/v2\/pages"}],"about":[{"href":"https:\/\/tscomputer.dk\/de\/wp-json\/wp\/v2\/types\/page"}],"author":[{"embeddable":true,"href":"https:\/\/tscomputer.dk\/de\/wp-json\/wp\/v2\/users\/8"}],"replies":[{"embeddable":true,"href":"https:\/\/tscomputer.dk\/de\/wp-json\/wp\/v2\/comments?post=7531"}],"version-history":[{"count":16,"href":"https:\/\/tscomputer.dk\/de\/wp-json\/wp\/v2\/pages\/7531\/revisions"}],"predecessor-version":[{"id":7548,"href":"https:\/\/tscomputer.dk\/de\/wp-json\/wp\/v2\/pages\/7531\/revisions\/7548"}],"wp:attachment":[{"href":"https:\/\/tscomputer.dk\/de\/wp-json\/wp\/v2\/media?parent=7531"}],"curies":[{"name":"wp","href":"https:\/\/api.w.org\/{rel}","templated":true}]}}