{"id":837,"date":"2021-09-04T17:17:35","date_gmt":"2021-09-04T15:17:35","guid":{"rendered":"http:\/\/testingdomain.dk\/?page_id=837"},"modified":"2025-12-23T22:48:42","modified_gmt":"2025-12-23T21:48:42","slug":"kontakt","status":"publish","type":"page","link":"https:\/\/tscomputer.dk\/de\/kontakt\/","title":{"rendered":"Kontakt"},"content":{"rendered":"\t\t<div data-elementor-type=\"wp-page\" data-elementor-id=\"837\" class=\"elementor elementor-837\" data-elementor-post-type=\"page\">\n\t\t\t\t<div class=\"elementor-element elementor-element-d3f838f e-con-full e-flex e-con e-parent\" data-id=\"d3f838f\" data-element_type=\"container\" data-e-type=\"container\">\n\t\t\t\t<div class=\"elementor-element elementor-element-fe96fa9 elementor-widget elementor-widget-heading\" data-id=\"fe96fa9\" data-element_type=\"widget\" data-e-type=\"widget\" data-widget_type=\"heading.default\">\n\t\t\t\t<div class=\"elementor-widget-container\">\n\t\t\t\t\t<h1 class=\"elementor-heading-title elementor-size-default\">KONTAKT<\/h1>\t\t\t\t<\/div>\n\t\t\t\t<\/div>\n\t\t\t\t<div class=\"elementor-element elementor-element-fc987fe elementor-widget elementor-widget-text-editor\" data-id=\"fc987fe\" data-element_type=\"widget\" data-e-type=\"widget\" data-widget_type=\"text-editor.default\">\n\t\t\t\t<div class=\"elementor-widget-container\">\n\t\t\t\t\t\t\t\t\t<p>Hos TS Computer hj\u00e6lper vi b\u00e5de mindre og st\u00f8rre virksomheder med alt fra daglig IT-support til fejlfinding.<\/p><p>Vi hj\u00e6lper med r\u00e5dgivning om st\u00f8rre projekter som netv\u00e6rksl\u00f8sninger, hosting, serverl\u00f8sninger,\u00a0 systemudvikling og Microsoft 365.<\/p><p>Uanset om du har brug for akut hj\u00e6lp eller \u00f8nsker en l\u00e6ngerevarende samarbejdsaftale, kan du altid kontakte os.<\/p><p>Vi hj\u00e6lper gerne med alt fra IT-support til skr\u00e6ddersyede l\u00f8sninger.<\/p><p>Udfyld formularen, s\u00e5 vender en af vores dygtige konsulenter hurtigt tilbage til dig.<\/p><p>Alle oplysninger behandles med fortrolighed og deles aldrig med andre.<\/p>\t\t\t\t\t\t\t\t<\/div>\n\t\t\t\t<\/div>\n\t\t<div class=\"elementor-element elementor-element-c5d2f85 e-con-full e-flex e-con e-child\" data-id=\"c5d2f85\" data-element_type=\"container\" data-e-type=\"container\">\n\t\t<div class=\"elementor-element elementor-element-047909a e-con-full e-flex e-con e-child\" data-id=\"047909a\" data-element_type=\"container\" data-e-type=\"container\">\n\t\t\t\t<div class=\"elementor-element elementor-element-ded3247 elementor-button-align-center elementor-widget elementor-widget-form\" data-id=\"ded3247\" data-element_type=\"widget\" data-e-type=\"widget\" data-settings=\"{&quot;step_next_label&quot;:&quot;N\\u00e6ste&quot;,&quot;step_previous_label&quot;:&quot;Tidligere&quot;,&quot;step_icon_shape&quot;:&quot;square&quot;,&quot;button_width&quot;:&quot;100&quot;,&quot;step_type&quot;:&quot;number_text&quot;}\" data-widget_type=\"form.default\">\n\t\t\t\t<div class=\"elementor-widget-container\">\n\t\t\t\t\t\t\t<form class=\"elementor-form\" method=\"post\" name=\"Ny formular\" aria-label=\"Ny formular\">\n\t\t\t<input type=\"hidden\" name=\"post_id\" value=\"837\"\/>\n\t\t\t<input type=\"hidden\" name=\"form_id\" value=\"ded3247\"\/>\n\t\t\t<input type=\"hidden\" name=\"referer_title\" value=\"Driller din IT? Kontakt os i dag | TS Computer\" \/>\n\n\t\t\t\t\t\t\t<input type=\"hidden\" name=\"queried_id\" value=\"837\"\/>\n\t\t\t\n\t\t\t<div class=\"elementor-form-fields-wrapper elementor-labels-above\">\n\t\t\t\t\t\t\t\t<div class=\"elementor-field-type-text elementor-field-group elementor-column elementor-field-group-name elementor-col-100 elementor-field-required elementor-mark-required\">\n\t\t\t\t\t\t\t\t\t\t\t\t\t<input size=\"1\" type=\"text\" name=\"form_fields[name]\" id=\"form-field-name\" class=\"elementor-field elementor-size-sm  elementor-field-textual\" placeholder=\"Navn *\" required=\"required\">\n\t\t\t\t\t\t\t\t\t\t\t<\/div>\n\t\t\t\t\t\t\t\t<div class=\"elementor-field-type-text elementor-field-group elementor-column elementor-field-group-field_a036915 elementor-col-100\">\n\t\t\t\t\t\t\t\t\t\t\t\t\t<input size=\"1\" type=\"text\" name=\"form_fields[field_a036915]\" id=\"form-field-field_a036915\" class=\"elementor-field elementor-size-sm  elementor-field-textual\" placeholder=\"Firma\">\n\t\t\t\t\t\t\t\t\t\t\t<\/div>\n\t\t\t\t\t\t\t\t<div class=\"elementor-field-type-email elementor-field-group elementor-column elementor-field-group-email elementor-col-100 elementor-field-required elementor-mark-required\">\n\t\t\t\t\t\t\t\t\t\t\t\t\t<input size=\"1\" type=\"email\" name=\"form_fields[email]\" id=\"form-field-email\" class=\"elementor-field elementor-size-sm  elementor-field-textual\" placeholder=\"E-mail *\" required=\"required\">\n\t\t\t\t\t\t\t\t\t\t\t<\/div>\n\t\t\t\t\t\t\t\t<div class=\"elementor-field-type-tel elementor-field-group elementor-column elementor-field-group-field_385f327 elementor-col-100\">\n\t\t\t\t\t\t\t<input size=\"1\" type=\"tel\" name=\"form_fields[field_385f327]\" id=\"form-field-field_385f327\" class=\"elementor-field elementor-size-sm  elementor-field-textual\" placeholder=\"Tlf\" pattern=\"[0-9()#&amp;+*-=.]+\" title=\"Kun tal og telefonkarakterer (#,-,*, o.s.v.) accepteres.\">\n\n\t\t\t\t\t\t<\/div>\n\t\t\t\t\t\t\t\t<div class=\"elementor-field-type-textarea elementor-field-group elementor-column elementor-field-group-message elementor-col-100\">\n\t\t\t\t\t<textarea class=\"elementor-field-textual elementor-field  elementor-size-sm\" name=\"form_fields[message]\" id=\"form-field-message\" rows=\"2\" placeholder=\"Meddelelse\"><\/textarea>\t\t\t\t<\/div>\n\t\t\t\t\t\t\t\t<div class=\"elementor-field-type-recaptcha_v3 elementor-field-group elementor-column elementor-field-group-field_837b5eb elementor-col-100 recaptcha_v3-bottomleft\">\n\t\t\t\t\t<div class=\"elementor-field\" id=\"form-field-field_837b5eb\"><div class=\"elementor-g-recaptcha\" data-sitekey=\"6LflBrsdAAAAAOFuJHGEJMEbdkGhHsfxhSEJKLnx\" data-type=\"v3\" data-action=\"Form\" data-badge=\"bottomleft\" data-size=\"invisible\"><\/div><\/div>\t\t\t\t<\/div>\n\t\t\t\t\t\t\t\t<div class=\"elementor-field-group elementor-column elementor-field-type-submit elementor-col-100 e-form__buttons\">\n\t\t\t\t\t<button class=\"elementor-button elementor-size-xs\" type=\"submit\">\n\t\t\t\t\t\t<span class=\"elementor-button-content-wrapper\">\n\t\t\t\t\t\t\t\t\t\t\t\t\t\t\t\t\t\t\t\t\t\t<span class=\"elementor-button-text\">Send<\/span>\n\t\t\t\t\t\t\t\t\t\t\t\t\t<\/span>\n\t\t\t\t\t<\/button>\n\t\t\t\t<\/div>\n\t\t\t<\/div>\n\t\t<\/form>\n\t\t\t\t\t\t<\/div>\n\t\t\t\t<\/div>\n\t\t<div class=\"elementor-element elementor-element-0520417 e-flex e-con-boxed e-con e-child\" data-id=\"0520417\" data-element_type=\"container\" data-e-type=\"container\">\n\t\t\t\t\t<div class=\"e-con-inner\">\n\t\t\t\t<div class=\"elementor-element elementor-element-42e26d8 elementor-widget-divider--view-line elementor-widget elementor-widget-divider\" data-id=\"42e26d8\" data-element_type=\"widget\" data-e-type=\"widget\" data-widget_type=\"divider.default\">\n\t\t\t\t<div class=\"elementor-widget-container\">\n\t\t\t\t\t\t\t<div class=\"elementor-divider\">\n\t\t\t<span class=\"elementor-divider-separator\">\n\t\t\t\t\t\t<\/span>\n\t\t<\/div>\n\t\t\t\t\t\t<\/div>\n\t\t\t\t<\/div>\n\t\t\t\t<div class=\"elementor-element elementor-element-d557bbe elementor-widget elementor-widget-text-editor\" data-id=\"d557bbe\" data-element_type=\"widget\" data-e-type=\"widget\" data-widget_type=\"text-editor.default\">\n\t\t\t\t<div class=\"elementor-widget-container\">\n\t\t\t\t\t\t\t\t\t<p style=\"text-align: center;\">Du er ogs\u00e5 velkommen til at ringe direkte til os, sende en e-mail eller kigge forbi vores kontor, hvis du foretr\u00e6kker en personlig dialog. Vi bestr\u00e6ber os altid p\u00e5 at svare hurtigt \u2013 oftest inden for samme arbejdsdag.<\/p><p style=\"text-align: center;\"><a href=\"https:\/\/tscomputer.dk\/faq\/\" target=\"_blank\" rel=\"noopener\">Har du et lille teknisk problem? Find svar p\u00e5 de flest stillede sp\u00f8rgsm\u00e5l i vores FAQ (Questions and answers) sektion.<\/a><\/p><p style=\"text-align: center;\" data-start=\"1797\" data-end=\"1829\"><a href=\"https:\/\/tscomputer.dk\/service-og-support\/\" target=\"_blank\" rel=\"noopener\">L\u00e6s mere om vores IT-support<\/a><\/p><p style=\"text-align: center;\" data-start=\"1832\" data-end=\"1870\"><a href=\"https:\/\/hostonline.dk\/\" target=\"_blank\" rel=\"noopener\">Se hvordan vi arbejder med Hosting<\/a><\/p><p style=\"text-align: center;\" data-start=\"1832\" data-end=\"1870\"><a href=\"https:\/\/tscomputer.dk\/\">F\u00e5 overblik over vores services<\/a><\/p>\t\t\t\t\t\t\t\t<\/div>\n\t\t\t\t<\/div>\n\t\t\t\t<div class=\"elementor-element elementor-element-884182c elementor-widget elementor-widget-image\" data-id=\"884182c\" data-element_type=\"widget\" data-e-type=\"widget\" data-widget_type=\"image.default\">\n\t\t\t\t<div class=\"elementor-widget-container\">\n\t\t\t\t\t\t\t\t\t\t\t\t\t\t\t<img decoding=\"async\" src=\"https:\/\/tscomputer.dk\/wp-content\/uploads\/2025\/09\/TSC_billede2-Kontaktformular.png\" title=\"TSC_billede2-Kontaktformular\" alt=\"Kontakt\" loading=\"lazy\" \/>\t\t\t\t\t\t\t\t\t\t\t\t\t\t\t<\/div>\n\t\t\t\t<\/div>\n\t\t<div class=\"elementor-element elementor-element-d56b256 e-con-full e-flex e-con e-child\" data-id=\"d56b256\" data-element_type=\"container\" data-e-type=\"container\">\n\t\t\t\t<\/div>\n\t\t\t\t\t<\/div>\n\t\t\t\t<\/div>\n\t\t\t\t<div class=\"elementor-element elementor-element-ec1140a elementor-widget-divider--view-line elementor-widget elementor-widget-divider\" data-id=\"ec1140a\" data-element_type=\"widget\" data-e-type=\"widget\" data-widget_type=\"divider.default\">\n\t\t\t\t<div class=\"elementor-widget-container\">\n\t\t\t\t\t\t\t<div class=\"elementor-divider\">\n\t\t\t<span class=\"elementor-divider-separator\">\n\t\t\t\t\t\t<\/span>\n\t\t<\/div>\n\t\t\t\t\t\t<\/div>\n\t\t\t\t<\/div>\n\t\t\t\t<\/div>\n\t\t\t\t<\/div>\n\t\t<div class=\"elementor-element elementor-element-4f02fa2 e-con-full e-flex e-con e-child\" data-id=\"4f02fa2\" data-element_type=\"container\" data-e-type=\"container\">\n\t\t<div class=\"elementor-element elementor-element-201c2c7 e-con-full e-flex e-con e-child\" data-id=\"201c2c7\" data-element_type=\"container\" data-e-type=\"container\">\n\t\t\t\t<div class=\"elementor-element elementor-element-ce237ba elementor-widget-mobile__width-inherit elementor-widget elementor-widget-text-editor\" data-id=\"ce237ba\" data-element_type=\"widget\" data-e-type=\"widget\" data-widget_type=\"text-editor.default\">\n\t\t\t\t<div class=\"elementor-widget-container\">\n\t\t\t\t\t\t\t\t\t<p>TS COMPUTER APS<br \/>Rytoften 5B, 2. sal, 8210 Aarhus V<br \/>Tlf: +45 70 23 32 10<br \/>info@tscomputer.dk<br \/>CVR. nr.: 31 41 79 45<\/p>\t\t\t\t\t\t\t\t<\/div>\n\t\t\t\t<\/div>\n\t\t\t\t<div class=\"elementor-element elementor-element-bfa9d5a elementor-widget-mobile__width-inherit elementor-widget elementor-widget-text-editor\" data-id=\"bfa9d5a\" data-element_type=\"widget\" data-e-type=\"widget\" data-widget_type=\"text-editor.default\">\n\t\t\t\t<div class=\"elementor-widget-container\">\n\t\t\t\t\t\t\t\t\t<p style=\"text-align: right;\">Bank: Sparekassen Kronjylland<br \/>Bank konto: 6192-000 47 45 736<br \/>IBAN-Kontonummer: <br \/>DK 3461 9200 0474 5736<br \/>SWIFT\/BIC-kode: KRONDK22<\/p>\t\t\t\t\t\t\t\t<\/div>\n\t\t\t\t<\/div>\n\t\t\t\t<\/div>\n\t\t\t\t<\/div>\n\t\t\t\t<\/div>\n\t\t<div class=\"elementor-element elementor-element-dff85b3 e-flex e-con-boxed e-con e-parent\" data-id=\"dff85b3\" data-element_type=\"container\" data-e-type=\"container\">\n\t\t\t\t\t<div class=\"e-con-inner\">\n\t\t\t\t<div class=\"elementor-element elementor-element-4385423 elementor-widget elementor-widget-html\" data-id=\"4385423\" data-element_type=\"widget\" data-e-type=\"widget\" data-widget_type=\"html.default\">\n\t\t\t\t<div class=\"elementor-widget-container\">\n\t\t\t\t\t<!-- Event snippet for Kontakt conversion page -->\r\n<script>\r\n  gtag('event', 'conversion', {'send_to': 'AW-10936010732\/RW59CJqEq8oDEOyP2d4o'});\r\n<\/script>\r\n\t\t\t\t<\/div>\n\t\t\t\t<\/div>\n\t\t\t\t\t<\/div>\n\t\t\t\t<\/div>\n\t\t\t\t<\/div>\n\t\t","protected":false},"excerpt":{"rendered":"<p>KONTAKT Hos TS Computer hj\u00e6lper vi b\u00e5de mindre og st\u00f8rre virksomheder med alt fra daglig IT-support til fejlfinding. Vi hj\u00e6lper med r\u00e5dgivning om st\u00f8rre projekter som netv\u00e6rksl\u00f8sninger, hosting, serverl\u00f8sninger,\u00a0 systemudvikling og Microsoft 365. Uanset om du har brug for akut hj\u00e6lp eller \u00f8nsker en l\u00e6ngerevarende samarbejdsaftale, kan du altid kontakte os. Vi hj\u00e6lper gerne med [&hellip;]<\/p>\n","protected":false},"author":2,"featured_media":0,"parent":0,"menu_order":0,"comment_status":"closed","ping_status":"closed","template":"elementor_header_footer","meta":{"footnotes":""},"class_list":["post-837","page","type-page","status-publish","hentry"],"yoast_head":"<!-- This site is optimized with the Yoast SEO plugin v27.5 - https:\/\/yoast.com\/product\/yoast-seo-wordpress\/ -->\n<title>Driller din IT? Kontakt os i dag | TS Computer<\/title>\n<meta name=\"description\" content=\"Kontakt os i dag. Vi hj\u00e6lper gerne med alt fra IT-support til skr\u00e6ddersyede l\u00f8sninger. Udfyld formularen eller ring til os.\" \/>\n<meta name=\"robots\" content=\"index, follow, max-snippet:-1, max-image-preview:large, max-video-preview:-1\" \/>\n<link rel=\"canonical\" href=\"https:\/\/tscomputer.dk\/de\/kontakt\/\" \/>\n<meta property=\"og:locale\" content=\"de_DE\" \/>\n<meta property=\"og:type\" content=\"article\" \/>\n<meta property=\"og:title\" content=\"Driller din IT? Kontakt os i dag | TS Computer\" \/>\n<meta property=\"og:description\" content=\"Kontakt os i dag. Vi hj\u00e6lper gerne med alt fra IT-support til skr\u00e6ddersyede l\u00f8sninger. Udfyld formularen eller ring til os.\" \/>\n<meta property=\"og:url\" content=\"https:\/\/tscomputer.dk\/de\/kontakt\/\" \/>\n<meta property=\"og:site_name\" content=\"TS Computer\" \/>\n<meta property=\"article:modified_time\" content=\"2025-12-23T21:48:42+00:00\" \/>\n<meta property=\"og:image\" content=\"https:\/\/tscomputer.dk\/wp-content\/uploads\/2025\/09\/TSC_billede2-Kontaktformular.png\" \/>\n<meta name=\"twitter:card\" content=\"summary_large_image\" \/>\n<meta name=\"twitter:label1\" content=\"Gesch\u00e4tzte Lesezeit\" \/>\n\t<meta name=\"twitter:data1\" content=\"3\u00a0Minuten\" \/>\n<script type=\"application\/ld+json\" class=\"yoast-schema-graph\">{\"@context\":\"https:\\\/\\\/schema.org\",\"@graph\":[{\"@type\":\"WebPage\",\"@id\":\"https:\\\/\\\/tscomputer.dk\\\/kontakt\\\/\",\"url\":\"https:\\\/\\\/tscomputer.dk\\\/kontakt\\\/\",\"name\":\"Driller din IT? Kontakt os i dag | TS Computer\",\"isPartOf\":{\"@id\":\"https:\\\/\\\/tscomputer.dk\\\/#website\"},\"primaryImageOfPage\":{\"@id\":\"https:\\\/\\\/tscomputer.dk\\\/kontakt\\\/#primaryimage\"},\"image\":{\"@id\":\"https:\\\/\\\/tscomputer.dk\\\/kontakt\\\/#primaryimage\"},\"thumbnailUrl\":\"https:\\\/\\\/tscomputer.dk\\\/wp-content\\\/uploads\\\/2025\\\/09\\\/TSC_billede2-Kontaktformular.png\",\"datePublished\":\"2021-09-04T15:17:35+00:00\",\"dateModified\":\"2025-12-23T21:48:42+00:00\",\"description\":\"Kontakt os i dag. Vi hj\u00e6lper gerne med alt fra IT-support til skr\u00e6ddersyede l\u00f8sninger. Udfyld formularen eller ring til os.\",\"inLanguage\":\"de\",\"potentialAction\":[{\"@type\":\"ReadAction\",\"target\":[\"https:\\\/\\\/tscomputer.dk\\\/kontakt\\\/\"]}]},{\"@type\":\"ImageObject\",\"inLanguage\":\"de\",\"@id\":\"https:\\\/\\\/tscomputer.dk\\\/kontakt\\\/#primaryimage\",\"url\":\"https:\\\/\\\/tscomputer.dk\\\/wp-content\\\/uploads\\\/2025\\\/09\\\/TSC_billede2-Kontaktformular.png\",\"contentUrl\":\"https:\\\/\\\/tscomputer.dk\\\/wp-content\\\/uploads\\\/2025\\\/09\\\/TSC_billede2-Kontaktformular.png\"},{\"@type\":\"WebSite\",\"@id\":\"https:\\\/\\\/tscomputer.dk\\\/#website\",\"url\":\"https:\\\/\\\/tscomputer.dk\\\/\",\"name\":\"TS Computer\",\"description\":\"Din personlige IT-Leverand\u00f8r\",\"publisher\":{\"@id\":\"https:\\\/\\\/tscomputer.dk\\\/#organization\"},\"potentialAction\":[{\"@type\":\"SearchAction\",\"target\":{\"@type\":\"EntryPoint\",\"urlTemplate\":\"https:\\\/\\\/tscomputer.dk\\\/?s={search_term_string}\"},\"query-input\":{\"@type\":\"PropertyValueSpecification\",\"valueRequired\":true,\"valueName\":\"search_term_string\"}}],\"inLanguage\":\"de\"},{\"@type\":\"Organization\",\"@id\":\"https:\\\/\\\/tscomputer.dk\\\/#organization\",\"name\":\"TS Computer\",\"url\":\"https:\\\/\\\/tscomputer.dk\\\/\",\"logo\":{\"@type\":\"ImageObject\",\"inLanguage\":\"de\",\"@id\":\"https:\\\/\\\/tscomputer.dk\\\/#\\\/schema\\\/logo\\\/image\\\/\",\"url\":\"https:\\\/\\\/tscomputer.dk\\\/wp-content\\\/uploads\\\/2021\\\/09\\\/midligeretidige-logo.png\",\"contentUrl\":\"https:\\\/\\\/tscomputer.dk\\\/wp-content\\\/uploads\\\/2021\\\/09\\\/midligeretidige-logo.png\",\"width\":202,\"height\":52,\"caption\":\"TS Computer\"},\"image\":{\"@id\":\"https:\\\/\\\/tscomputer.dk\\\/#\\\/schema\\\/logo\\\/image\\\/\"}}]}<\/script>\n<!-- \/ Yoast SEO plugin. -->","yoast_head_json":{"title":"Driller din IT? Kontakt os i dag | TS Computer","description":"Kontakt os i dag. Vi hj\u00e6lper gerne med alt fra IT-support til skr\u00e6ddersyede l\u00f8sninger. Udfyld formularen eller ring til os.","robots":{"index":"index","follow":"follow","max-snippet":"max-snippet:-1","max-image-preview":"max-image-preview:large","max-video-preview":"max-video-preview:-1"},"canonical":"https:\/\/tscomputer.dk\/de\/kontakt\/","og_locale":"de_DE","og_type":"article","og_title":"Driller din IT? Kontakt os i dag | TS Computer","og_description":"Kontakt os i dag. Vi hj\u00e6lper gerne med alt fra IT-support til skr\u00e6ddersyede l\u00f8sninger. Udfyld formularen eller ring til os.","og_url":"https:\/\/tscomputer.dk\/de\/kontakt\/","og_site_name":"TS Computer","article_modified_time":"2025-12-23T21:48:42+00:00","og_image":[{"url":"https:\/\/tscomputer.dk\/wp-content\/uploads\/2025\/09\/TSC_billede2-Kontaktformular.png","type":"","width":"","height":""}],"twitter_card":"summary_large_image","twitter_misc":{"Gesch\u00e4tzte Lesezeit":"3\u00a0Minuten"},"schema":{"@context":"https:\/\/schema.org","@graph":[{"@type":"WebPage","@id":"https:\/\/tscomputer.dk\/kontakt\/","url":"https:\/\/tscomputer.dk\/kontakt\/","name":"Driller din IT? Kontakt os i dag | TS Computer","isPartOf":{"@id":"https:\/\/tscomputer.dk\/#website"},"primaryImageOfPage":{"@id":"https:\/\/tscomputer.dk\/kontakt\/#primaryimage"},"image":{"@id":"https:\/\/tscomputer.dk\/kontakt\/#primaryimage"},"thumbnailUrl":"https:\/\/tscomputer.dk\/wp-content\/uploads\/2025\/09\/TSC_billede2-Kontaktformular.png","datePublished":"2021-09-04T15:17:35+00:00","dateModified":"2025-12-23T21:48:42+00:00","description":"Kontakt os i dag. Vi hj\u00e6lper gerne med alt fra IT-support til skr\u00e6ddersyede l\u00f8sninger. Udfyld formularen eller ring til os.","inLanguage":"de","potentialAction":[{"@type":"ReadAction","target":["https:\/\/tscomputer.dk\/kontakt\/"]}]},{"@type":"ImageObject","inLanguage":"de","@id":"https:\/\/tscomputer.dk\/kontakt\/#primaryimage","url":"https:\/\/tscomputer.dk\/wp-content\/uploads\/2025\/09\/TSC_billede2-Kontaktformular.png","contentUrl":"https:\/\/tscomputer.dk\/wp-content\/uploads\/2025\/09\/TSC_billede2-Kontaktformular.png"},{"@type":"WebSite","@id":"https:\/\/tscomputer.dk\/#website","url":"https:\/\/tscomputer.dk\/","name":"TS Computer","description":"Din personlige IT-Leverand\u00f8r","publisher":{"@id":"https:\/\/tscomputer.dk\/#organization"},"potentialAction":[{"@type":"SearchAction","target":{"@type":"EntryPoint","urlTemplate":"https:\/\/tscomputer.dk\/?s={search_term_string}"},"query-input":{"@type":"PropertyValueSpecification","valueRequired":true,"valueName":"search_term_string"}}],"inLanguage":"de"},{"@type":"Organization","@id":"https:\/\/tscomputer.dk\/#organization","name":"TS Computer","url":"https:\/\/tscomputer.dk\/","logo":{"@type":"ImageObject","inLanguage":"de","@id":"https:\/\/tscomputer.dk\/#\/schema\/logo\/image\/","url":"https:\/\/tscomputer.dk\/wp-content\/uploads\/2021\/09\/midligeretidige-logo.png","contentUrl":"https:\/\/tscomputer.dk\/wp-content\/uploads\/2021\/09\/midligeretidige-logo.png","width":202,"height":52,"caption":"TS Computer"},"image":{"@id":"https:\/\/tscomputer.dk\/#\/schema\/logo\/image\/"}}]}},"_links":{"self":[{"href":"https:\/\/tscomputer.dk\/de\/wp-json\/wp\/v2\/pages\/837","targetHints":{"allow":["GET"]}}],"collection":[{"href":"https:\/\/tscomputer.dk\/de\/wp-json\/wp\/v2\/pages"}],"about":[{"href":"https:\/\/tscomputer.dk\/de\/wp-json\/wp\/v2\/types\/page"}],"author":[{"embeddable":true,"href":"https:\/\/tscomputer.dk\/de\/wp-json\/wp\/v2\/users\/2"}],"replies":[{"embeddable":true,"href":"https:\/\/tscomputer.dk\/de\/wp-json\/wp\/v2\/comments?post=837"}],"version-history":[{"count":301,"href":"https:\/\/tscomputer.dk\/de\/wp-json\/wp\/v2\/pages\/837\/revisions"}],"predecessor-version":[{"id":6702,"href":"https:\/\/tscomputer.dk\/de\/wp-json\/wp\/v2\/pages\/837\/revisions\/6702"}],"wp:attachment":[{"href":"https:\/\/tscomputer.dk\/de\/wp-json\/wp\/v2\/media?parent=837"}],"curies":[{"name":"wp","href":"https:\/\/api.w.org\/{rel}","templated":true}]}}